{"id":5161,"date":"2021-04-16T09:13:22","date_gmt":"2021-04-16T07:13:22","guid":{"rendered":"https:\/\/nicolasvonburg.com\/?post_type=product&#038;p=5161"},"modified":"2023-03-28T10:23:28","modified_gmt":"2023-03-28T08:23:28","slug":"supervision-des-coaches","status":"publish","type":"product","link":"https:\/\/www.youniting.ch\/en\/product\/supervision-des-coaches\/","title":{"rendered":"Supervision des coaches"},"content":{"rendered":"<p><strong>La supervision des Coaches<\/strong><\/p>\n<p>La supervision des Coaches et Pr\u00e9parateurs mentaux offre un merveilleux espace de r\u00e9flexion sur son activit\u00e9. Elle permet notamment de d\u00e9velopper une profonde compr\u00e9hension des difficult\u00e9s et points aveugles v\u00e9cus dans ses accompagnements en coaching et pr\u00e9paration mentale, de partager des apprentissages, de continuer \u00e0 d\u00e9velopper la maturit\u00e9 de son \u00e9thique du m\u00e9tier, de d\u00e9velopper sa client\u00e8le, de c\u00e9l\u00e9brer joies et succ\u00e8s \u2026 et beaucoup plus encore.<\/p>\n<p><strong>Les b\u00e9n\u00e9fices de la supervision<\/strong><\/p>\n<p><em>Pour les leaders, managers &amp; organisations<\/em><\/p>\n<ul>\n<li>B\u00e9n\u00e9ficier d\u2019un espace de ressourcement, apprentissage et prise de recul.<\/li>\n<li>Davantage de clart\u00e9 sur les situations professionnelles et relationnelles.<\/li>\n<li>Une focalisation mentale et \u00e9motionnelle d\u00e9tendue sur les actions \u00e0 venir.<\/li>\n<li>Moins de conflits personnels et interpersonnels.<\/li>\n<li>Davantage de proactivit\u00e9.<\/li>\n<li>Le ressenti d\u2019un alignement int\u00e9rieur.<\/li>\n<li>Des leaders &amp; managers align\u00e9s avec les multiples besoins et le d\u00e9veloppement de l\u2019organisation.<\/li>\n<li>Une meilleure performance des leaders &amp; managers; de meilleurs r\u00e9sultats.<\/li>\n<li>Une participation au bien-\u00eatre au travail des leaders &amp; managers.<\/li>\n<\/ul>\n<p>&nbsp;<\/p>\n<p><em>Pour les coaches &amp; pr\u00e9parateurs mentaux<\/em><\/p>\n<ul>\n<li>B\u00e9n\u00e9ficier d\u2019un espace de ressourcement, apprentissage et prise de recul.<\/li>\n<li>Davantage de clart\u00e9 sur les situations de coaching qui ont pu \u00eatre un d\u00e9fi.<\/li>\n<li>D\u00e9velopper sa finesse d\u2019action en coaching et pr\u00e9paration mentale.<\/li>\n<li>D\u00e9veloppement de sa client\u00e8le facilit\u00e9.<\/li>\n<li>Le respect du code d\u00e9ontologique du coaching.<\/li>\n<li>D\u00e9velopper sa m\u00e9ta-position, sa conscience et ses comp\u00e9tences.<\/li>\n<li>Partager les difficult\u00e9s de son m\u00e9tier et les transformer.<\/li>\n<li>Se ressourcer et recharger ses batteries \u00e9nerg\u00e9tiques.<\/li>\n<li>Clarifier son identit\u00e9 professionnelle et l\u2019incarner.<\/li>\n<li>Installer son superviseur interne.<\/li>\n<\/ul>","protected":false},"excerpt":{"rendered":"<p>Route de St-Julien 80, 1212 Grand-Lancy<\/p>","protected":false},"featured_media":2665,"template":"","meta":[],"product_brand":[],"product_cat":[31],"product_tag":[],"class_list":{"0":"post-5161","1":"product","2":"type-product","3":"status-publish","4":"has-post-thumbnail","6":"product_cat-non-classe","8":"first","9":"instock","10":"taxable","11":"shipping-taxable","12":"purchasable","13":"product-type-variable"},"yoast_head":"<!-- This site is optimized with the Yoast SEO plugin v27.1.1 - https:\/\/yoast.com\/product\/yoast-seo-wordpress\/ -->\n<title>Supervision des coaches - Youniting<\/title>\n<meta name=\"robots\" content=\"index, follow, max-snippet:-1, max-image-preview:large, max-video-preview:-1\" \/>\n<link rel=\"canonical\" href=\"https:\/\/www.youniting.ch\/en\/product\/supervision-des-coaches\/\" \/>\n<meta property=\"og:locale\" content=\"en_US\" \/>\n<meta property=\"og:type\" content=\"article\" \/>\n<meta property=\"og:title\" content=\"Supervision des coaches - Youniting\" \/>\n<meta property=\"og:description\" content=\"Route de St-Julien 80, 1212 Grand-Lancy\" \/>\n<meta property=\"og:url\" content=\"https:\/\/www.youniting.ch\/en\/product\/supervision-des-coaches\/\" \/>\n<meta property=\"og:site_name\" content=\"Youniting\" \/>\n<meta property=\"article:modified_time\" content=\"2023-03-28T08:23:28+00:00\" \/>\n<meta property=\"og:image\" content=\"https:\/\/www.youniting.ch\/wp-content\/uploads\/2020\/10\/iStock_000055710738_Full-scaled.jpg\" \/>\n\t<meta property=\"og:image:width\" content=\"2010\" \/>\n\t<meta property=\"og:image:height\" content=\"2560\" \/>\n\t<meta property=\"og:image:type\" content=\"image\/jpeg\" \/>\n<meta name=\"twitter:card\" content=\"summary_large_image\" \/>\n<meta name=\"twitter:label1\" content=\"Est. reading time\" \/>\n\t<meta name=\"twitter:data1\" content=\"2 minutes\" \/>\n<script type=\"application\/ld+json\" class=\"yoast-schema-graph\">{\"@context\":\"https:\/\/schema.org\",\"@graph\":[{\"@type\":\"WebPage\",\"@id\":\"https:\/\/www.youniting.ch\/produit\/supervision-des-coaches\/\",\"url\":\"https:\/\/www.youniting.ch\/produit\/supervision-des-coaches\/\",\"name\":\"Supervision des coaches - Youniting\",\"isPartOf\":{\"@id\":\"https:\/\/www.youniting.ch\/#website\"},\"primaryImageOfPage\":{\"@id\":\"https:\/\/www.youniting.ch\/produit\/supervision-des-coaches\/#primaryimage\"},\"image\":{\"@id\":\"https:\/\/www.youniting.ch\/produit\/supervision-des-coaches\/#primaryimage\"},\"thumbnailUrl\":\"https:\/\/www.youniting.ch\/wp-content\/uploads\/2020\/10\/iStock_000055710738_Full-scaled.jpg\",\"datePublished\":\"2021-04-16T07:13:22+00:00\",\"dateModified\":\"2023-03-28T08:23:28+00:00\",\"breadcrumb\":{\"@id\":\"https:\/\/www.youniting.ch\/produit\/supervision-des-coaches\/#breadcrumb\"},\"inLanguage\":\"en-US\",\"potentialAction\":[{\"@type\":\"ReadAction\",\"target\":[\"https:\/\/www.youniting.ch\/produit\/supervision-des-coaches\/\"]}]},{\"@type\":\"ImageObject\",\"inLanguage\":\"en-US\",\"@id\":\"https:\/\/www.youniting.ch\/produit\/supervision-des-coaches\/#primaryimage\",\"url\":\"https:\/\/www.youniting.ch\/wp-content\/uploads\/2020\/10\/iStock_000055710738_Full-scaled.jpg\",\"contentUrl\":\"https:\/\/www.youniting.ch\/wp-content\/uploads\/2020\/10\/iStock_000055710738_Full-scaled.jpg\",\"width\":2010,\"height\":2560,\"caption\":\"A hand and it's reflection pressed against glass\"},{\"@type\":\"BreadcrumbList\",\"@id\":\"https:\/\/www.youniting.ch\/produit\/supervision-des-coaches\/#breadcrumb\",\"itemListElement\":[{\"@type\":\"ListItem\",\"position\":1,\"name\":\"Accueil\",\"item\":\"https:\/\/www.youniting.ch\/\"},{\"@type\":\"ListItem\",\"position\":2,\"name\":\"Produits\",\"item\":\"https:\/\/www.youniting.ch\/shop\/\"},{\"@type\":\"ListItem\",\"position\":3,\"name\":\"Supervision des coaches\"}]},{\"@type\":\"WebSite\",\"@id\":\"https:\/\/www.youniting.ch\/#website\",\"url\":\"https:\/\/www.youniting.ch\/\",\"name\":\"Youniting\",\"description\":\"l&#039;Art de vivre Youniting\",\"publisher\":{\"@id\":\"https:\/\/www.youniting.ch\/#organization\"},\"potentialAction\":[{\"@type\":\"SearchAction\",\"target\":{\"@type\":\"EntryPoint\",\"urlTemplate\":\"https:\/\/www.youniting.ch\/?s={search_term_string}\"},\"query-input\":{\"@type\":\"PropertyValueSpecification\",\"valueRequired\":true,\"valueName\":\"search_term_string\"}}],\"inLanguage\":\"en-US\"},{\"@type\":\"Organization\",\"@id\":\"https:\/\/www.youniting.ch\/#organization\",\"name\":\"Youniting\",\"url\":\"https:\/\/www.youniting.ch\/\",\"logo\":{\"@type\":\"ImageObject\",\"inLanguage\":\"en-US\",\"@id\":\"https:\/\/www.youniting.ch\/#\/schema\/logo\/image\/\",\"url\":\"https:\/\/www.youniting.ch\/wp-content\/uploads\/2020\/08\/logo-large.png\",\"contentUrl\":\"https:\/\/www.youniting.ch\/wp-content\/uploads\/2020\/08\/logo-large.png\",\"width\":1103,\"height\":446,\"caption\":\"Youniting\"},\"image\":{\"@id\":\"https:\/\/www.youniting.ch\/#\/schema\/logo\/image\/\"}}]}<\/script>\n<!-- \/ Yoast SEO plugin. -->","yoast_head_json":{"title":"Supervision des coaches - Youniting","robots":{"index":"index","follow":"follow","max-snippet":"max-snippet:-1","max-image-preview":"max-image-preview:large","max-video-preview":"max-video-preview:-1"},"canonical":"https:\/\/www.youniting.ch\/en\/product\/supervision-des-coaches\/","og_locale":"en_US","og_type":"article","og_title":"Supervision des coaches - Youniting","og_description":"Route de St-Julien 80, 1212 Grand-Lancy","og_url":"https:\/\/www.youniting.ch\/en\/product\/supervision-des-coaches\/","og_site_name":"Youniting","article_modified_time":"2023-03-28T08:23:28+00:00","og_image":[{"width":2010,"height":2560,"url":"https:\/\/www.youniting.ch\/wp-content\/uploads\/2020\/10\/iStock_000055710738_Full-scaled.jpg","type":"image\/jpeg"}],"twitter_card":"summary_large_image","twitter_misc":{"Est. reading time":"2 minutes"},"schema":{"@context":"https:\/\/schema.org","@graph":[{"@type":"WebPage","@id":"https:\/\/www.youniting.ch\/produit\/supervision-des-coaches\/","url":"https:\/\/www.youniting.ch\/produit\/supervision-des-coaches\/","name":"Supervision des coaches - Youniting","isPartOf":{"@id":"https:\/\/www.youniting.ch\/#website"},"primaryImageOfPage":{"@id":"https:\/\/www.youniting.ch\/produit\/supervision-des-coaches\/#primaryimage"},"image":{"@id":"https:\/\/www.youniting.ch\/produit\/supervision-des-coaches\/#primaryimage"},"thumbnailUrl":"https:\/\/www.youniting.ch\/wp-content\/uploads\/2020\/10\/iStock_000055710738_Full-scaled.jpg","datePublished":"2021-04-16T07:13:22+00:00","dateModified":"2023-03-28T08:23:28+00:00","breadcrumb":{"@id":"https:\/\/www.youniting.ch\/produit\/supervision-des-coaches\/#breadcrumb"},"inLanguage":"en-US","potentialAction":[{"@type":"ReadAction","target":["https:\/\/www.youniting.ch\/produit\/supervision-des-coaches\/"]}]},{"@type":"ImageObject","inLanguage":"en-US","@id":"https:\/\/www.youniting.ch\/produit\/supervision-des-coaches\/#primaryimage","url":"https:\/\/www.youniting.ch\/wp-content\/uploads\/2020\/10\/iStock_000055710738_Full-scaled.jpg","contentUrl":"https:\/\/www.youniting.ch\/wp-content\/uploads\/2020\/10\/iStock_000055710738_Full-scaled.jpg","width":2010,"height":2560,"caption":"A hand and it's reflection pressed against glass"},{"@type":"BreadcrumbList","@id":"https:\/\/www.youniting.ch\/produit\/supervision-des-coaches\/#breadcrumb","itemListElement":[{"@type":"ListItem","position":1,"name":"Accueil","item":"https:\/\/www.youniting.ch\/"},{"@type":"ListItem","position":2,"name":"Produits","item":"https:\/\/www.youniting.ch\/shop\/"},{"@type":"ListItem","position":3,"name":"Supervision des coaches"}]},{"@type":"WebSite","@id":"https:\/\/www.youniting.ch\/#website","url":"https:\/\/www.youniting.ch\/","name":"Youniting","description":"l&#039;Art de vivre Youniting","publisher":{"@id":"https:\/\/www.youniting.ch\/#organization"},"potentialAction":[{"@type":"SearchAction","target":{"@type":"EntryPoint","urlTemplate":"https:\/\/www.youniting.ch\/?s={search_term_string}"},"query-input":{"@type":"PropertyValueSpecification","valueRequired":true,"valueName":"search_term_string"}}],"inLanguage":"en-US"},{"@type":"Organization","@id":"https:\/\/www.youniting.ch\/#organization","name":"Youniting","url":"https:\/\/www.youniting.ch\/","logo":{"@type":"ImageObject","inLanguage":"en-US","@id":"https:\/\/www.youniting.ch\/#\/schema\/logo\/image\/","url":"https:\/\/www.youniting.ch\/wp-content\/uploads\/2020\/08\/logo-large.png","contentUrl":"https:\/\/www.youniting.ch\/wp-content\/uploads\/2020\/08\/logo-large.png","width":1103,"height":446,"caption":"Youniting"},"image":{"@id":"https:\/\/www.youniting.ch\/#\/schema\/logo\/image\/"}}]}},"_links":{"self":[{"href":"https:\/\/www.youniting.ch\/en\/wp-json\/wp\/v2\/product\/5161","targetHints":{"allow":["GET"]}}],"collection":[{"href":"https:\/\/www.youniting.ch\/en\/wp-json\/wp\/v2\/product"}],"about":[{"href":"https:\/\/www.youniting.ch\/en\/wp-json\/wp\/v2\/types\/product"}],"version-history":[{"count":5,"href":"https:\/\/www.youniting.ch\/en\/wp-json\/wp\/v2\/product\/5161\/revisions"}],"predecessor-version":[{"id":13285,"href":"https:\/\/www.youniting.ch\/en\/wp-json\/wp\/v2\/product\/5161\/revisions\/13285"}],"wp:featuredmedia":[{"embeddable":true,"href":"https:\/\/www.youniting.ch\/en\/wp-json\/wp\/v2\/media\/2665"}],"wp:attachment":[{"href":"https:\/\/www.youniting.ch\/en\/wp-json\/wp\/v2\/media?parent=5161"}],"wp:term":[{"taxonomy":"product_brand","embeddable":true,"href":"https:\/\/www.youniting.ch\/en\/wp-json\/wp\/v2\/product_brand?post=5161"},{"taxonomy":"product_cat","embeddable":true,"href":"https:\/\/www.youniting.ch\/en\/wp-json\/wp\/v2\/product_cat?post=5161"},{"taxonomy":"product_tag","embeddable":true,"href":"https:\/\/www.youniting.ch\/en\/wp-json\/wp\/v2\/product_tag?post=5161"}],"curies":[{"name":"wp","href":"https:\/\/api.w.org\/{rel}","templated":true}]}}