{"id":5035,"date":"2021-04-15T08:41:16","date_gmt":"2021-04-15T06:41:16","guid":{"rendered":"https:\/\/nicolasvonburg.com\/?post_type=product&#038;p=5035"},"modified":"2026-03-07T21:40:21","modified_gmt":"2026-03-07T20:40:21","slug":"coaching-preparation-mentale","status":"publish","type":"product","link":"https:\/\/www.youniting.ch\/en\/product\/coaching-preparation-mentale\/","title":{"rendered":"Coaching et Pr\u00e9paration mentale"},"content":{"rendered":"<p><strong>B\u00e9n\u00e9fices attendus<\/strong><\/p>\n<ul>\n<li>D\u00e9velopper la force mentale du sportif.<\/li>\n<li>D\u00e9finir des objectifs de mani\u00e8re efficace.<\/li>\n<li>Conna\u00eetre les cl\u00e9s du feed back pour nourrir la confiance en soi.<\/li>\n<li>Avoir des outils de pr\u00e9paration mentale pour faire progresser le sportif \u00e0 chaque match et entra\u00eenement quels que soient les r\u00e9sultats.<\/li>\n<li>Conna\u00eetre et savoir utiliser des outils simples de gestion \u00e9motionnelle.<\/li>\n<li>Conna\u00eetre et savoir utiliser des outils simples de visualisation.<\/li>\n<\/ul>\n<p><strong>Dynamique p\u00e9dagogique<\/strong><\/p>\n<p>Ce workshop se d\u00e9roule en salle, alternant th\u00e9orie et pratique. Le temps de formation est divis\u00e9 en trois parties : 1\/3 d\u2019explications th\u00e9oriques, 1\/3 de d\u00e9monstrations des diff\u00e9rents outils propos\u00e9s et 1\/3 d\u2019exercices pratiques durant lesquels les stagiaires re\u00e7oivent du feed back de la part du formateur.<\/p>\n<p><strong>Programme p\u00e9dagogique<\/strong><\/p>\n<ul>\n<li>Les mod\u00e8les de base de la pr\u00e9paration mentale.<\/li>\n<li>Les deux piliers de la force mentale.<\/li>\n<li>La strat\u00e9gie infinie.<\/li>\n<li>La performance et le r\u00e9sultat.<\/li>\n<li>Le mod\u00e8le \u00ab mercedes \u00bb syst\u00e9mique.<\/li>\n<li>La confiance de soi et l\u2019estime de soi.<\/li>\n<li>La r\u00e9f\u00e9rence interne de la performance.<\/li>\n<li>La d\u00e9termination d\u2019objectifs.<\/li>\n<li>La gestion des espaces \u00ab entre \u00bb.<\/li>\n<li>Le stress de performance.<\/li>\n<li>Communiquer pour pr\u00e9parer le sportif mentalement.<\/li>\n<li>Association et dissociation.<\/li>\n<li>Se mettre dans des \u00e9motions fortes \u00e0 volont\u00e9.<\/li>\n<li>Apprentissage technique par visualisation.<\/li>\n<li>Feed back et partage.<\/li>\n<li>Processus de pr\u00e9paration mentale en cinq s\u00e9ances.<\/li>\n<li>Ce workshop initial est un pr\u00e9-requis \u00e0 la formation<\/li>\n<\/ul>","protected":false},"excerpt":{"rendered":"<p>Route de St-Julien 80, 1212 Grand-Lancy<\/p>","protected":false},"featured_media":2662,"template":"","meta":[],"product_brand":[],"product_cat":[31],"product_tag":[],"class_list":{"0":"post-5035","1":"product","2":"type-product","3":"status-publish","4":"has-post-thumbnail","6":"product_cat-non-classe","8":"first","9":"instock","10":"taxable","11":"shipping-taxable","12":"purchasable","13":"product-type-variable"},"yoast_head":"<!-- This site is optimized with the Yoast SEO plugin v27.1.1 - https:\/\/yoast.com\/product\/yoast-seo-wordpress\/ -->\n<title>Coaching et Pr\u00e9paration mentale - Youniting<\/title>\n<meta name=\"robots\" content=\"index, follow, max-snippet:-1, max-image-preview:large, max-video-preview:-1\" \/>\n<link rel=\"canonical\" href=\"https:\/\/www.youniting.ch\/en\/product\/coaching-preparation-mentale\/\" \/>\n<meta property=\"og:locale\" content=\"en_US\" \/>\n<meta property=\"og:type\" content=\"article\" \/>\n<meta property=\"og:title\" content=\"Coaching et Pr\u00e9paration mentale - Youniting\" \/>\n<meta property=\"og:description\" content=\"Route de St-Julien 80, 1212 Grand-Lancy\" \/>\n<meta property=\"og:url\" content=\"https:\/\/www.youniting.ch\/en\/product\/coaching-preparation-mentale\/\" \/>\n<meta property=\"og:site_name\" content=\"Youniting\" \/>\n<meta property=\"article:modified_time\" content=\"2026-03-07T20:40:21+00:00\" \/>\n<meta property=\"og:image\" content=\"https:\/\/www.youniting.ch\/wp-content\/uploads\/2020\/10\/dv484005_75.jpg\" \/>\n\t<meta property=\"og:image:width\" content=\"1259\" \/>\n\t<meta property=\"og:image:height\" content=\"834\" \/>\n\t<meta property=\"og:image:type\" content=\"image\/jpeg\" \/>\n<meta name=\"twitter:card\" content=\"summary_large_image\" \/>\n<meta name=\"twitter:label1\" content=\"Est. reading time\" \/>\n\t<meta name=\"twitter:data1\" content=\"2 minutes\" \/>\n<script type=\"application\/ld+json\" class=\"yoast-schema-graph\">{\"@context\":\"https:\/\/schema.org\",\"@graph\":[{\"@type\":\"WebPage\",\"@id\":\"https:\/\/www.youniting.ch\/produit\/coaching-preparation-mentale\/\",\"url\":\"https:\/\/www.youniting.ch\/produit\/coaching-preparation-mentale\/\",\"name\":\"Coaching et Pr\u00e9paration mentale - Youniting\",\"isPartOf\":{\"@id\":\"https:\/\/www.youniting.ch\/#website\"},\"primaryImageOfPage\":{\"@id\":\"https:\/\/www.youniting.ch\/produit\/coaching-preparation-mentale\/#primaryimage\"},\"image\":{\"@id\":\"https:\/\/www.youniting.ch\/produit\/coaching-preparation-mentale\/#primaryimage\"},\"thumbnailUrl\":\"https:\/\/www.youniting.ch\/wp-content\/uploads\/2020\/10\/dv484005_75.jpg\",\"datePublished\":\"2021-04-15T06:41:16+00:00\",\"dateModified\":\"2026-03-07T20:40:21+00:00\",\"breadcrumb\":{\"@id\":\"https:\/\/www.youniting.ch\/produit\/coaching-preparation-mentale\/#breadcrumb\"},\"inLanguage\":\"en-US\",\"potentialAction\":[{\"@type\":\"ReadAction\",\"target\":[\"https:\/\/www.youniting.ch\/produit\/coaching-preparation-mentale\/\"]}]},{\"@type\":\"ImageObject\",\"inLanguage\":\"en-US\",\"@id\":\"https:\/\/www.youniting.ch\/produit\/coaching-preparation-mentale\/#primaryimage\",\"url\":\"https:\/\/www.youniting.ch\/wp-content\/uploads\/2020\/10\/dv484005_75.jpg\",\"contentUrl\":\"https:\/\/www.youniting.ch\/wp-content\/uploads\/2020\/10\/dv484005_75.jpg\",\"width\":1259,\"height\":834,\"caption\":\"Profile of runner\"},{\"@type\":\"BreadcrumbList\",\"@id\":\"https:\/\/www.youniting.ch\/produit\/coaching-preparation-mentale\/#breadcrumb\",\"itemListElement\":[{\"@type\":\"ListItem\",\"position\":1,\"name\":\"Accueil\",\"item\":\"https:\/\/www.youniting.ch\/\"},{\"@type\":\"ListItem\",\"position\":2,\"name\":\"Produits\",\"item\":\"https:\/\/www.youniting.ch\/shop\/\"},{\"@type\":\"ListItem\",\"position\":3,\"name\":\"Coaching et Pr\u00e9paration mentale\"}]},{\"@type\":\"WebSite\",\"@id\":\"https:\/\/www.youniting.ch\/#website\",\"url\":\"https:\/\/www.youniting.ch\/\",\"name\":\"Youniting\",\"description\":\"l&#039;Art de vivre Youniting\",\"publisher\":{\"@id\":\"https:\/\/www.youniting.ch\/#organization\"},\"potentialAction\":[{\"@type\":\"SearchAction\",\"target\":{\"@type\":\"EntryPoint\",\"urlTemplate\":\"https:\/\/www.youniting.ch\/?s={search_term_string}\"},\"query-input\":{\"@type\":\"PropertyValueSpecification\",\"valueRequired\":true,\"valueName\":\"search_term_string\"}}],\"inLanguage\":\"en-US\"},{\"@type\":\"Organization\",\"@id\":\"https:\/\/www.youniting.ch\/#organization\",\"name\":\"Youniting\",\"url\":\"https:\/\/www.youniting.ch\/\",\"logo\":{\"@type\":\"ImageObject\",\"inLanguage\":\"en-US\",\"@id\":\"https:\/\/www.youniting.ch\/#\/schema\/logo\/image\/\",\"url\":\"https:\/\/www.youniting.ch\/wp-content\/uploads\/2020\/08\/logo-large.png\",\"contentUrl\":\"https:\/\/www.youniting.ch\/wp-content\/uploads\/2020\/08\/logo-large.png\",\"width\":1103,\"height\":446,\"caption\":\"Youniting\"},\"image\":{\"@id\":\"https:\/\/www.youniting.ch\/#\/schema\/logo\/image\/\"}}]}<\/script>\n<!-- \/ Yoast SEO plugin. -->","yoast_head_json":{"title":"Coaching et Pr\u00e9paration mentale - Youniting","robots":{"index":"index","follow":"follow","max-snippet":"max-snippet:-1","max-image-preview":"max-image-preview:large","max-video-preview":"max-video-preview:-1"},"canonical":"https:\/\/www.youniting.ch\/en\/product\/coaching-preparation-mentale\/","og_locale":"en_US","og_type":"article","og_title":"Coaching et Pr\u00e9paration mentale - Youniting","og_description":"Route de St-Julien 80, 1212 Grand-Lancy","og_url":"https:\/\/www.youniting.ch\/en\/product\/coaching-preparation-mentale\/","og_site_name":"Youniting","article_modified_time":"2026-03-07T20:40:21+00:00","og_image":[{"width":1259,"height":834,"url":"https:\/\/www.youniting.ch\/wp-content\/uploads\/2020\/10\/dv484005_75.jpg","type":"image\/jpeg"}],"twitter_card":"summary_large_image","twitter_misc":{"Est. reading time":"2 minutes"},"schema":{"@context":"https:\/\/schema.org","@graph":[{"@type":"WebPage","@id":"https:\/\/www.youniting.ch\/produit\/coaching-preparation-mentale\/","url":"https:\/\/www.youniting.ch\/produit\/coaching-preparation-mentale\/","name":"Coaching et Pr\u00e9paration mentale - Youniting","isPartOf":{"@id":"https:\/\/www.youniting.ch\/#website"},"primaryImageOfPage":{"@id":"https:\/\/www.youniting.ch\/produit\/coaching-preparation-mentale\/#primaryimage"},"image":{"@id":"https:\/\/www.youniting.ch\/produit\/coaching-preparation-mentale\/#primaryimage"},"thumbnailUrl":"https:\/\/www.youniting.ch\/wp-content\/uploads\/2020\/10\/dv484005_75.jpg","datePublished":"2021-04-15T06:41:16+00:00","dateModified":"2026-03-07T20:40:21+00:00","breadcrumb":{"@id":"https:\/\/www.youniting.ch\/produit\/coaching-preparation-mentale\/#breadcrumb"},"inLanguage":"en-US","potentialAction":[{"@type":"ReadAction","target":["https:\/\/www.youniting.ch\/produit\/coaching-preparation-mentale\/"]}]},{"@type":"ImageObject","inLanguage":"en-US","@id":"https:\/\/www.youniting.ch\/produit\/coaching-preparation-mentale\/#primaryimage","url":"https:\/\/www.youniting.ch\/wp-content\/uploads\/2020\/10\/dv484005_75.jpg","contentUrl":"https:\/\/www.youniting.ch\/wp-content\/uploads\/2020\/10\/dv484005_75.jpg","width":1259,"height":834,"caption":"Profile of runner"},{"@type":"BreadcrumbList","@id":"https:\/\/www.youniting.ch\/produit\/coaching-preparation-mentale\/#breadcrumb","itemListElement":[{"@type":"ListItem","position":1,"name":"Accueil","item":"https:\/\/www.youniting.ch\/"},{"@type":"ListItem","position":2,"name":"Produits","item":"https:\/\/www.youniting.ch\/shop\/"},{"@type":"ListItem","position":3,"name":"Coaching et Pr\u00e9paration mentale"}]},{"@type":"WebSite","@id":"https:\/\/www.youniting.ch\/#website","url":"https:\/\/www.youniting.ch\/","name":"Youniting","description":"l&#039;Art de vivre Youniting","publisher":{"@id":"https:\/\/www.youniting.ch\/#organization"},"potentialAction":[{"@type":"SearchAction","target":{"@type":"EntryPoint","urlTemplate":"https:\/\/www.youniting.ch\/?s={search_term_string}"},"query-input":{"@type":"PropertyValueSpecification","valueRequired":true,"valueName":"search_term_string"}}],"inLanguage":"en-US"},{"@type":"Organization","@id":"https:\/\/www.youniting.ch\/#organization","name":"Youniting","url":"https:\/\/www.youniting.ch\/","logo":{"@type":"ImageObject","inLanguage":"en-US","@id":"https:\/\/www.youniting.ch\/#\/schema\/logo\/image\/","url":"https:\/\/www.youniting.ch\/wp-content\/uploads\/2020\/08\/logo-large.png","contentUrl":"https:\/\/www.youniting.ch\/wp-content\/uploads\/2020\/08\/logo-large.png","width":1103,"height":446,"caption":"Youniting"},"image":{"@id":"https:\/\/www.youniting.ch\/#\/schema\/logo\/image\/"}}]}},"_links":{"self":[{"href":"https:\/\/www.youniting.ch\/en\/wp-json\/wp\/v2\/product\/5035","targetHints":{"allow":["GET"]}}],"collection":[{"href":"https:\/\/www.youniting.ch\/en\/wp-json\/wp\/v2\/product"}],"about":[{"href":"https:\/\/www.youniting.ch\/en\/wp-json\/wp\/v2\/types\/product"}],"version-history":[{"count":7,"href":"https:\/\/www.youniting.ch\/en\/wp-json\/wp\/v2\/product\/5035\/revisions"}],"predecessor-version":[{"id":14919,"href":"https:\/\/www.youniting.ch\/en\/wp-json\/wp\/v2\/product\/5035\/revisions\/14919"}],"wp:featuredmedia":[{"embeddable":true,"href":"https:\/\/www.youniting.ch\/en\/wp-json\/wp\/v2\/media\/2662"}],"wp:attachment":[{"href":"https:\/\/www.youniting.ch\/en\/wp-json\/wp\/v2\/media?parent=5035"}],"wp:term":[{"taxonomy":"product_brand","embeddable":true,"href":"https:\/\/www.youniting.ch\/en\/wp-json\/wp\/v2\/product_brand?post=5035"},{"taxonomy":"product_cat","embeddable":true,"href":"https:\/\/www.youniting.ch\/en\/wp-json\/wp\/v2\/product_cat?post=5035"},{"taxonomy":"product_tag","embeddable":true,"href":"https:\/\/www.youniting.ch\/en\/wp-json\/wp\/v2\/product_tag?post=5035"}],"curies":[{"name":"wp","href":"https:\/\/api.w.org\/{rel}","templated":true}]}}