{"id":5031,"date":"2021-04-15T08:36:29","date_gmt":"2021-04-15T06:36:29","guid":{"rendered":"https:\/\/nicolasvonburg.com\/?post_type=product&#038;p=5031"},"modified":"2026-03-05T14:23:00","modified_gmt":"2026-03-05T13:23:00","slug":"coaching-equipe-et-facilitation","status":"publish","type":"product","link":"https:\/\/www.youniting.ch\/en\/product\/coaching-equipe-et-facilitation\/","title":{"rendered":"Coaching d\u2019\u00e9quipe &#038; facilitation"},"content":{"rendered":"<p><strong>Objectif de la formation<\/strong><\/p>\n<p>Cette formation a pour but de transf\u00e9rer des connaissances et les comp\u00e9tences utilis\u00e9es dans le coaching individuel vers le coaching d\u2019\u00e9quipe, et d\u2019apporter des outils sp\u00e9cialis\u00e9s de gestion d\u2019\u00e9quipes aux managers, aux leaders et aux consultants en Ressources Humaines ainsi qu\u2019aux responsables d\u2019\u00e9quipes dans tous les milieux (organisations, associations, clubs sportifs, etc).<\/p>\n<p>Cette formation permet d\u2019adapter le positionnement de l\u2019intervenant \u00e0 un contexte collectif et d\u2019acqu\u00e9rir une vision syst\u00e9mique des enjeux multiples d\u2019une situation dans une \u00e9quipe ou une organisation professionnelle. Elle fournit des outils innovants pour travailler avec le principe de synergie et l\u2019intelligence collective.<\/p>\n<p><strong>Dynamique p\u00e9dagogique<\/strong><\/p>\n<p>Cette formation fournit des apports th\u00e9oriques solides ainsi que de nombreuses mises en situations pratiques. Les participants ont l\u2019occasion de se mettre en position de Facilitateur, de Coach ou de Consultant d\u2019\u00e9quipe et d\u2019appliquer ce qu\u2019ils apprennent gr\u00e2ce au travail en sous-groupes.<\/p>\n<p><strong>Programme p\u00e9dagogique<\/strong><\/p>\n<ul>\n<li>D\u00e9velopper la coh\u00e9sion, le sens et la synergie dans un groupe.<\/li>\n<li>D\u00e9velopper le sentiment d\u2019appartenance, faciliter la motivation d\u2019\u00e9quipe.<\/li>\n<li>Faciliter des r\u00e9unions structur\u00e9es et des prises de d\u00e9cision efficaces.<\/li>\n<li>Mettre en \u0153uvre des outils simples de dynamique de groupe.<\/li>\n<li>Evaluer le niveau d\u2019affinit\u00e9, de compatibilit\u00e9 et la qualit\u00e9 de la communication dans un groupe.<\/li>\n<li>Utiliser un profil basique pour mettre \u00e0 jour les diff\u00e9rences et les compl\u00e9mentarit\u00e9s.<\/li>\n<li>Rep\u00e9rer les cristallisations et les non-dits, d\u00e9samorcer les conflits.<\/li>\n<li>Reconna\u00eetre et encourager les synergies.<\/li>\n<li>Encourager l\u2019auto-coaching d\u2019une \u00e9quipe.<\/li>\n<li>Accompagner par les valeurs et par le sens.<\/li>\n<li>Construire les fondations d\u2019un environnement \u00e9thique.<\/li>\n<\/ul>","protected":false},"excerpt":{"rendered":"<p>1212 Grand-Lancy<\/p>","protected":false},"featured_media":182,"template":"","meta":[],"product_brand":[],"product_cat":[31],"product_tag":[],"class_list":{"0":"post-5031","1":"product","2":"type-product","3":"status-publish","4":"has-post-thumbnail","6":"product_cat-non-classe","8":"first","9":"instock","10":"taxable","11":"shipping-taxable","12":"purchasable","13":"product-type-variable"},"yoast_head":"<!-- This site is optimized with the Yoast SEO plugin v27.1.1 - https:\/\/yoast.com\/product\/yoast-seo-wordpress\/ -->\n<title>Coaching d\u2019\u00e9quipe &amp; facilitation - Youniting<\/title>\n<meta name=\"robots\" content=\"index, follow, max-snippet:-1, max-image-preview:large, max-video-preview:-1\" \/>\n<link rel=\"canonical\" href=\"https:\/\/www.youniting.ch\/en\/product\/coaching-equipe-et-facilitation\/\" \/>\n<meta property=\"og:locale\" content=\"en_US\" \/>\n<meta property=\"og:type\" content=\"article\" \/>\n<meta property=\"og:title\" content=\"Coaching d\u2019\u00e9quipe &amp; facilitation - Youniting\" \/>\n<meta property=\"og:description\" content=\"1212 Grand-Lancy\" \/>\n<meta property=\"og:url\" content=\"https:\/\/www.youniting.ch\/en\/product\/coaching-equipe-et-facilitation\/\" \/>\n<meta property=\"og:site_name\" content=\"Youniting\" \/>\n<meta property=\"article:modified_time\" content=\"2026-03-05T13:23:00+00:00\" \/>\n<meta property=\"og:image\" content=\"https:\/\/www.youniting.ch\/wp-content\/uploads\/2020\/07\/iStock_000073382761_XXXLarge-min-scaled.jpg\" \/>\n\t<meta property=\"og:image:width\" content=\"2560\" \/>\n\t<meta property=\"og:image:height\" content=\"1707\" \/>\n\t<meta property=\"og:image:type\" content=\"image\/jpeg\" \/>\n<meta name=\"twitter:card\" content=\"summary_large_image\" \/>\n<meta name=\"twitter:label1\" content=\"Est. reading time\" \/>\n\t<meta name=\"twitter:data1\" content=\"2 minutes\" \/>\n<script type=\"application\/ld+json\" class=\"yoast-schema-graph\">{\"@context\":\"https:\/\/schema.org\",\"@graph\":[{\"@type\":\"WebPage\",\"@id\":\"https:\/\/www.youniting.ch\/produit\/coaching-equipe-et-facilitation\/\",\"url\":\"https:\/\/www.youniting.ch\/produit\/coaching-equipe-et-facilitation\/\",\"name\":\"Coaching d\u2019\u00e9quipe & facilitation - Youniting\",\"isPartOf\":{\"@id\":\"https:\/\/www.youniting.ch\/#website\"},\"primaryImageOfPage\":{\"@id\":\"https:\/\/www.youniting.ch\/produit\/coaching-equipe-et-facilitation\/#primaryimage\"},\"image\":{\"@id\":\"https:\/\/www.youniting.ch\/produit\/coaching-equipe-et-facilitation\/#primaryimage\"},\"thumbnailUrl\":\"https:\/\/www.youniting.ch\/wp-content\/uploads\/2020\/07\/iStock_000073382761_XXXLarge-min-scaled.jpg\",\"datePublished\":\"2021-04-15T06:36:29+00:00\",\"dateModified\":\"2026-03-05T13:23:00+00:00\",\"breadcrumb\":{\"@id\":\"https:\/\/www.youniting.ch\/produit\/coaching-equipe-et-facilitation\/#breadcrumb\"},\"inLanguage\":\"en-US\",\"potentialAction\":[{\"@type\":\"ReadAction\",\"target\":[\"https:\/\/www.youniting.ch\/produit\/coaching-equipe-et-facilitation\/\"]}]},{\"@type\":\"ImageObject\",\"inLanguage\":\"en-US\",\"@id\":\"https:\/\/www.youniting.ch\/produit\/coaching-equipe-et-facilitation\/#primaryimage\",\"url\":\"https:\/\/www.youniting.ch\/wp-content\/uploads\/2020\/07\/iStock_000073382761_XXXLarge-min-scaled.jpg\",\"contentUrl\":\"https:\/\/www.youniting.ch\/wp-content\/uploads\/2020\/07\/iStock_000073382761_XXXLarge-min-scaled.jpg\",\"width\":2560,\"height\":1707},{\"@type\":\"BreadcrumbList\",\"@id\":\"https:\/\/www.youniting.ch\/produit\/coaching-equipe-et-facilitation\/#breadcrumb\",\"itemListElement\":[{\"@type\":\"ListItem\",\"position\":1,\"name\":\"Accueil\",\"item\":\"https:\/\/www.youniting.ch\/\"},{\"@type\":\"ListItem\",\"position\":2,\"name\":\"Produits\",\"item\":\"https:\/\/www.youniting.ch\/shop\/\"},{\"@type\":\"ListItem\",\"position\":3,\"name\":\"Coaching d\u2019\u00e9quipe &#038; facilitation\"}]},{\"@type\":\"WebSite\",\"@id\":\"https:\/\/www.youniting.ch\/#website\",\"url\":\"https:\/\/www.youniting.ch\/\",\"name\":\"Youniting\",\"description\":\"l&#039;Art de vivre Youniting\",\"publisher\":{\"@id\":\"https:\/\/www.youniting.ch\/#organization\"},\"potentialAction\":[{\"@type\":\"SearchAction\",\"target\":{\"@type\":\"EntryPoint\",\"urlTemplate\":\"https:\/\/www.youniting.ch\/?s={search_term_string}\"},\"query-input\":{\"@type\":\"PropertyValueSpecification\",\"valueRequired\":true,\"valueName\":\"search_term_string\"}}],\"inLanguage\":\"en-US\"},{\"@type\":\"Organization\",\"@id\":\"https:\/\/www.youniting.ch\/#organization\",\"name\":\"Youniting\",\"url\":\"https:\/\/www.youniting.ch\/\",\"logo\":{\"@type\":\"ImageObject\",\"inLanguage\":\"en-US\",\"@id\":\"https:\/\/www.youniting.ch\/#\/schema\/logo\/image\/\",\"url\":\"https:\/\/www.youniting.ch\/wp-content\/uploads\/2020\/08\/logo-large.png\",\"contentUrl\":\"https:\/\/www.youniting.ch\/wp-content\/uploads\/2020\/08\/logo-large.png\",\"width\":1103,\"height\":446,\"caption\":\"Youniting\"},\"image\":{\"@id\":\"https:\/\/www.youniting.ch\/#\/schema\/logo\/image\/\"}}]}<\/script>\n<!-- \/ Yoast SEO plugin. -->","yoast_head_json":{"title":"Coaching d\u2019\u00e9quipe & facilitation - Youniting","robots":{"index":"index","follow":"follow","max-snippet":"max-snippet:-1","max-image-preview":"max-image-preview:large","max-video-preview":"max-video-preview:-1"},"canonical":"https:\/\/www.youniting.ch\/en\/product\/coaching-equipe-et-facilitation\/","og_locale":"en_US","og_type":"article","og_title":"Coaching d\u2019\u00e9quipe & facilitation - Youniting","og_description":"1212 Grand-Lancy","og_url":"https:\/\/www.youniting.ch\/en\/product\/coaching-equipe-et-facilitation\/","og_site_name":"Youniting","article_modified_time":"2026-03-05T13:23:00+00:00","og_image":[{"width":2560,"height":1707,"url":"https:\/\/www.youniting.ch\/wp-content\/uploads\/2020\/07\/iStock_000073382761_XXXLarge-min-scaled.jpg","type":"image\/jpeg"}],"twitter_card":"summary_large_image","twitter_misc":{"Est. reading time":"2 minutes"},"schema":{"@context":"https:\/\/schema.org","@graph":[{"@type":"WebPage","@id":"https:\/\/www.youniting.ch\/produit\/coaching-equipe-et-facilitation\/","url":"https:\/\/www.youniting.ch\/produit\/coaching-equipe-et-facilitation\/","name":"Coaching d\u2019\u00e9quipe & facilitation - Youniting","isPartOf":{"@id":"https:\/\/www.youniting.ch\/#website"},"primaryImageOfPage":{"@id":"https:\/\/www.youniting.ch\/produit\/coaching-equipe-et-facilitation\/#primaryimage"},"image":{"@id":"https:\/\/www.youniting.ch\/produit\/coaching-equipe-et-facilitation\/#primaryimage"},"thumbnailUrl":"https:\/\/www.youniting.ch\/wp-content\/uploads\/2020\/07\/iStock_000073382761_XXXLarge-min-scaled.jpg","datePublished":"2021-04-15T06:36:29+00:00","dateModified":"2026-03-05T13:23:00+00:00","breadcrumb":{"@id":"https:\/\/www.youniting.ch\/produit\/coaching-equipe-et-facilitation\/#breadcrumb"},"inLanguage":"en-US","potentialAction":[{"@type":"ReadAction","target":["https:\/\/www.youniting.ch\/produit\/coaching-equipe-et-facilitation\/"]}]},{"@type":"ImageObject","inLanguage":"en-US","@id":"https:\/\/www.youniting.ch\/produit\/coaching-equipe-et-facilitation\/#primaryimage","url":"https:\/\/www.youniting.ch\/wp-content\/uploads\/2020\/07\/iStock_000073382761_XXXLarge-min-scaled.jpg","contentUrl":"https:\/\/www.youniting.ch\/wp-content\/uploads\/2020\/07\/iStock_000073382761_XXXLarge-min-scaled.jpg","width":2560,"height":1707},{"@type":"BreadcrumbList","@id":"https:\/\/www.youniting.ch\/produit\/coaching-equipe-et-facilitation\/#breadcrumb","itemListElement":[{"@type":"ListItem","position":1,"name":"Accueil","item":"https:\/\/www.youniting.ch\/"},{"@type":"ListItem","position":2,"name":"Produits","item":"https:\/\/www.youniting.ch\/shop\/"},{"@type":"ListItem","position":3,"name":"Coaching d\u2019\u00e9quipe &#038; facilitation"}]},{"@type":"WebSite","@id":"https:\/\/www.youniting.ch\/#website","url":"https:\/\/www.youniting.ch\/","name":"Youniting","description":"l&#039;Art de vivre Youniting","publisher":{"@id":"https:\/\/www.youniting.ch\/#organization"},"potentialAction":[{"@type":"SearchAction","target":{"@type":"EntryPoint","urlTemplate":"https:\/\/www.youniting.ch\/?s={search_term_string}"},"query-input":{"@type":"PropertyValueSpecification","valueRequired":true,"valueName":"search_term_string"}}],"inLanguage":"en-US"},{"@type":"Organization","@id":"https:\/\/www.youniting.ch\/#organization","name":"Youniting","url":"https:\/\/www.youniting.ch\/","logo":{"@type":"ImageObject","inLanguage":"en-US","@id":"https:\/\/www.youniting.ch\/#\/schema\/logo\/image\/","url":"https:\/\/www.youniting.ch\/wp-content\/uploads\/2020\/08\/logo-large.png","contentUrl":"https:\/\/www.youniting.ch\/wp-content\/uploads\/2020\/08\/logo-large.png","width":1103,"height":446,"caption":"Youniting"},"image":{"@id":"https:\/\/www.youniting.ch\/#\/schema\/logo\/image\/"}}]}},"_links":{"self":[{"href":"https:\/\/www.youniting.ch\/en\/wp-json\/wp\/v2\/product\/5031","targetHints":{"allow":["GET"]}}],"collection":[{"href":"https:\/\/www.youniting.ch\/en\/wp-json\/wp\/v2\/product"}],"about":[{"href":"https:\/\/www.youniting.ch\/en\/wp-json\/wp\/v2\/types\/product"}],"version-history":[{"count":8,"href":"https:\/\/www.youniting.ch\/en\/wp-json\/wp\/v2\/product\/5031\/revisions"}],"predecessor-version":[{"id":19377,"href":"https:\/\/www.youniting.ch\/en\/wp-json\/wp\/v2\/product\/5031\/revisions\/19377"}],"wp:featuredmedia":[{"embeddable":true,"href":"https:\/\/www.youniting.ch\/en\/wp-json\/wp\/v2\/media\/182"}],"wp:attachment":[{"href":"https:\/\/www.youniting.ch\/en\/wp-json\/wp\/v2\/media?parent=5031"}],"wp:term":[{"taxonomy":"product_brand","embeddable":true,"href":"https:\/\/www.youniting.ch\/en\/wp-json\/wp\/v2\/product_brand?post=5031"},{"taxonomy":"product_cat","embeddable":true,"href":"https:\/\/www.youniting.ch\/en\/wp-json\/wp\/v2\/product_cat?post=5031"},{"taxonomy":"product_tag","embeddable":true,"href":"https:\/\/www.youniting.ch\/en\/wp-json\/wp\/v2\/product_tag?post=5031"}],"curies":[{"name":"wp","href":"https:\/\/api.w.org\/{rel}","templated":true}]}}