{"id":5027,"date":"2021-04-15T08:32:02","date_gmt":"2021-04-15T06:32:02","guid":{"rendered":"https:\/\/nicolasvonburg.com\/?post_type=product&#038;p=5027"},"modified":"2026-04-30T12:49:22","modified_gmt":"2026-04-30T10:49:22","slug":"coaching-de-vie-et-coaching-professionnel","status":"publish","type":"product","link":"https:\/\/www.youniting.ch\/en\/product\/coaching-de-vie-et-coaching-professionnel\/","title":{"rendered":"Coaching professionnel et Coaching de vie"},"content":{"rendered":"<p><strong>Objectif de la formation<\/strong><\/p>\n<p>Le but de la formation au Coaching Individuel Professionnel est d\u2019offrir \u00e0 des personnes d\u00e9j\u00e0 familiaris\u00e9es \u00e0 l\u2019accompagnement ou au management l\u2019acquisition des comp\u00e9tences indispensables \u00e0 la pratique du coaching pour les incorporer \u00e0 leur activit\u00e9 professionnelle ou en faire leur m\u00e9tier \u00e0 part enti\u00e8re.<\/p>\n<p>Cette formation comprend trois modules de quatre jours, espac\u00e9s de deux ou trois mois. Un travail personnel d\u2019approfondissement est demand\u00e9 entre les modules et apr\u00e8s le troisi\u00e8me module.<\/p>\n<p><strong>Positionnement<\/strong><\/p>\n<p>Cette une formation courte et intense qui s\u2019adresse \u00e0 des personnes qui ont d\u00e9j\u00e0 un parcours personnel et professionnel qui les a pr\u00e9par\u00e9s \u00e0 l\u2019exercice des m\u00e9tiers de l\u2019accompagnement. Elle demande un travail personnel compl\u00e9mentaire \u00e0 fournir entre les modules et dans les mois qui suivent le troisi\u00e8me module pour obtenir une certification attestant l\u2019aptitude au m\u00e9tier de coach professionnel.<\/p>\n<p><strong>Certification\u00a0<\/strong><\/p>\n<p>Suite au troisi\u00e8me module de la formation, les stagiaires qui le souhaitent pourront participer au processus de certification. Pour cela, chaque stagiaire devra participer aux \u00e9valuations (th\u00e9orie et pratique) qui auront lieu lors de la journ\u00e9e de certification quelques semaines apr\u00e8s la fin du 3e module. Chaque stagiaire devra \u00e9galement restituer deux \u00e9tudes de cas d\u2019accompagnements en coaching effectu\u00e9s apr\u00e8s le 3e module de la formation ainsi qu\u2019un document intitul\u00e9 \u00ab mon projet dans le coaching \u00bb, document qui sera notamment travaill\u00e9 durant la formation. Le cycle de certification se terminera par un entretien individuel.<\/p>\n<p><strong>P\u00e9dagogie<\/strong><\/p>\n<p>La formation comporte des \u00e9l\u00e9ments th\u00e9oriques et de nombreux exercices pratiques. Les participants ont l\u2019occasion de se \u00ab coacher \u00bb les uns les autres, et de v\u00e9rifier \u00ab in vivo \u00bb la pertinence des outils propos\u00e9s. Cela leur permet de mettre en place leur projet professionnel vis-\u00e0-vis du coaching.<\/p>\n<p>La formation distingue trois types de coaching principaux :<\/p>\n<ul>\n<li>Le coaching de comp\u00e9tence<\/li>\n<li>Le coaching de performance<\/li>\n<li>Le coaching de sens<\/li>\n<\/ul>","protected":false},"excerpt":{"rendered":"<p>Route de St-Julien 80, 1212 Grand-Lancy<\/p>","protected":false},"featured_media":2659,"template":"","meta":[],"product_brand":[],"product_cat":[31],"product_tag":[],"class_list":{"0":"post-5027","1":"product","2":"type-product","3":"status-publish","4":"has-post-thumbnail","6":"product_cat-non-classe","8":"first","9":"instock","10":"taxable","11":"shipping-taxable","12":"purchasable","13":"product-type-variable"},"yoast_head":"<!-- This site is optimized with the Yoast SEO plugin v27.1.1 - https:\/\/yoast.com\/product\/yoast-seo-wordpress\/ -->\n<title>Coaching professionnel et Coaching de vie - Youniting<\/title>\n<meta name=\"robots\" content=\"index, follow, max-snippet:-1, max-image-preview:large, max-video-preview:-1\" \/>\n<link rel=\"canonical\" href=\"https:\/\/www.youniting.ch\/en\/product\/coaching-de-vie-et-coaching-professionnel\/\" \/>\n<meta property=\"og:locale\" content=\"en_US\" \/>\n<meta property=\"og:type\" content=\"article\" \/>\n<meta property=\"og:title\" content=\"Coaching professionnel et Coaching de vie - Youniting\" \/>\n<meta property=\"og:description\" content=\"Route de St-Julien 80, 1212 Grand-Lancy\" \/>\n<meta property=\"og:url\" content=\"https:\/\/www.youniting.ch\/en\/product\/coaching-de-vie-et-coaching-professionnel\/\" \/>\n<meta property=\"og:site_name\" content=\"Youniting\" \/>\n<meta property=\"article:modified_time\" content=\"2026-04-30T10:49:22+00:00\" \/>\n<meta property=\"og:image\" content=\"https:\/\/www.youniting.ch\/wp-content\/uploads\/2020\/10\/150177783_75.jpg\" \/>\n\t<meta property=\"og:image:width\" content=\"1255\" \/>\n\t<meta property=\"og:image:height\" content=\"837\" \/>\n\t<meta property=\"og:image:type\" content=\"image\/jpeg\" \/>\n<meta name=\"twitter:card\" content=\"summary_large_image\" \/>\n<meta name=\"twitter:label1\" content=\"Est. reading time\" \/>\n\t<meta name=\"twitter:data1\" content=\"2 minutes\" \/>\n<script type=\"application\/ld+json\" class=\"yoast-schema-graph\">{\"@context\":\"https:\/\/schema.org\",\"@graph\":[{\"@type\":\"WebPage\",\"@id\":\"https:\/\/www.youniting.ch\/produit\/coaching-de-vie-et-coaching-professionnel\/\",\"url\":\"https:\/\/www.youniting.ch\/produit\/coaching-de-vie-et-coaching-professionnel\/\",\"name\":\"Coaching professionnel et Coaching de vie - Youniting\",\"isPartOf\":{\"@id\":\"https:\/\/www.youniting.ch\/#website\"},\"primaryImageOfPage\":{\"@id\":\"https:\/\/www.youniting.ch\/produit\/coaching-de-vie-et-coaching-professionnel\/#primaryimage\"},\"image\":{\"@id\":\"https:\/\/www.youniting.ch\/produit\/coaching-de-vie-et-coaching-professionnel\/#primaryimage\"},\"thumbnailUrl\":\"https:\/\/www.youniting.ch\/wp-content\/uploads\/2020\/10\/150177783_75.jpg\",\"datePublished\":\"2021-04-15T06:32:02+00:00\",\"dateModified\":\"2026-04-30T10:49:22+00:00\",\"breadcrumb\":{\"@id\":\"https:\/\/www.youniting.ch\/produit\/coaching-de-vie-et-coaching-professionnel\/#breadcrumb\"},\"inLanguage\":\"en-US\",\"potentialAction\":[{\"@type\":\"ReadAction\",\"target\":[\"https:\/\/www.youniting.ch\/produit\/coaching-de-vie-et-coaching-professionnel\/\"]}]},{\"@type\":\"ImageObject\",\"inLanguage\":\"en-US\",\"@id\":\"https:\/\/www.youniting.ch\/produit\/coaching-de-vie-et-coaching-professionnel\/#primaryimage\",\"url\":\"https:\/\/www.youniting.ch\/wp-content\/uploads\/2020\/10\/150177783_75.jpg\",\"contentUrl\":\"https:\/\/www.youniting.ch\/wp-content\/uploads\/2020\/10\/150177783_75.jpg\",\"width\":1255,\"height\":837,\"caption\":\"Hands\"},{\"@type\":\"BreadcrumbList\",\"@id\":\"https:\/\/www.youniting.ch\/produit\/coaching-de-vie-et-coaching-professionnel\/#breadcrumb\",\"itemListElement\":[{\"@type\":\"ListItem\",\"position\":1,\"name\":\"Accueil\",\"item\":\"https:\/\/www.youniting.ch\/\"},{\"@type\":\"ListItem\",\"position\":2,\"name\":\"Produits\",\"item\":\"https:\/\/www.youniting.ch\/shop\/\"},{\"@type\":\"ListItem\",\"position\":3,\"name\":\"Coaching professionnel et Coaching de vie\"}]},{\"@type\":\"WebSite\",\"@id\":\"https:\/\/www.youniting.ch\/#website\",\"url\":\"https:\/\/www.youniting.ch\/\",\"name\":\"Youniting\",\"description\":\"l&#039;Art de vivre Youniting\",\"publisher\":{\"@id\":\"https:\/\/www.youniting.ch\/#organization\"},\"potentialAction\":[{\"@type\":\"SearchAction\",\"target\":{\"@type\":\"EntryPoint\",\"urlTemplate\":\"https:\/\/www.youniting.ch\/?s={search_term_string}\"},\"query-input\":{\"@type\":\"PropertyValueSpecification\",\"valueRequired\":true,\"valueName\":\"search_term_string\"}}],\"inLanguage\":\"en-US\"},{\"@type\":\"Organization\",\"@id\":\"https:\/\/www.youniting.ch\/#organization\",\"name\":\"Youniting\",\"url\":\"https:\/\/www.youniting.ch\/\",\"logo\":{\"@type\":\"ImageObject\",\"inLanguage\":\"en-US\",\"@id\":\"https:\/\/www.youniting.ch\/#\/schema\/logo\/image\/\",\"url\":\"https:\/\/www.youniting.ch\/wp-content\/uploads\/2020\/08\/logo-large.png\",\"contentUrl\":\"https:\/\/www.youniting.ch\/wp-content\/uploads\/2020\/08\/logo-large.png\",\"width\":1103,\"height\":446,\"caption\":\"Youniting\"},\"image\":{\"@id\":\"https:\/\/www.youniting.ch\/#\/schema\/logo\/image\/\"}}]}<\/script>\n<!-- \/ Yoast SEO plugin. -->","yoast_head_json":{"title":"Coaching professionnel et Coaching de vie - Youniting","robots":{"index":"index","follow":"follow","max-snippet":"max-snippet:-1","max-image-preview":"max-image-preview:large","max-video-preview":"max-video-preview:-1"},"canonical":"https:\/\/www.youniting.ch\/en\/product\/coaching-de-vie-et-coaching-professionnel\/","og_locale":"en_US","og_type":"article","og_title":"Coaching professionnel et Coaching de vie - Youniting","og_description":"Route de St-Julien 80, 1212 Grand-Lancy","og_url":"https:\/\/www.youniting.ch\/en\/product\/coaching-de-vie-et-coaching-professionnel\/","og_site_name":"Youniting","article_modified_time":"2026-04-30T10:49:22+00:00","og_image":[{"width":1255,"height":837,"url":"https:\/\/www.youniting.ch\/wp-content\/uploads\/2020\/10\/150177783_75.jpg","type":"image\/jpeg"}],"twitter_card":"summary_large_image","twitter_misc":{"Est. reading time":"2 minutes"},"schema":{"@context":"https:\/\/schema.org","@graph":[{"@type":"WebPage","@id":"https:\/\/www.youniting.ch\/produit\/coaching-de-vie-et-coaching-professionnel\/","url":"https:\/\/www.youniting.ch\/produit\/coaching-de-vie-et-coaching-professionnel\/","name":"Coaching professionnel et Coaching de vie - Youniting","isPartOf":{"@id":"https:\/\/www.youniting.ch\/#website"},"primaryImageOfPage":{"@id":"https:\/\/www.youniting.ch\/produit\/coaching-de-vie-et-coaching-professionnel\/#primaryimage"},"image":{"@id":"https:\/\/www.youniting.ch\/produit\/coaching-de-vie-et-coaching-professionnel\/#primaryimage"},"thumbnailUrl":"https:\/\/www.youniting.ch\/wp-content\/uploads\/2020\/10\/150177783_75.jpg","datePublished":"2021-04-15T06:32:02+00:00","dateModified":"2026-04-30T10:49:22+00:00","breadcrumb":{"@id":"https:\/\/www.youniting.ch\/produit\/coaching-de-vie-et-coaching-professionnel\/#breadcrumb"},"inLanguage":"en-US","potentialAction":[{"@type":"ReadAction","target":["https:\/\/www.youniting.ch\/produit\/coaching-de-vie-et-coaching-professionnel\/"]}]},{"@type":"ImageObject","inLanguage":"en-US","@id":"https:\/\/www.youniting.ch\/produit\/coaching-de-vie-et-coaching-professionnel\/#primaryimage","url":"https:\/\/www.youniting.ch\/wp-content\/uploads\/2020\/10\/150177783_75.jpg","contentUrl":"https:\/\/www.youniting.ch\/wp-content\/uploads\/2020\/10\/150177783_75.jpg","width":1255,"height":837,"caption":"Hands"},{"@type":"BreadcrumbList","@id":"https:\/\/www.youniting.ch\/produit\/coaching-de-vie-et-coaching-professionnel\/#breadcrumb","itemListElement":[{"@type":"ListItem","position":1,"name":"Accueil","item":"https:\/\/www.youniting.ch\/"},{"@type":"ListItem","position":2,"name":"Produits","item":"https:\/\/www.youniting.ch\/shop\/"},{"@type":"ListItem","position":3,"name":"Coaching professionnel et Coaching de vie"}]},{"@type":"WebSite","@id":"https:\/\/www.youniting.ch\/#website","url":"https:\/\/www.youniting.ch\/","name":"Youniting","description":"l&#039;Art de vivre Youniting","publisher":{"@id":"https:\/\/www.youniting.ch\/#organization"},"potentialAction":[{"@type":"SearchAction","target":{"@type":"EntryPoint","urlTemplate":"https:\/\/www.youniting.ch\/?s={search_term_string}"},"query-input":{"@type":"PropertyValueSpecification","valueRequired":true,"valueName":"search_term_string"}}],"inLanguage":"en-US"},{"@type":"Organization","@id":"https:\/\/www.youniting.ch\/#organization","name":"Youniting","url":"https:\/\/www.youniting.ch\/","logo":{"@type":"ImageObject","inLanguage":"en-US","@id":"https:\/\/www.youniting.ch\/#\/schema\/logo\/image\/","url":"https:\/\/www.youniting.ch\/wp-content\/uploads\/2020\/08\/logo-large.png","contentUrl":"https:\/\/www.youniting.ch\/wp-content\/uploads\/2020\/08\/logo-large.png","width":1103,"height":446,"caption":"Youniting"},"image":{"@id":"https:\/\/www.youniting.ch\/#\/schema\/logo\/image\/"}}]}},"_links":{"self":[{"href":"https:\/\/www.youniting.ch\/en\/wp-json\/wp\/v2\/product\/5027","targetHints":{"allow":["GET"]}}],"collection":[{"href":"https:\/\/www.youniting.ch\/en\/wp-json\/wp\/v2\/product"}],"about":[{"href":"https:\/\/www.youniting.ch\/en\/wp-json\/wp\/v2\/types\/product"}],"version-history":[{"count":8,"href":"https:\/\/www.youniting.ch\/en\/wp-json\/wp\/v2\/product\/5027\/revisions"}],"predecessor-version":[{"id":15514,"href":"https:\/\/www.youniting.ch\/en\/wp-json\/wp\/v2\/product\/5027\/revisions\/15514"}],"wp:featuredmedia":[{"embeddable":true,"href":"https:\/\/www.youniting.ch\/en\/wp-json\/wp\/v2\/media\/2659"}],"wp:attachment":[{"href":"https:\/\/www.youniting.ch\/en\/wp-json\/wp\/v2\/media?parent=5027"}],"wp:term":[{"taxonomy":"product_brand","embeddable":true,"href":"https:\/\/www.youniting.ch\/en\/wp-json\/wp\/v2\/product_brand?post=5027"},{"taxonomy":"product_cat","embeddable":true,"href":"https:\/\/www.youniting.ch\/en\/wp-json\/wp\/v2\/product_cat?post=5027"},{"taxonomy":"product_tag","embeddable":true,"href":"https:\/\/www.youniting.ch\/en\/wp-json\/wp\/v2\/product_tag?post=5027"}],"curies":[{"name":"wp","href":"https:\/\/api.w.org\/{rel}","templated":true}]}}