{"id":4946,"date":"2021-04-14T07:58:04","date_gmt":"2021-04-14T05:58:04","guid":{"rendered":"https:\/\/nicolasvonburg.com\/?post_type=product&#038;p=4946"},"modified":"2024-01-17T21:32:31","modified_gmt":"2024-01-17T20:32:31","slug":"technicien-pnl-niveau-1","status":"publish","type":"product","link":"https:\/\/www.youniting.ch\/en\/product\/technicien-pnl-niveau-1\/","title":{"rendered":"Technicien PNL &#8211; niveau 1"},"content":{"rendered":"<p><strong>B\u00e9n\u00e9fices attendus<\/strong><\/p>\n<ul>\n<li>Accro\u00eetre vos comp\u00e9tences relationnelles.<\/li>\n<li>Int\u00e9grer de nouvelles comp\u00e9tences linguistiques.<\/li>\n<li>D\u00e9velopper votre motivation pour toutes les situations.<\/li>\n<li>D\u00e9finir vos objectifs, buts et finalit\u00e9s<\/li>\n<li>Transformer vos \u00e9tats \u00e9motionnels limitants.<\/li>\n<li>D\u00e9velopper votre flexibilit\u00e9 mentale et \u00e9motionnelle.<\/li>\n<li>Comprendre en profondeur l\u2019\u00e9cologie du changement.<\/li>\n<li>Conna\u00eetre les fondements d\u2019une communication efficace.<\/li>\n<li>\u00catre davantage acteur de votre vie.<\/li>\n<\/ul>\n<p>&nbsp;<\/p>\n<p><strong>Programme<\/strong><\/p>\n<ol>\n<li>La communication, une discipline r\u00e9cente (historique et bases th\u00e9oriques).<\/li>\n<li>Les principes de base des communications lin\u00e9aires et syst\u00e9miques.<\/li>\n<li>Cr\u00e9er et entretenir le rapport. Les outils de la synchronisation.<\/li>\n<li>L\u2019observation sensorielle et ses applications.<\/li>\n<li>Le r\u00f4le des perceptions internes pour apprendre et communiquer.<\/li>\n<li>D\u00e9velopper l\u2019\u00e9coute active.<\/li>\n<li>Savoir reformuler et synth\u00e9tiser.<\/li>\n<li>Poser des questions pr\u00e9cises et r\u00e9colter les informations.<\/li>\n<li>Cadrer une s\u00e9quence de communication.<\/li>\n<li>Recadrer les objections.<\/li>\n<li>Distinguer et utiliser les objectifs, les buts et les finalit\u00e9s.<\/li>\n<li>Le changement et la pr\u00e9servation de l\u2019\u00e9quilibre.<\/li>\n<li>Les sp\u00e9cificit\u00e9s de l\u2019accompagnement : suivre et guider.<\/li>\n<li>Les ressources internes et les moyens externes (de cadrage et mise en \u0153uvre).<\/li>\n<li>La gestion des \u00e9tats internes, physiques, \u00e9motionnels.<\/li>\n<li>Techniques pour accompagner le changement.<\/li>\n<li>Applications en entretien et en accompagnement.<\/li>\n<\/ol>","protected":false},"excerpt":{"rendered":"<p>Route de St-Julien 80, 1212 Grand-Lancy<\/p>","protected":false},"featured_media":3341,"template":"","meta":[],"product_brand":[],"product_cat":[31],"product_tag":[],"class_list":{"0":"post-4946","1":"product","2":"type-product","3":"status-publish","4":"has-post-thumbnail","6":"product_cat-non-classe","8":"first","9":"instock","10":"taxable","11":"shipping-taxable","12":"purchasable","13":"product-type-variable"},"yoast_head":"<!-- This site is optimized with the Yoast SEO plugin v27.1.1 - https:\/\/yoast.com\/product\/yoast-seo-wordpress\/ -->\n<title>Technicien PNL - niveau 1 - Youniting<\/title>\n<meta name=\"robots\" content=\"index, follow, max-snippet:-1, max-image-preview:large, max-video-preview:-1\" \/>\n<link rel=\"canonical\" href=\"https:\/\/www.youniting.ch\/en\/product\/technicien-pnl-niveau-1\/\" \/>\n<meta property=\"og:locale\" content=\"en_US\" \/>\n<meta property=\"og:type\" content=\"article\" \/>\n<meta property=\"og:title\" content=\"Technicien PNL - niveau 1 - Youniting\" \/>\n<meta property=\"og:description\" content=\"Route de St-Julien 80, 1212 Grand-Lancy\" \/>\n<meta property=\"og:url\" content=\"https:\/\/www.youniting.ch\/en\/product\/technicien-pnl-niveau-1\/\" \/>\n<meta property=\"og:site_name\" content=\"Youniting\" \/>\n<meta property=\"article:modified_time\" content=\"2024-01-17T20:32:31+00:00\" \/>\n<meta property=\"og:image\" content=\"https:\/\/www.youniting.ch\/wp-content\/uploads\/2020\/11\/iStock_000070278497_Double-scaled.jpg\" \/>\n\t<meta property=\"og:image:width\" content=\"2560\" \/>\n\t<meta property=\"og:image:height\" content=\"1700\" \/>\n\t<meta property=\"og:image:type\" content=\"image\/jpeg\" \/>\n<meta name=\"twitter:card\" content=\"summary_large_image\" \/>\n<meta name=\"twitter:label1\" content=\"Est. reading time\" \/>\n\t<meta name=\"twitter:data1\" content=\"1 minute\" \/>\n<script type=\"application\/ld+json\" class=\"yoast-schema-graph\">{\"@context\":\"https:\/\/schema.org\",\"@graph\":[{\"@type\":\"WebPage\",\"@id\":\"https:\/\/www.youniting.ch\/produit\/technicien-pnl-niveau-1\/\",\"url\":\"https:\/\/www.youniting.ch\/produit\/technicien-pnl-niveau-1\/\",\"name\":\"Technicien PNL - niveau 1 - Youniting\",\"isPartOf\":{\"@id\":\"https:\/\/www.youniting.ch\/#website\"},\"primaryImageOfPage\":{\"@id\":\"https:\/\/www.youniting.ch\/produit\/technicien-pnl-niveau-1\/#primaryimage\"},\"image\":{\"@id\":\"https:\/\/www.youniting.ch\/produit\/technicien-pnl-niveau-1\/#primaryimage\"},\"thumbnailUrl\":\"https:\/\/www.youniting.ch\/wp-content\/uploads\/2020\/11\/iStock_000070278497_Double-scaled.jpg\",\"datePublished\":\"2021-04-14T05:58:04+00:00\",\"dateModified\":\"2024-01-17T20:32:31+00:00\",\"breadcrumb\":{\"@id\":\"https:\/\/www.youniting.ch\/produit\/technicien-pnl-niveau-1\/#breadcrumb\"},\"inLanguage\":\"en-US\",\"potentialAction\":[{\"@type\":\"ReadAction\",\"target\":[\"https:\/\/www.youniting.ch\/produit\/technicien-pnl-niveau-1\/\"]}]},{\"@type\":\"ImageObject\",\"inLanguage\":\"en-US\",\"@id\":\"https:\/\/www.youniting.ch\/produit\/technicien-pnl-niveau-1\/#primaryimage\",\"url\":\"https:\/\/www.youniting.ch\/wp-content\/uploads\/2020\/11\/iStock_000070278497_Double-scaled.jpg\",\"contentUrl\":\"https:\/\/www.youniting.ch\/wp-content\/uploads\/2020\/11\/iStock_000070278497_Double-scaled.jpg\",\"width\":2560,\"height\":1700},{\"@type\":\"BreadcrumbList\",\"@id\":\"https:\/\/www.youniting.ch\/produit\/technicien-pnl-niveau-1\/#breadcrumb\",\"itemListElement\":[{\"@type\":\"ListItem\",\"position\":1,\"name\":\"Accueil\",\"item\":\"https:\/\/www.youniting.ch\/\"},{\"@type\":\"ListItem\",\"position\":2,\"name\":\"Produits\",\"item\":\"https:\/\/www.youniting.ch\/shop\/\"},{\"@type\":\"ListItem\",\"position\":3,\"name\":\"Technicien PNL &#8211; niveau 1\"}]},{\"@type\":\"WebSite\",\"@id\":\"https:\/\/www.youniting.ch\/#website\",\"url\":\"https:\/\/www.youniting.ch\/\",\"name\":\"Youniting\",\"description\":\"l&#039;Art de vivre Youniting\",\"publisher\":{\"@id\":\"https:\/\/www.youniting.ch\/#organization\"},\"potentialAction\":[{\"@type\":\"SearchAction\",\"target\":{\"@type\":\"EntryPoint\",\"urlTemplate\":\"https:\/\/www.youniting.ch\/?s={search_term_string}\"},\"query-input\":{\"@type\":\"PropertyValueSpecification\",\"valueRequired\":true,\"valueName\":\"search_term_string\"}}],\"inLanguage\":\"en-US\"},{\"@type\":\"Organization\",\"@id\":\"https:\/\/www.youniting.ch\/#organization\",\"name\":\"Youniting\",\"url\":\"https:\/\/www.youniting.ch\/\",\"logo\":{\"@type\":\"ImageObject\",\"inLanguage\":\"en-US\",\"@id\":\"https:\/\/www.youniting.ch\/#\/schema\/logo\/image\/\",\"url\":\"https:\/\/www.youniting.ch\/wp-content\/uploads\/2020\/08\/logo-large.png\",\"contentUrl\":\"https:\/\/www.youniting.ch\/wp-content\/uploads\/2020\/08\/logo-large.png\",\"width\":1103,\"height\":446,\"caption\":\"Youniting\"},\"image\":{\"@id\":\"https:\/\/www.youniting.ch\/#\/schema\/logo\/image\/\"}}]}<\/script>\n<!-- \/ Yoast SEO plugin. -->","yoast_head_json":{"title":"Technicien PNL - niveau 1 - Youniting","robots":{"index":"index","follow":"follow","max-snippet":"max-snippet:-1","max-image-preview":"max-image-preview:large","max-video-preview":"max-video-preview:-1"},"canonical":"https:\/\/www.youniting.ch\/en\/product\/technicien-pnl-niveau-1\/","og_locale":"en_US","og_type":"article","og_title":"Technicien PNL - niveau 1 - Youniting","og_description":"Route de St-Julien 80, 1212 Grand-Lancy","og_url":"https:\/\/www.youniting.ch\/en\/product\/technicien-pnl-niveau-1\/","og_site_name":"Youniting","article_modified_time":"2024-01-17T20:32:31+00:00","og_image":[{"width":2560,"height":1700,"url":"https:\/\/www.youniting.ch\/wp-content\/uploads\/2020\/11\/iStock_000070278497_Double-scaled.jpg","type":"image\/jpeg"}],"twitter_card":"summary_large_image","twitter_misc":{"Est. reading time":"1 minute"},"schema":{"@context":"https:\/\/schema.org","@graph":[{"@type":"WebPage","@id":"https:\/\/www.youniting.ch\/produit\/technicien-pnl-niveau-1\/","url":"https:\/\/www.youniting.ch\/produit\/technicien-pnl-niveau-1\/","name":"Technicien PNL - niveau 1 - Youniting","isPartOf":{"@id":"https:\/\/www.youniting.ch\/#website"},"primaryImageOfPage":{"@id":"https:\/\/www.youniting.ch\/produit\/technicien-pnl-niveau-1\/#primaryimage"},"image":{"@id":"https:\/\/www.youniting.ch\/produit\/technicien-pnl-niveau-1\/#primaryimage"},"thumbnailUrl":"https:\/\/www.youniting.ch\/wp-content\/uploads\/2020\/11\/iStock_000070278497_Double-scaled.jpg","datePublished":"2021-04-14T05:58:04+00:00","dateModified":"2024-01-17T20:32:31+00:00","breadcrumb":{"@id":"https:\/\/www.youniting.ch\/produit\/technicien-pnl-niveau-1\/#breadcrumb"},"inLanguage":"en-US","potentialAction":[{"@type":"ReadAction","target":["https:\/\/www.youniting.ch\/produit\/technicien-pnl-niveau-1\/"]}]},{"@type":"ImageObject","inLanguage":"en-US","@id":"https:\/\/www.youniting.ch\/produit\/technicien-pnl-niveau-1\/#primaryimage","url":"https:\/\/www.youniting.ch\/wp-content\/uploads\/2020\/11\/iStock_000070278497_Double-scaled.jpg","contentUrl":"https:\/\/www.youniting.ch\/wp-content\/uploads\/2020\/11\/iStock_000070278497_Double-scaled.jpg","width":2560,"height":1700},{"@type":"BreadcrumbList","@id":"https:\/\/www.youniting.ch\/produit\/technicien-pnl-niveau-1\/#breadcrumb","itemListElement":[{"@type":"ListItem","position":1,"name":"Accueil","item":"https:\/\/www.youniting.ch\/"},{"@type":"ListItem","position":2,"name":"Produits","item":"https:\/\/www.youniting.ch\/shop\/"},{"@type":"ListItem","position":3,"name":"Technicien PNL &#8211; niveau 1"}]},{"@type":"WebSite","@id":"https:\/\/www.youniting.ch\/#website","url":"https:\/\/www.youniting.ch\/","name":"Youniting","description":"l&#039;Art de vivre Youniting","publisher":{"@id":"https:\/\/www.youniting.ch\/#organization"},"potentialAction":[{"@type":"SearchAction","target":{"@type":"EntryPoint","urlTemplate":"https:\/\/www.youniting.ch\/?s={search_term_string}"},"query-input":{"@type":"PropertyValueSpecification","valueRequired":true,"valueName":"search_term_string"}}],"inLanguage":"en-US"},{"@type":"Organization","@id":"https:\/\/www.youniting.ch\/#organization","name":"Youniting","url":"https:\/\/www.youniting.ch\/","logo":{"@type":"ImageObject","inLanguage":"en-US","@id":"https:\/\/www.youniting.ch\/#\/schema\/logo\/image\/","url":"https:\/\/www.youniting.ch\/wp-content\/uploads\/2020\/08\/logo-large.png","contentUrl":"https:\/\/www.youniting.ch\/wp-content\/uploads\/2020\/08\/logo-large.png","width":1103,"height":446,"caption":"Youniting"},"image":{"@id":"https:\/\/www.youniting.ch\/#\/schema\/logo\/image\/"}}]}},"_links":{"self":[{"href":"https:\/\/www.youniting.ch\/en\/wp-json\/wp\/v2\/product\/4946","targetHints":{"allow":["GET"]}}],"collection":[{"href":"https:\/\/www.youniting.ch\/en\/wp-json\/wp\/v2\/product"}],"about":[{"href":"https:\/\/www.youniting.ch\/en\/wp-json\/wp\/v2\/types\/product"}],"version-history":[{"count":11,"href":"https:\/\/www.youniting.ch\/en\/wp-json\/wp\/v2\/product\/4946\/revisions"}],"predecessor-version":[{"id":13188,"href":"https:\/\/www.youniting.ch\/en\/wp-json\/wp\/v2\/product\/4946\/revisions\/13188"}],"wp:featuredmedia":[{"embeddable":true,"href":"https:\/\/www.youniting.ch\/en\/wp-json\/wp\/v2\/media\/3341"}],"wp:attachment":[{"href":"https:\/\/www.youniting.ch\/en\/wp-json\/wp\/v2\/media?parent=4946"}],"wp:term":[{"taxonomy":"product_brand","embeddable":true,"href":"https:\/\/www.youniting.ch\/en\/wp-json\/wp\/v2\/product_brand?post=4946"},{"taxonomy":"product_cat","embeddable":true,"href":"https:\/\/www.youniting.ch\/en\/wp-json\/wp\/v2\/product_cat?post=4946"},{"taxonomy":"product_tag","embeddable":true,"href":"https:\/\/www.youniting.ch\/en\/wp-json\/wp\/v2\/product_tag?post=4946"}],"curies":[{"name":"wp","href":"https:\/\/api.w.org\/{rel}","templated":true}]}}