{"id":15739,"date":"2024-02-21T08:38:47","date_gmt":"2024-02-21T07:38:47","guid":{"rendered":"https:\/\/www.youniting.ch\/?post_type=product&#038;p=15739"},"modified":"2024-04-26T11:01:34","modified_gmt":"2024-04-26T09:01:34","slug":"you-16-23-ans","status":"publish","type":"product","link":"https:\/\/www.youniting.ch\/en\/product\/you-16-23-ans\/","title":{"rendered":"You 16-23"},"content":{"rendered":"<h3>Module 2 &#8211; Le bien-\u00eatre fondamental<\/h3>\n<ul>\n<li>Visiter avec appr\u00e9ciation la profondeur de votre conscience, un espace o\u00f9 chacune de vos intentions porte le germe de tout ce que vous vivez.<\/li>\n<li>Percevoir avec \u00e9vidence la non-dualit\u00e9 et d\u00e9velopper un sentiment de bien-\u00eatre g\u00e9n\u00e9ral, de pl\u00e9nitude et de compl\u00e9tude.<\/li>\n<li>D\u00e9velopper la facult\u00e9 \u00e0 se focaliser sur l\u2019instant pr\u00e9sent et \u00e0 s\u2019abandonner \u00e0 la vie.<\/li>\n<\/ul>","protected":false},"excerpt":{"rendered":"<p>Route de St-Julien 80, 1212 Grand-Lancy<\/p>","protected":false},"featured_media":15744,"template":"","meta":[],"product_brand":[],"product_cat":[64],"product_tag":[],"class_list":{"0":"post-15739","1":"product","2":"type-product","3":"status-publish","4":"has-post-thumbnail","6":"product_cat-ateliers-retraites","7":"product_shipping_class-pas-de-frais-de-livraison","9":"first","10":"instock","11":"taxable","12":"shipping-taxable","13":"purchasable","14":"product-type-variable"},"yoast_head":"<!-- This site is optimized with the Yoast SEO plugin v27.1.1 - https:\/\/yoast.com\/product\/yoast-seo-wordpress\/ -->\n<title>You 16-23 - Youniting<\/title>\n<meta name=\"robots\" content=\"index, follow, max-snippet:-1, max-image-preview:large, max-video-preview:-1\" \/>\n<link rel=\"canonical\" href=\"https:\/\/www.youniting.ch\/en\/product\/you-16-23-ans\/\" \/>\n<meta property=\"og:locale\" content=\"en_US\" \/>\n<meta property=\"og:type\" content=\"article\" \/>\n<meta property=\"og:title\" content=\"You 16-23 - Youniting\" \/>\n<meta property=\"og:description\" content=\"Route de St-Julien 80, 1212 Grand-Lancy\" \/>\n<meta property=\"og:url\" content=\"https:\/\/www.youniting.ch\/en\/product\/you-16-23-ans\/\" \/>\n<meta property=\"og:site_name\" content=\"Youniting\" \/>\n<meta property=\"article:modified_time\" content=\"2024-04-26T09:01:34+00:00\" \/>\n<meta property=\"og:image\" content=\"https:\/\/www.youniting.ch\/wp-content\/uploads\/2024\/02\/Capture-decran-2024-02-21-a-08.38.32.png\" \/>\n\t<meta property=\"og:image:width\" content=\"846\" \/>\n\t<meta property=\"og:image:height\" content=\"886\" \/>\n\t<meta property=\"og:image:type\" content=\"image\/png\" \/>\n<meta name=\"twitter:card\" content=\"summary_large_image\" \/>\n<meta name=\"twitter:label1\" content=\"Est. reading time\" \/>\n\t<meta name=\"twitter:data1\" content=\"1 minute\" \/>\n<script type=\"application\/ld+json\" class=\"yoast-schema-graph\">{\"@context\":\"https:\/\/schema.org\",\"@graph\":[{\"@type\":\"WebPage\",\"@id\":\"https:\/\/www.youniting.ch\/produit\/you-16-23-ans\/\",\"url\":\"https:\/\/www.youniting.ch\/produit\/you-16-23-ans\/\",\"name\":\"You 16-23 - Youniting\",\"isPartOf\":{\"@id\":\"https:\/\/www.youniting.ch\/#website\"},\"primaryImageOfPage\":{\"@id\":\"https:\/\/www.youniting.ch\/produit\/you-16-23-ans\/#primaryimage\"},\"image\":{\"@id\":\"https:\/\/www.youniting.ch\/produit\/you-16-23-ans\/#primaryimage\"},\"thumbnailUrl\":\"https:\/\/www.youniting.ch\/wp-content\/uploads\/2024\/02\/Capture-decran-2024-02-21-a-08.38.32.png\",\"datePublished\":\"2024-02-21T07:38:47+00:00\",\"dateModified\":\"2024-04-26T09:01:34+00:00\",\"breadcrumb\":{\"@id\":\"https:\/\/www.youniting.ch\/produit\/you-16-23-ans\/#breadcrumb\"},\"inLanguage\":\"en-US\",\"potentialAction\":[{\"@type\":\"ReadAction\",\"target\":[\"https:\/\/www.youniting.ch\/produit\/you-16-23-ans\/\"]}]},{\"@type\":\"ImageObject\",\"inLanguage\":\"en-US\",\"@id\":\"https:\/\/www.youniting.ch\/produit\/you-16-23-ans\/#primaryimage\",\"url\":\"https:\/\/www.youniting.ch\/wp-content\/uploads\/2024\/02\/Capture-decran-2024-02-21-a-08.38.32.png\",\"contentUrl\":\"https:\/\/www.youniting.ch\/wp-content\/uploads\/2024\/02\/Capture-decran-2024-02-21-a-08.38.32.png\",\"width\":846,\"height\":886},{\"@type\":\"BreadcrumbList\",\"@id\":\"https:\/\/www.youniting.ch\/produit\/you-16-23-ans\/#breadcrumb\",\"itemListElement\":[{\"@type\":\"ListItem\",\"position\":1,\"name\":\"Accueil\",\"item\":\"https:\/\/www.youniting.ch\/\"},{\"@type\":\"ListItem\",\"position\":2,\"name\":\"Produits\",\"item\":\"https:\/\/www.youniting.ch\/shop\/\"},{\"@type\":\"ListItem\",\"position\":3,\"name\":\"You 16-23\"}]},{\"@type\":\"WebSite\",\"@id\":\"https:\/\/www.youniting.ch\/#website\",\"url\":\"https:\/\/www.youniting.ch\/\",\"name\":\"Youniting\",\"description\":\"l&#039;Art de vivre Youniting\",\"publisher\":{\"@id\":\"https:\/\/www.youniting.ch\/#organization\"},\"potentialAction\":[{\"@type\":\"SearchAction\",\"target\":{\"@type\":\"EntryPoint\",\"urlTemplate\":\"https:\/\/www.youniting.ch\/?s={search_term_string}\"},\"query-input\":{\"@type\":\"PropertyValueSpecification\",\"valueRequired\":true,\"valueName\":\"search_term_string\"}}],\"inLanguage\":\"en-US\"},{\"@type\":\"Organization\",\"@id\":\"https:\/\/www.youniting.ch\/#organization\",\"name\":\"Youniting\",\"url\":\"https:\/\/www.youniting.ch\/\",\"logo\":{\"@type\":\"ImageObject\",\"inLanguage\":\"en-US\",\"@id\":\"https:\/\/www.youniting.ch\/#\/schema\/logo\/image\/\",\"url\":\"https:\/\/www.youniting.ch\/wp-content\/uploads\/2020\/08\/logo-large.png\",\"contentUrl\":\"https:\/\/www.youniting.ch\/wp-content\/uploads\/2020\/08\/logo-large.png\",\"width\":1103,\"height\":446,\"caption\":\"Youniting\"},\"image\":{\"@id\":\"https:\/\/www.youniting.ch\/#\/schema\/logo\/image\/\"}}]}<\/script>\n<!-- \/ Yoast SEO plugin. -->","yoast_head_json":{"title":"You 16-23 - Youniting","robots":{"index":"index","follow":"follow","max-snippet":"max-snippet:-1","max-image-preview":"max-image-preview:large","max-video-preview":"max-video-preview:-1"},"canonical":"https:\/\/www.youniting.ch\/en\/product\/you-16-23-ans\/","og_locale":"en_US","og_type":"article","og_title":"You 16-23 - Youniting","og_description":"Route de St-Julien 80, 1212 Grand-Lancy","og_url":"https:\/\/www.youniting.ch\/en\/product\/you-16-23-ans\/","og_site_name":"Youniting","article_modified_time":"2024-04-26T09:01:34+00:00","og_image":[{"width":846,"height":886,"url":"https:\/\/www.youniting.ch\/wp-content\/uploads\/2024\/02\/Capture-decran-2024-02-21-a-08.38.32.png","type":"image\/png"}],"twitter_card":"summary_large_image","twitter_misc":{"Est. reading time":"1 minute"},"schema":{"@context":"https:\/\/schema.org","@graph":[{"@type":"WebPage","@id":"https:\/\/www.youniting.ch\/produit\/you-16-23-ans\/","url":"https:\/\/www.youniting.ch\/produit\/you-16-23-ans\/","name":"You 16-23 - Youniting","isPartOf":{"@id":"https:\/\/www.youniting.ch\/#website"},"primaryImageOfPage":{"@id":"https:\/\/www.youniting.ch\/produit\/you-16-23-ans\/#primaryimage"},"image":{"@id":"https:\/\/www.youniting.ch\/produit\/you-16-23-ans\/#primaryimage"},"thumbnailUrl":"https:\/\/www.youniting.ch\/wp-content\/uploads\/2024\/02\/Capture-decran-2024-02-21-a-08.38.32.png","datePublished":"2024-02-21T07:38:47+00:00","dateModified":"2024-04-26T09:01:34+00:00","breadcrumb":{"@id":"https:\/\/www.youniting.ch\/produit\/you-16-23-ans\/#breadcrumb"},"inLanguage":"en-US","potentialAction":[{"@type":"ReadAction","target":["https:\/\/www.youniting.ch\/produit\/you-16-23-ans\/"]}]},{"@type":"ImageObject","inLanguage":"en-US","@id":"https:\/\/www.youniting.ch\/produit\/you-16-23-ans\/#primaryimage","url":"https:\/\/www.youniting.ch\/wp-content\/uploads\/2024\/02\/Capture-decran-2024-02-21-a-08.38.32.png","contentUrl":"https:\/\/www.youniting.ch\/wp-content\/uploads\/2024\/02\/Capture-decran-2024-02-21-a-08.38.32.png","width":846,"height":886},{"@type":"BreadcrumbList","@id":"https:\/\/www.youniting.ch\/produit\/you-16-23-ans\/#breadcrumb","itemListElement":[{"@type":"ListItem","position":1,"name":"Accueil","item":"https:\/\/www.youniting.ch\/"},{"@type":"ListItem","position":2,"name":"Produits","item":"https:\/\/www.youniting.ch\/shop\/"},{"@type":"ListItem","position":3,"name":"You 16-23"}]},{"@type":"WebSite","@id":"https:\/\/www.youniting.ch\/#website","url":"https:\/\/www.youniting.ch\/","name":"Youniting","description":"l&#039;Art de vivre Youniting","publisher":{"@id":"https:\/\/www.youniting.ch\/#organization"},"potentialAction":[{"@type":"SearchAction","target":{"@type":"EntryPoint","urlTemplate":"https:\/\/www.youniting.ch\/?s={search_term_string}"},"query-input":{"@type":"PropertyValueSpecification","valueRequired":true,"valueName":"search_term_string"}}],"inLanguage":"en-US"},{"@type":"Organization","@id":"https:\/\/www.youniting.ch\/#organization","name":"Youniting","url":"https:\/\/www.youniting.ch\/","logo":{"@type":"ImageObject","inLanguage":"en-US","@id":"https:\/\/www.youniting.ch\/#\/schema\/logo\/image\/","url":"https:\/\/www.youniting.ch\/wp-content\/uploads\/2020\/08\/logo-large.png","contentUrl":"https:\/\/www.youniting.ch\/wp-content\/uploads\/2020\/08\/logo-large.png","width":1103,"height":446,"caption":"Youniting"},"image":{"@id":"https:\/\/www.youniting.ch\/#\/schema\/logo\/image\/"}}]}},"_links":{"self":[{"href":"https:\/\/www.youniting.ch\/en\/wp-json\/wp\/v2\/product\/15739","targetHints":{"allow":["GET"]}}],"collection":[{"href":"https:\/\/www.youniting.ch\/en\/wp-json\/wp\/v2\/product"}],"about":[{"href":"https:\/\/www.youniting.ch\/en\/wp-json\/wp\/v2\/types\/product"}],"version-history":[{"count":1,"href":"https:\/\/www.youniting.ch\/en\/wp-json\/wp\/v2\/product\/15739\/revisions"}],"predecessor-version":[{"id":15745,"href":"https:\/\/www.youniting.ch\/en\/wp-json\/wp\/v2\/product\/15739\/revisions\/15745"}],"wp:featuredmedia":[{"embeddable":true,"href":"https:\/\/www.youniting.ch\/en\/wp-json\/wp\/v2\/media\/15744"}],"wp:attachment":[{"href":"https:\/\/www.youniting.ch\/en\/wp-json\/wp\/v2\/media?parent=15739"}],"wp:term":[{"taxonomy":"product_brand","embeddable":true,"href":"https:\/\/www.youniting.ch\/en\/wp-json\/wp\/v2\/product_brand?post=15739"},{"taxonomy":"product_cat","embeddable":true,"href":"https:\/\/www.youniting.ch\/en\/wp-json\/wp\/v2\/product_cat?post=15739"},{"taxonomy":"product_tag","embeddable":true,"href":"https:\/\/www.youniting.ch\/en\/wp-json\/wp\/v2\/product_tag?post=15739"}],"curies":[{"name":"wp","href":"https:\/\/api.w.org\/{rel}","templated":true}]}}