{"id":4770,"date":"2021-03-15T17:54:32","date_gmt":"2021-03-15T16:54:32","guid":{"rendered":"https:\/\/nicolasvonburg.com\/?page_id=4770"},"modified":"2023-03-24T11:34:44","modified_gmt":"2023-03-24T10:34:44","slug":"jeu-cartes","status":"publish","type":"page","link":"https:\/\/www.youniting.ch\/en\/jeu-cartes\/","title":{"rendered":"Jeu de cartes"},"content":{"rendered":"\t\t<div data-elementor-type=\"wp-page\" data-elementor-id=\"4770\" class=\"elementor elementor-4770\" data-elementor-post-type=\"page\">\n\t\t\t\t\t\t<section class=\"elementor-section elementor-top-section elementor-element elementor-element-7bb61f9 elementor-section-height-min-height elementor-section-boxed elementor-section-height-default elementor-section-items-middle\" data-id=\"7bb61f9\" data-element_type=\"section\" data-e-type=\"section\" data-settings=\"{&quot;background_background&quot;:&quot;classic&quot;,&quot;jet_parallax_layout_list&quot;:[{&quot;jet_parallax_layout_image&quot;:{&quot;url&quot;:&quot;&quot;,&quot;id&quot;:&quot;&quot;,&quot;size&quot;:&quot;&quot;},&quot;_id&quot;:&quot;e669e7a&quot;,&quot;jet_parallax_layout_image_tablet&quot;:{&quot;url&quot;:&quot;&quot;,&quot;id&quot;:&quot;&quot;,&quot;size&quot;:&quot;&quot;},&quot;jet_parallax_layout_image_mobile&quot;:{&quot;url&quot;:&quot;&quot;,&quot;id&quot;:&quot;&quot;,&quot;size&quot;:&quot;&quot;},&quot;jet_parallax_layout_speed&quot;:{&quot;unit&quot;:&quot;%&quot;,&quot;size&quot;:50,&quot;sizes&quot;:[]},&quot;jet_parallax_layout_type&quot;:&quot;scroll&quot;,&quot;jet_parallax_layout_direction&quot;:null,&quot;jet_parallax_layout_fx_direction&quot;:null,&quot;jet_parallax_layout_z_index&quot;:&quot;&quot;,&quot;jet_parallax_layout_bg_x&quot;:50,&quot;jet_parallax_layout_bg_x_tablet&quot;:&quot;&quot;,&quot;jet_parallax_layout_bg_x_mobile&quot;:&quot;&quot;,&quot;jet_parallax_layout_bg_y&quot;:50,&quot;jet_parallax_layout_bg_y_tablet&quot;:&quot;&quot;,&quot;jet_parallax_layout_bg_y_mobile&quot;:&quot;&quot;,&quot;jet_parallax_layout_bg_size&quot;:&quot;auto&quot;,&quot;jet_parallax_layout_bg_size_tablet&quot;:&quot;&quot;,&quot;jet_parallax_layout_bg_size_mobile&quot;:&quot;&quot;,&quot;jet_parallax_layout_animation_prop&quot;:&quot;transform&quot;,&quot;jet_parallax_layout_on&quot;:[&quot;desktop&quot;,&quot;tablet&quot;]}]}\">\n\t\t\t\t\t\t<div class=\"elementor-container elementor-column-gap-default\">\n\t\t\t\t\t<div class=\"elementor-column elementor-col-100 elementor-top-column elementor-element elementor-element-a86bf2f\" data-id=\"a86bf2f\" data-element_type=\"column\" data-e-type=\"column\">\n\t\t\t<div class=\"elementor-widget-wrap elementor-element-populated\">\n\t\t\t\t\t\t<div class=\"elementor-element elementor-element-512e6f0 elementor-widget elementor-widget-heading\" data-id=\"512e6f0\" data-element_type=\"widget\" data-e-type=\"widget\" data-widget_type=\"heading.default\">\n\t\t\t\t<div class=\"elementor-widget-container\">\n\t\t\t\t\t<h1 class=\"elementor-heading-title elementor-size-default\">Jeu de cartes<\/h1>\t\t\t\t<\/div>\n\t\t\t\t<\/div>\n\t\t\t\t\t<\/div>\n\t\t<\/div>\n\t\t\t\t\t<\/div>\n\t\t<\/section>\n\t\t\t\t<section class=\"elementor-section elementor-top-section elementor-element elementor-element-203905e elementor-section-boxed elementor-section-height-default elementor-section-height-default\" data-id=\"203905e\" data-element_type=\"section\" data-e-type=\"section\" data-settings=\"{&quot;jet_parallax_layout_list&quot;:[{&quot;jet_parallax_layout_image&quot;:{&quot;url&quot;:&quot;&quot;,&quot;id&quot;:&quot;&quot;,&quot;size&quot;:&quot;&quot;},&quot;_id&quot;:&quot;9004124&quot;,&quot;jet_parallax_layout_image_tablet&quot;:{&quot;url&quot;:&quot;&quot;,&quot;id&quot;:&quot;&quot;,&quot;size&quot;:&quot;&quot;},&quot;jet_parallax_layout_image_mobile&quot;:{&quot;url&quot;:&quot;&quot;,&quot;id&quot;:&quot;&quot;,&quot;size&quot;:&quot;&quot;},&quot;jet_parallax_layout_speed&quot;:{&quot;unit&quot;:&quot;%&quot;,&quot;size&quot;:50,&quot;sizes&quot;:[]},&quot;jet_parallax_layout_type&quot;:&quot;scroll&quot;,&quot;jet_parallax_layout_direction&quot;:null,&quot;jet_parallax_layout_fx_direction&quot;:null,&quot;jet_parallax_layout_z_index&quot;:&quot;&quot;,&quot;jet_parallax_layout_bg_x&quot;:50,&quot;jet_parallax_layout_bg_x_tablet&quot;:&quot;&quot;,&quot;jet_parallax_layout_bg_x_mobile&quot;:&quot;&quot;,&quot;jet_parallax_layout_bg_y&quot;:50,&quot;jet_parallax_layout_bg_y_tablet&quot;:&quot;&quot;,&quot;jet_parallax_layout_bg_y_mobile&quot;:&quot;&quot;,&quot;jet_parallax_layout_bg_size&quot;:&quot;auto&quot;,&quot;jet_parallax_layout_bg_size_tablet&quot;:&quot;&quot;,&quot;jet_parallax_layout_bg_size_mobile&quot;:&quot;&quot;,&quot;jet_parallax_layout_animation_prop&quot;:&quot;transform&quot;,&quot;jet_parallax_layout_on&quot;:[&quot;desktop&quot;,&quot;tablet&quot;]}]}\">\n\t\t\t\t\t\t<div class=\"elementor-container elementor-column-gap-default\">\n\t\t\t\t\t<div class=\"elementor-column elementor-col-100 elementor-top-column elementor-element elementor-element-23fdf50\" data-id=\"23fdf50\" data-element_type=\"column\" data-e-type=\"column\">\n\t\t\t<div class=\"elementor-widget-wrap elementor-element-populated\">\n\t\t\t\t\t\t<div class=\"elementor-element elementor-element-614a6ec elementor-widget elementor-widget-menu-anchor\" data-id=\"614a6ec\" data-element_type=\"widget\" data-e-type=\"widget\" data-widget_type=\"menu-anchor.default\">\n\t\t\t\t<div class=\"elementor-widget-container\">\n\t\t\t\t\t\t\t<div class=\"elementor-menu-anchor\" id=\"livres\"><\/div>\n\t\t\t\t\t\t<\/div>\n\t\t\t\t<\/div>\n\t\t\t\t<div class=\"elementor-element elementor-element-ef80474 elementor-widget elementor-widget-heading\" data-id=\"ef80474\" data-element_type=\"widget\" data-e-type=\"widget\" data-widget_type=\"heading.default\">\n\t\t\t\t<div class=\"elementor-widget-container\">\n\t\t\t\t\t<h2 class=\"elementor-heading-title elementor-size-default\">Les 52 cartes du jeu proposent une r\u00e9flexion sur les th\u00e8mes de la relation \u00e0 soi, la relation \u00e0 l'autre et la relation \u00e0 la vie. Cela permet\u00a0de \u00ab youniter \u00bb au minimum une fois par semaine.\u00a0\n<\/h2>\t\t\t\t<\/div>\n\t\t\t\t<\/div>\n\t\t\t\t<section class=\"elementor-section elementor-inner-section elementor-element elementor-element-6eb4835 elementor-section-boxed elementor-section-height-default elementor-section-height-default\" data-id=\"6eb4835\" data-element_type=\"section\" data-e-type=\"section\" data-settings=\"{&quot;jet_parallax_layout_list&quot;:[{&quot;jet_parallax_layout_image&quot;:{&quot;url&quot;:&quot;&quot;,&quot;id&quot;:&quot;&quot;,&quot;size&quot;:&quot;&quot;},&quot;_id&quot;:&quot;e318813&quot;,&quot;jet_parallax_layout_image_tablet&quot;:{&quot;url&quot;:&quot;&quot;,&quot;id&quot;:&quot;&quot;,&quot;size&quot;:&quot;&quot;},&quot;jet_parallax_layout_image_mobile&quot;:{&quot;url&quot;:&quot;&quot;,&quot;id&quot;:&quot;&quot;,&quot;size&quot;:&quot;&quot;},&quot;jet_parallax_layout_speed&quot;:{&quot;unit&quot;:&quot;%&quot;,&quot;size&quot;:50,&quot;sizes&quot;:[]},&quot;jet_parallax_layout_type&quot;:&quot;scroll&quot;,&quot;jet_parallax_layout_direction&quot;:null,&quot;jet_parallax_layout_fx_direction&quot;:null,&quot;jet_parallax_layout_z_index&quot;:&quot;&quot;,&quot;jet_parallax_layout_bg_x&quot;:50,&quot;jet_parallax_layout_bg_x_tablet&quot;:&quot;&quot;,&quot;jet_parallax_layout_bg_x_mobile&quot;:&quot;&quot;,&quot;jet_parallax_layout_bg_y&quot;:50,&quot;jet_parallax_layout_bg_y_tablet&quot;:&quot;&quot;,&quot;jet_parallax_layout_bg_y_mobile&quot;:&quot;&quot;,&quot;jet_parallax_layout_bg_size&quot;:&quot;auto&quot;,&quot;jet_parallax_layout_bg_size_tablet&quot;:&quot;&quot;,&quot;jet_parallax_layout_bg_size_mobile&quot;:&quot;&quot;,&quot;jet_parallax_layout_animation_prop&quot;:&quot;transform&quot;,&quot;jet_parallax_layout_on&quot;:[&quot;desktop&quot;,&quot;tablet&quot;]}]}\">\n\t\t\t\t\t\t<div class=\"elementor-container elementor-column-gap-default\">\n\t\t\t\t\t<div class=\"elementor-column elementor-col-50 elementor-inner-column elementor-element elementor-element-594819b\" data-id=\"594819b\" data-element_type=\"column\" data-e-type=\"column\">\n\t\t\t<div class=\"elementor-widget-wrap elementor-element-populated\">\n\t\t\t\t\t\t<div class=\"elementor-element elementor-element-7629028 elementor-widget elementor-widget-image\" data-id=\"7629028\" data-element_type=\"widget\" data-e-type=\"widget\" data-widget_type=\"image.default\">\n\t\t\t\t<div class=\"elementor-widget-container\">\n\t\t\t\t\t\t\t\t\t\t\t\t\t\t\t<img fetchpriority=\"high\" decoding=\"async\" width=\"1008\" height=\"1133\" src=\"https:\/\/www.youniting.ch\/wp-content\/uploads\/2021\/03\/NVB_Jeu_Carte_Image_4.jpg\" class=\"attachment-full size-full wp-image-4776\" alt=\"\" srcset=\"https:\/\/www.youniting.ch\/wp-content\/uploads\/2021\/03\/NVB_Jeu_Carte_Image_4.jpg 1008w, https:\/\/www.youniting.ch\/wp-content\/uploads\/2021\/03\/NVB_Jeu_Carte_Image_4-267x300.jpg 267w, https:\/\/www.youniting.ch\/wp-content\/uploads\/2021\/03\/NVB_Jeu_Carte_Image_4-911x1024.jpg 911w, https:\/\/www.youniting.ch\/wp-content\/uploads\/2021\/03\/NVB_Jeu_Carte_Image_4-768x863.jpg 768w, https:\/\/www.youniting.ch\/wp-content\/uploads\/2021\/03\/NVB_Jeu_Carte_Image_4-600x674.jpg 600w\" sizes=\"(max-width: 1008px) 100vw, 1008px\" \/>\t\t\t\t\t\t\t\t\t\t\t\t\t\t\t<\/div>\n\t\t\t\t<\/div>\n\t\t\t\t\t<\/div>\n\t\t<\/div>\n\t\t\t\t<div class=\"elementor-column elementor-col-50 elementor-inner-column elementor-element elementor-element-d19655f\" data-id=\"d19655f\" data-element_type=\"column\" data-e-type=\"column\">\n\t\t\t<div class=\"elementor-widget-wrap elementor-element-populated\">\n\t\t\t\t\t\t<div class=\"elementor-element elementor-element-7274f1a elementor-widget elementor-widget-text-editor\" data-id=\"7274f1a\" data-element_type=\"widget\" data-e-type=\"widget\" data-widget_type=\"text-editor.default\">\n\t\t\t\t<div class=\"elementor-widget-container\">\n\t\t\t\t\t\t\t\t\t<p><br \/>Jouer aux cartes Youniting semaine apr\u00e8s semaine, c&rsquo;est devenir l\u2019athl\u00e8te de sa vie personnelle, professionnelle et relationnelle.<\/p><p><strong>Comment jouer ?<\/strong><\/p><ol><li>Prendre quelques secondes pour \u00eatre pr\u00e9sent \u00e0 soi-m\u00eame.<\/li><li>Tirer une carte au hasard dans le jeu.<\/li><li>Respirer en conscience depuis son coeur et se connecter \u00e0 celui-ci.<\/li><li>R\u00e9pondre oralement si possible (ou par \u00e9crit) pendant quelques minutes \u00e0 la question ou la phrase propos\u00e9e en restant connect\u00e9 \u00e0 son coeur.<\/li><li>A la fin de sa r\u00e9ponse, prendre une minute pour observer ses sensations.<\/li><li>Si souhait\u00e9, en fonction des prises de conscience effectu\u00e9es, d\u00e9cider d&rsquo;une action r\u00e9alisable dans les 48 heures qui suivent la pratique de cette carte, et faire cette action.<\/li><\/ol><p>Le jeu de cartes Youniting est encore plus magique quand on le joue \u00e0 deux ou en groupe. Dans ce cas, celui ou ceux qui \u00e9coutent la r\u00e9ponse de celui qui a tir\u00e9 la carte, offrent leur pr\u00e9sence silencieuse et appr\u00e9ciative.<\/p><p><strong>Jeu de 52 cartes, livr\u00e9 dans black velvet bag<\/strong><\/p>\t\t\t\t\t\t\t\t<\/div>\n\t\t\t\t<\/div>\n\t\t\t\t<div class=\"elementor-element elementor-element-3981693 elementor-widget elementor-widget-heading\" data-id=\"3981693\" data-element_type=\"widget\" data-e-type=\"widget\" data-widget_type=\"heading.default\">\n\t\t\t\t<div class=\"elementor-widget-container\">\n\t\t\t\t\t<h2 class=\"elementor-heading-title elementor-size-default\">CHF 25.- (+ frais d'envoi)<\/h2>\t\t\t\t<\/div>\n\t\t\t\t<\/div>\n\t\t\t\t<div class=\"elementor-element elementor-element-8943344 elementor-widget elementor-widget-wc-add-to-cart\" data-id=\"8943344\" data-element_type=\"widget\" data-e-type=\"widget\" data-widget_type=\"wc-add-to-cart.default\">\n\t\t\t\t<div class=\"elementor-widget-container\">\n\t\t\t\t\t\t\t\t\t<div class=\"elementor-button-wrapper\">\n\t\t\t\t\t<a rel=\"nofollow\" href=\"\/en\/jeu-cartes\/?add-to-cart=6150\" data-quantity=\"1\" data-product_id=\"6150\" class=\"product_type_simple add_to_cart_button ajax_add_to_cart elementor-button elementor-size-sm\" role=\"button\">\n\t\t\t\t\t\t<span class=\"elementor-button-content-wrapper\">\n\t\t\t\t\t\t<span class=\"elementor-button-icon\">\n\t\t\t\t<i aria-hidden=\"true\" class=\"fas fa-chevron-circle-right\"><\/i>\t\t\t<\/span>\n\t\t\t\t\t\t\t\t\t<span class=\"elementor-button-text\">Acheter<\/span>\n\t\t\t\t\t<\/span>\n\t\t\t\t\t<\/a>\n\t\t\t\t<\/div>\n\t\t\t\t\t\t\t\t<\/div>\n\t\t\t\t<\/div>\n\t\t\t\t\t<\/div>\n\t\t<\/div>\n\t\t\t\t\t<\/div>\n\t\t<\/section>\n\t\t\t\t\t<\/div>\n\t\t<\/div>\n\t\t\t\t\t<\/div>\n\t\t<\/section>\n\t\t\t\t<\/div>\n\t\t","protected":false},"excerpt":{"rendered":"<p>Jeu de cartes JEU DE CARTES YOUNITING \u00c9veiller la conscience du coeur deux \u00eatres humains \u00e0 la fois. Les 52 cartes du jeu proposent une r\u00e9flexion sur les th\u00e8mes de la relation \u00e0 soi, la relation \u00e0 l&rsquo;autre et la relation \u00e0 la vie. Cela permet\u00a0de \u00ab youniter \u00bb au minimum une fois par semaine.\u00a0 [&hellip;]<\/p>\n","protected":false},"author":4,"featured_media":0,"parent":0,"menu_order":0,"comment_status":"closed","ping_status":"closed","template":"template\/full-width-template.php","meta":{"footnotes":""},"class_list":["post-4770","page","type-page","status-publish","hentry"],"yoast_head":"<!-- This site is optimized with the Yoast SEO plugin v27.1.1 - https:\/\/yoast.com\/product\/yoast-seo-wordpress\/ -->\n<title>Jeu de cartes - Youniting<\/title>\n<meta name=\"robots\" content=\"index, follow, max-snippet:-1, max-image-preview:large, max-video-preview:-1\" \/>\n<link rel=\"canonical\" href=\"https:\/\/www.youniting.ch\/en\/jeu-cartes\/\" \/>\n<meta property=\"og:locale\" content=\"en_US\" \/>\n<meta property=\"og:type\" content=\"article\" \/>\n<meta property=\"og:title\" content=\"Jeu de cartes - Youniting\" \/>\n<meta property=\"og:description\" content=\"Jeu de cartes JEU DE CARTES YOUNITING \u00c9veiller la conscience du coeur deux \u00eatres humains \u00e0 la fois. Les 52 cartes du jeu proposent une r\u00e9flexion sur les th\u00e8mes de la relation \u00e0 soi, la relation \u00e0 l&rsquo;autre et la relation \u00e0 la vie. Cela permet\u00a0de \u00ab youniter \u00bb au minimum une fois par semaine.\u00a0 [&hellip;]\" \/>\n<meta property=\"og:url\" content=\"https:\/\/www.youniting.ch\/en\/jeu-cartes\/\" \/>\n<meta property=\"og:site_name\" content=\"Youniting\" \/>\n<meta property=\"article:modified_time\" content=\"2023-03-24T10:34:44+00:00\" \/>\n<meta property=\"og:image\" content=\"https:\/\/www.youniting.ch\/wp-content\/uploads\/2021\/03\/NVB_Jeu_Carte_Image_4.jpg\" \/>\n<meta name=\"twitter:card\" content=\"summary_large_image\" \/>\n<meta name=\"twitter:label1\" content=\"Est. reading time\" \/>\n\t<meta name=\"twitter:data1\" content=\"2 minutes\" \/>\n<script type=\"application\/ld+json\" class=\"yoast-schema-graph\">{\"@context\":\"https:\/\/schema.org\",\"@graph\":[{\"@type\":\"WebPage\",\"@id\":\"https:\/\/www.youniting.ch\/jeu-cartes\/\",\"url\":\"https:\/\/www.youniting.ch\/jeu-cartes\/\",\"name\":\"Jeu de cartes - Youniting\",\"isPartOf\":{\"@id\":\"https:\/\/www.youniting.ch\/#website\"},\"primaryImageOfPage\":{\"@id\":\"https:\/\/www.youniting.ch\/jeu-cartes\/#primaryimage\"},\"image\":{\"@id\":\"https:\/\/www.youniting.ch\/jeu-cartes\/#primaryimage\"},\"thumbnailUrl\":\"https:\/\/www.youniting.ch\/wp-content\/uploads\/2021\/03\/NVB_Jeu_Carte_Image_4.jpg\",\"datePublished\":\"2021-03-15T16:54:32+00:00\",\"dateModified\":\"2023-03-24T10:34:44+00:00\",\"breadcrumb\":{\"@id\":\"https:\/\/www.youniting.ch\/jeu-cartes\/#breadcrumb\"},\"inLanguage\":\"en-US\",\"potentialAction\":[{\"@type\":\"ReadAction\",\"target\":[\"https:\/\/www.youniting.ch\/jeu-cartes\/\"]}]},{\"@type\":\"ImageObject\",\"inLanguage\":\"en-US\",\"@id\":\"https:\/\/www.youniting.ch\/jeu-cartes\/#primaryimage\",\"url\":\"https:\/\/www.youniting.ch\/wp-content\/uploads\/2021\/03\/NVB_Jeu_Carte_Image_4.jpg\",\"contentUrl\":\"https:\/\/www.youniting.ch\/wp-content\/uploads\/2021\/03\/NVB_Jeu_Carte_Image_4.jpg\"},{\"@type\":\"BreadcrumbList\",\"@id\":\"https:\/\/www.youniting.ch\/jeu-cartes\/#breadcrumb\",\"itemListElement\":[{\"@type\":\"ListItem\",\"position\":1,\"name\":\"Accueil\",\"item\":\"https:\/\/www.youniting.ch\/\"},{\"@type\":\"ListItem\",\"position\":2,\"name\":\"Jeu de cartes\"}]},{\"@type\":\"WebSite\",\"@id\":\"https:\/\/www.youniting.ch\/#website\",\"url\":\"https:\/\/www.youniting.ch\/\",\"name\":\"Youniting\",\"description\":\"l&#039;Art de vivre Youniting\",\"publisher\":{\"@id\":\"https:\/\/www.youniting.ch\/#organization\"},\"potentialAction\":[{\"@type\":\"SearchAction\",\"target\":{\"@type\":\"EntryPoint\",\"urlTemplate\":\"https:\/\/www.youniting.ch\/?s={search_term_string}\"},\"query-input\":{\"@type\":\"PropertyValueSpecification\",\"valueRequired\":true,\"valueName\":\"search_term_string\"}}],\"inLanguage\":\"en-US\"},{\"@type\":\"Organization\",\"@id\":\"https:\/\/www.youniting.ch\/#organization\",\"name\":\"Youniting\",\"url\":\"https:\/\/www.youniting.ch\/\",\"logo\":{\"@type\":\"ImageObject\",\"inLanguage\":\"en-US\",\"@id\":\"https:\/\/www.youniting.ch\/#\/schema\/logo\/image\/\",\"url\":\"https:\/\/www.youniting.ch\/wp-content\/uploads\/2020\/08\/logo-large.png\",\"contentUrl\":\"https:\/\/www.youniting.ch\/wp-content\/uploads\/2020\/08\/logo-large.png\",\"width\":1103,\"height\":446,\"caption\":\"Youniting\"},\"image\":{\"@id\":\"https:\/\/www.youniting.ch\/#\/schema\/logo\/image\/\"}}]}<\/script>\n<!-- \/ Yoast SEO plugin. -->","yoast_head_json":{"title":"Jeu de cartes - Youniting","robots":{"index":"index","follow":"follow","max-snippet":"max-snippet:-1","max-image-preview":"max-image-preview:large","max-video-preview":"max-video-preview:-1"},"canonical":"https:\/\/www.youniting.ch\/en\/jeu-cartes\/","og_locale":"en_US","og_type":"article","og_title":"Jeu de cartes - Youniting","og_description":"Jeu de cartes JEU DE CARTES YOUNITING \u00c9veiller la conscience du coeur deux \u00eatres humains \u00e0 la fois. Les 52 cartes du jeu proposent une r\u00e9flexion sur les th\u00e8mes de la relation \u00e0 soi, la relation \u00e0 l&rsquo;autre et la relation \u00e0 la vie. Cela permet\u00a0de \u00ab youniter \u00bb au minimum une fois par semaine.\u00a0 [&hellip;]","og_url":"https:\/\/www.youniting.ch\/en\/jeu-cartes\/","og_site_name":"Youniting","article_modified_time":"2023-03-24T10:34:44+00:00","og_image":[{"url":"https:\/\/www.youniting.ch\/wp-content\/uploads\/2021\/03\/NVB_Jeu_Carte_Image_4.jpg","type":"","width":"","height":""}],"twitter_card":"summary_large_image","twitter_misc":{"Est. reading time":"2 minutes"},"schema":{"@context":"https:\/\/schema.org","@graph":[{"@type":"WebPage","@id":"https:\/\/www.youniting.ch\/jeu-cartes\/","url":"https:\/\/www.youniting.ch\/jeu-cartes\/","name":"Jeu de cartes - Youniting","isPartOf":{"@id":"https:\/\/www.youniting.ch\/#website"},"primaryImageOfPage":{"@id":"https:\/\/www.youniting.ch\/jeu-cartes\/#primaryimage"},"image":{"@id":"https:\/\/www.youniting.ch\/jeu-cartes\/#primaryimage"},"thumbnailUrl":"https:\/\/www.youniting.ch\/wp-content\/uploads\/2021\/03\/NVB_Jeu_Carte_Image_4.jpg","datePublished":"2021-03-15T16:54:32+00:00","dateModified":"2023-03-24T10:34:44+00:00","breadcrumb":{"@id":"https:\/\/www.youniting.ch\/jeu-cartes\/#breadcrumb"},"inLanguage":"en-US","potentialAction":[{"@type":"ReadAction","target":["https:\/\/www.youniting.ch\/jeu-cartes\/"]}]},{"@type":"ImageObject","inLanguage":"en-US","@id":"https:\/\/www.youniting.ch\/jeu-cartes\/#primaryimage","url":"https:\/\/www.youniting.ch\/wp-content\/uploads\/2021\/03\/NVB_Jeu_Carte_Image_4.jpg","contentUrl":"https:\/\/www.youniting.ch\/wp-content\/uploads\/2021\/03\/NVB_Jeu_Carte_Image_4.jpg"},{"@type":"BreadcrumbList","@id":"https:\/\/www.youniting.ch\/jeu-cartes\/#breadcrumb","itemListElement":[{"@type":"ListItem","position":1,"name":"Accueil","item":"https:\/\/www.youniting.ch\/"},{"@type":"ListItem","position":2,"name":"Jeu de cartes"}]},{"@type":"WebSite","@id":"https:\/\/www.youniting.ch\/#website","url":"https:\/\/www.youniting.ch\/","name":"Youniting","description":"l&#039;Art de vivre Youniting","publisher":{"@id":"https:\/\/www.youniting.ch\/#organization"},"potentialAction":[{"@type":"SearchAction","target":{"@type":"EntryPoint","urlTemplate":"https:\/\/www.youniting.ch\/?s={search_term_string}"},"query-input":{"@type":"PropertyValueSpecification","valueRequired":true,"valueName":"search_term_string"}}],"inLanguage":"en-US"},{"@type":"Organization","@id":"https:\/\/www.youniting.ch\/#organization","name":"Youniting","url":"https:\/\/www.youniting.ch\/","logo":{"@type":"ImageObject","inLanguage":"en-US","@id":"https:\/\/www.youniting.ch\/#\/schema\/logo\/image\/","url":"https:\/\/www.youniting.ch\/wp-content\/uploads\/2020\/08\/logo-large.png","contentUrl":"https:\/\/www.youniting.ch\/wp-content\/uploads\/2020\/08\/logo-large.png","width":1103,"height":446,"caption":"Youniting"},"image":{"@id":"https:\/\/www.youniting.ch\/#\/schema\/logo\/image\/"}}]}},"_links":{"self":[{"href":"https:\/\/www.youniting.ch\/en\/wp-json\/wp\/v2\/pages\/4770","targetHints":{"allow":["GET"]}}],"collection":[{"href":"https:\/\/www.youniting.ch\/en\/wp-json\/wp\/v2\/pages"}],"about":[{"href":"https:\/\/www.youniting.ch\/en\/wp-json\/wp\/v2\/types\/page"}],"author":[{"embeddable":true,"href":"https:\/\/www.youniting.ch\/en\/wp-json\/wp\/v2\/users\/4"}],"replies":[{"embeddable":true,"href":"https:\/\/www.youniting.ch\/en\/wp-json\/wp\/v2\/comments?post=4770"}],"version-history":[{"count":66,"href":"https:\/\/www.youniting.ch\/en\/wp-json\/wp\/v2\/pages\/4770\/revisions"}],"predecessor-version":[{"id":12645,"href":"https:\/\/www.youniting.ch\/en\/wp-json\/wp\/v2\/pages\/4770\/revisions\/12645"}],"wp:attachment":[{"href":"https:\/\/www.youniting.ch\/en\/wp-json\/wp\/v2\/media?parent=4770"}],"curies":[{"name":"wp","href":"https:\/\/api.w.org\/{rel}","templated":true}]}}