{"id":3476,"date":"2020-11-16T16:23:22","date_gmt":"2020-11-16T15:23:22","guid":{"rendered":"https:\/\/nicolasvonburg.com\/?page_id=3476"},"modified":"2026-03-07T22:11:18","modified_gmt":"2026-03-07T21:11:18","slug":"formations","status":"publish","type":"page","link":"https:\/\/www.youniting.ch\/en\/formations\/","title":{"rendered":"Formations"},"content":{"rendered":"<div data-elementor-type=\"wp-page\" data-elementor-id=\"3476\" class=\"elementor elementor-3476\" data-elementor-post-type=\"page\">\n\t\t\t\t\t\t<section class=\"elementor-section elementor-top-section elementor-element elementor-element-72903d11 elementor-section-height-min-height elementor-section-boxed elementor-section-height-default elementor-section-items-middle\" data-id=\"72903d11\" data-element_type=\"section\" data-e-type=\"section\" data-settings=\"{&quot;background_background&quot;:&quot;classic&quot;,&quot;jet_parallax_layout_list&quot;:[]}\">\n\t\t\t\t\t\t<div class=\"elementor-container elementor-column-gap-default\">\n\t\t\t\t\t<div class=\"elementor-column elementor-col-100 elementor-top-column elementor-element elementor-element-305f00bc\" data-id=\"305f00bc\" data-element_type=\"column\" data-e-type=\"column\">\n\t\t\t<div class=\"elementor-widget-wrap elementor-element-populated\">\n\t\t\t\t\t\t<div class=\"elementor-element elementor-element-722145a4 elementor-widget elementor-widget-heading\" data-id=\"722145a4\" data-element_type=\"widget\" data-e-type=\"widget\" data-widget_type=\"heading.default\">\n\t\t\t\t<div class=\"elementor-widget-container\">\n\t\t\t\t\t<h2 class=\"elementor-heading-title elementor-size-default\">FORMATIONS EN COACHING ET CONSCIENCE RELATIONNELLE<\/h2>\t\t\t\t<\/div>\n\t\t\t\t<\/div>\n\t\t\t\t\t<\/div>\n\t\t<\/div>\n\t\t\t\t\t<\/div>\n\t\t<\/section>\n\t\t\t\t<section class=\"elementor-section elementor-top-section elementor-element elementor-element-7faf7d9 elementor-section-boxed elementor-section-height-default elementor-section-height-default\" data-id=\"7faf7d9\" data-element_type=\"section\" data-e-type=\"section\" data-settings=\"{&quot;jet_parallax_layout_list&quot;:[]}\">\n\t\t\t\t\t\t<div class=\"elementor-container elementor-column-gap-default\">\n\t\t\t\t\t<div class=\"elementor-column elementor-col-100 elementor-top-column elementor-element elementor-element-c280612\" data-id=\"c280612\" data-element_type=\"column\" data-e-type=\"column\">\n\t\t\t<div class=\"elementor-widget-wrap elementor-element-populated\">\n\t\t\t\t\t\t<div class=\"elementor-element elementor-element-3a030d6 elementor-widget elementor-widget-text-editor\" data-id=\"3a030d6\" data-element_type=\"widget\" data-e-type=\"widget\" data-widget_type=\"text-editor.default\">\n\t\t\t\t<div class=\"elementor-widget-container\">\n\t\t\t\t\t\t\t\t\t<div><p>Nos formations certifiantes permettent d\u2019acqu\u00e9rir un savoir, un savoir-faire et un savoir-\u00eatre dans le domaine choisi. Mais pas uniquement. Notre vision de l\u2019apprentissage donne la possibilit\u00e9 de travailler sur son identit\u00e9 profonde et de vivre individuellement et au sein du collectif une v\u00e9ritable aventure humaine.<\/p><\/div>\t\t\t\t\t\t\t\t<\/div>\n\t\t\t\t<\/div>\n\t\t\t\t\t<\/div>\n\t\t<\/div>\n\t\t\t\t\t<\/div>\n\t\t<\/section>\n\t\t\t\t<section class=\"elementor-section elementor-top-section elementor-element elementor-element-4c0935ae elementor-section-boxed elementor-section-height-default elementor-section-height-default\" data-id=\"4c0935ae\" data-element_type=\"section\" data-e-type=\"section\" data-settings=\"{&quot;jet_parallax_layout_list&quot;:[]}\">\n\t\t\t\t\t\t<div class=\"elementor-container elementor-column-gap-default\">\n\t\t\t\t\t<div class=\"elementor-column elementor-col-100 elementor-top-column elementor-element elementor-element-63bdf806\" data-id=\"63bdf806\" data-element_type=\"column\" data-e-type=\"column\">\n\t\t\t<div class=\"elementor-widget-wrap\">\n\t\t\t\t\t\t\t<\/div>\n\t\t<\/div>\n\t\t\t\t\t<\/div>\n\t\t<\/section>\n\t\t\t\t<section class=\"elementor-section elementor-top-section elementor-element elementor-element-7e7cfadb elementor-section-boxed elementor-section-height-default elementor-section-height-default\" data-id=\"7e7cfadb\" data-element_type=\"section\" data-e-type=\"section\" data-settings=\"{&quot;jet_parallax_layout_list&quot;:[]}\">\n\t\t\t\t\t\t<div class=\"elementor-container elementor-column-gap-default\">\n\t\t\t\t\t<div class=\"elementor-column elementor-col-50 elementor-top-column elementor-element elementor-element-3d411483\" data-id=\"3d411483\" data-element_type=\"column\" data-e-type=\"column\">\n\t\t\t<div class=\"elementor-widget-wrap elementor-element-populated\">\n\t\t\t\t\t\t<div class=\"elementor-element elementor-element-6489ea5e elementor-position-top elementor-widget elementor-widget-image-box\" data-id=\"6489ea5e\" data-element_type=\"widget\" data-e-type=\"widget\" data-widget_type=\"image-box.default\">\n\t\t\t\t<div class=\"elementor-widget-container\">\n\t\t\t\t\t<div class=\"elementor-image-box-wrapper\"><figure class=\"elementor-image-box-img\"><a href=\"https:\/\/nicolasvonburg.com\/formation-coaching\/\" tabindex=\"-1\"><img decoding=\"async\" src=\"https:\/\/www.youniting.ch\/wp-content\/uploads\/2023\/03\/Path_Web-350x250.jpg\" title=\"Path_Web\" alt=\"Path_Web\" class=\"elementor-animation-grow\" loading=\"lazy\" \/><\/a><\/figure><div class=\"elementor-image-box-content\"><h3 class=\"elementor-image-box-title\"><a href=\"https:\/\/nicolasvonburg.com\/formation-coaching\/\">Les formations en coaching<\/a><\/h3><p class=\"elementor-image-box-description\">Le coaching est une m\u00e9thode d\u2019accompagnement des individus, groupes et organisations en recherche de performance, de sens et d\u2019excellence. Le but de ces formations est de transmettre les comp\u00e9tences indispensables \u00e0 la pratique du coaching, pour les incorporer \u00e0 une activit\u00e9 professionnelle ou en faire un m\u00e9tier \u00e0 part enti\u00e8re.\n<\/p><\/div><\/div>\t\t\t\t<\/div>\n\t\t\t\t<\/div>\n\t\t\t\t\t<\/div>\n\t\t<\/div>\n\t\t\t\t<div class=\"elementor-column elementor-col-50 elementor-top-column elementor-element elementor-element-49440b30\" data-id=\"49440b30\" data-element_type=\"column\" data-e-type=\"column\">\n\t\t\t<div class=\"elementor-widget-wrap elementor-element-populated\">\n\t\t\t\t\t\t<div class=\"elementor-element elementor-element-573d491d elementor-position-top elementor-widget elementor-widget-image-box\" data-id=\"573d491d\" data-element_type=\"widget\" data-e-type=\"widget\" data-widget_type=\"image-box.default\">\n\t\t\t\t<div class=\"elementor-widget-container\">\n\t\t\t\t\t<div class=\"elementor-image-box-wrapper\"><figure class=\"elementor-image-box-img\"><a href=\"https:\/\/nicolasvonburg.com\/formation-pnl\/\" tabindex=\"-1\"><img decoding=\"async\" src=\"https:\/\/www.youniting.ch\/wp-content\/uploads\/2023\/03\/Crossing_Web-350x250.jpg\" title=\"Crossing_Web\" alt=\"Crossing_Web\" class=\"elementor-animation-grow\" loading=\"lazy\" \/><\/a><\/figure><div class=\"elementor-image-box-content\"><h3 class=\"elementor-image-box-title\"><a href=\"https:\/\/nicolasvonburg.com\/formation-pnl\/\">Formations en conscience relationnelle<\/a><\/h3><p class=\"elementor-image-box-description\">La Programmation Neuro Linguistique est une approche innovante de la communication interpersonnelle. Elle vous permet de comprendre et d\u2019optimiser vos \u00e9changes avec les autres, de stimuler votre cr\u00e9ativit\u00e9 et de d\u00e9velopper votre capacit\u00e9 d\u2019\u00e9coute en \u00e9clairant les structures cach\u00e9es de vos interactions. <\/p><\/div><\/div>\t\t\t\t<\/div>\n\t\t\t\t<\/div>\n\t\t\t\t\t<\/div>\n\t\t<\/div>\n\t\t\t\t\t<\/div>\n\t\t<\/section>\n\t\t\t\t<section class=\"elementor-section elementor-top-section elementor-element elementor-element-6fab324 elementor-section-boxed elementor-section-height-default elementor-section-height-default\" data-id=\"6fab324\" data-element_type=\"section\" data-e-type=\"section\" data-settings=\"{&quot;jet_parallax_layout_list&quot;:[]}\">\n\t\t\t\t\t\t<div class=\"elementor-container elementor-column-gap-default\">\n\t\t\t\t\t<div class=\"elementor-column elementor-col-100 elementor-top-column elementor-element elementor-element-2b72347\" data-id=\"2b72347\" data-element_type=\"column\" data-e-type=\"column\">\n\t\t\t<div class=\"elementor-widget-wrap elementor-element-populated\">\n\t\t\t\t\t\t<div class=\"elementor-element elementor-element-8ce2a57 elementor-widget elementor-widget-heading\" data-id=\"8ce2a57\" data-element_type=\"widget\" data-e-type=\"widget\" data-widget_type=\"heading.default\">\n\t\t\t\t<div class=\"elementor-widget-container\">\n\t\t\t\t\t<h2 class=\"elementor-heading-title elementor-size-default\">Vous souhaitez vous former ?<\/h2>\t\t\t\t<\/div>\n\t\t\t\t<\/div>\n\t\t\t\t<div class=\"elementor-element elementor-element-4514725 elementor-align-center elementor-widget elementor-widget-button\" data-id=\"4514725\" data-element_type=\"widget\" data-e-type=\"widget\" data-widget_type=\"button.default\">\n\t\t\t\t<div class=\"elementor-widget-container\">\n\t\t\t\t\t\t\t\t\t<div class=\"elementor-button-wrapper\">\n\t\t\t\t\t<a class=\"elementor-button elementor-button-link elementor-size-sm\" href=\"https:\/\/nicolasvonburg.com\/contact\/\">\n\t\t\t\t\t\t<span class=\"elementor-button-content-wrapper\">\n\t\t\t\t\t\t\t\t\t<span class=\"elementor-button-text\">Demande de renseignements<\/span>\n\t\t\t\t\t<\/span>\n\t\t\t\t\t<\/a>\n\t\t\t\t<\/div>\n\t\t\t\t\t\t\t\t<\/div>\n\t\t\t\t<\/div>\n\t\t\t\t\t<\/div>\n\t\t<\/div>\n\t\t\t\t\t<\/div>\n\t\t<\/section>\n\t\t\t\t<section class=\"elementor-section elementor-top-section elementor-element elementor-element-4c9550e elementor-section-full_width elementor-section-height-default elementor-section-height-default\" data-id=\"4c9550e\" data-element_type=\"section\" data-e-type=\"section\" data-settings=\"{&quot;jet_parallax_layout_list&quot;:[]}\">\n\t\t\t\t\t\t<div class=\"elementor-container elementor-column-gap-default\">\n\t\t\t\t\t<div class=\"elementor-column elementor-col-100 elementor-top-column elementor-element elementor-element-35f4f4c9\" data-id=\"35f4f4c9\" data-element_type=\"column\" data-e-type=\"column\" data-settings=\"{&quot;background_background&quot;:&quot;classic&quot;}\">\n\t\t\t<div class=\"elementor-widget-wrap elementor-element-populated\">\n\t\t\t\t\t<div class=\"elementor-background-overlay\"><\/div>\n\t\t\t\t\t\t<div class=\"elementor-element elementor-element-2edcda1c elementor-testimonial--skin-default elementor-testimonial--layout-image_inline elementor-testimonial--align-center elementor-arrows-yes elementor-widget elementor-widget-testimonial-carousel\" data-id=\"2edcda1c\" data-element_type=\"widget\" data-e-type=\"widget\" data-settings=\"{&quot;autoplay_speed&quot;:8000,&quot;show_arrows&quot;:&quot;yes&quot;,&quot;speed&quot;:500,&quot;autoplay&quot;:&quot;yes&quot;,&quot;loop&quot;:&quot;yes&quot;,&quot;pause_on_hover&quot;:&quot;yes&quot;,&quot;pause_on_interaction&quot;:&quot;yes&quot;,&quot;space_between&quot;:{&quot;unit&quot;:&quot;px&quot;,&quot;size&quot;:10,&quot;sizes&quot;:[]},&quot;space_between_tablet&quot;:{&quot;unit&quot;:&quot;px&quot;,&quot;size&quot;:10,&quot;sizes&quot;:[]},&quot;space_between_mobile&quot;:{&quot;unit&quot;:&quot;px&quot;,&quot;size&quot;:10,&quot;sizes&quot;:[]}}\" data-widget_type=\"testimonial-carousel.default\">\n\t\t\t\t<div class=\"elementor-widget-container\">\n\t\t\t\t\t\t\t\t\t<div class=\"elementor-swiper\">\n\t\t\t\t\t<div class=\"elementor-main-swiper swiper\" role=\"region\" aria-roledescription=\"carousel\" aria-label=\"Diapositives\">\n\t\t\t\t<div class=\"swiper-wrapper\">\n\t\t\t\t\t\t\t\t\t\t\t<div class=\"swiper-slide\" role=\"group\" aria-roledescription=\"slide\">\n\t\t\t\t\t\t\t\t\t<div class=\"elementor-testimonial\">\n\t\t\t\t\t\t\t<div class=\"elementor-testimonial__content\">\n\t\t\t\t\t<div class=\"elementor-testimonial__text\">\n\t\t\t\t\t\tTr\u00e8s satisfait de la formation de Praticien PNL r\u00e9alis\u00e9e avec Nicolas von Burg, j\u2019ai choisi de continuer mon apprentissage avec la formation de coaching individuel professionnel.\t\t\t\t\t<\/div>\n\t\t\t\t\t\t\t\t\t<\/div>\n\t\t\t\t\t\t<div class=\"elementor-testimonial__footer\">\n\t\t\t\t\t\t\t\t<cite class=\"elementor-testimonial__cite\"><span class=\"elementor-testimonial__name\">Jean Forot<\/span><span class=\"elementor-testimonial__title\">Avril 2020<\/span><\/cite>\t\t\t<\/div>\n\t\t<\/div>\n\t\t\t\t\t\t\t\t<\/div>\n\t\t\t\t\t\t\t\t\t\t\t<div class=\"swiper-slide\" role=\"group\" aria-roledescription=\"slide\">\n\t\t\t\t\t\t\t\t\t<div class=\"elementor-testimonial\">\n\t\t\t\t\t\t\t<div class=\"elementor-testimonial__content\">\n\t\t\t\t\t<div class=\"elementor-testimonial__text\">\n\t\t\t\t\t\tCes deux journ\u00e9es d'introduction \u00e0 la pr\u00e9paration mentale ont \u00e9veill\u00e9 quelque chose en moi. Je me suis d\u00e9couvert une \"force insoup\u00e7onn\u00e9e\". Merci \u00e0 toi, Nicolas.\t\t\t\t\t<\/div>\n\t\t\t\t\t\t\t\t\t<\/div>\n\t\t\t\t\t\t<div class=\"elementor-testimonial__footer\">\n\t\t\t\t\t\t\t\t<cite class=\"elementor-testimonial__cite\"><span class=\"elementor-testimonial__name\">Pascal Buchs<\/span><span class=\"elementor-testimonial__title\">Ao\u00fbt 2019<\/span><\/cite>\t\t\t<\/div>\n\t\t<\/div>\n\t\t\t\t\t\t\t\t<\/div>\n\t\t\t\t\t\t\t\t\t\t\t<div class=\"swiper-slide\" role=\"group\" aria-roledescription=\"slide\">\n\t\t\t\t\t\t\t\t\t<div class=\"elementor-testimonial\">\n\t\t\t\t\t\t\t<div class=\"elementor-testimonial__content\">\n\t\t\t\t\t<div class=\"elementor-testimonial__text\">\n\t\t\t\t\t\tCette formation en PNL m\u2019a permis de voir les choses sous un autre angle, de mieux comprendre les autres, de voir la beaut\u00e9 pour la premi\u00e8re fois, d'ouvrir les yeux.\t\t\t\t\t<\/div>\n\t\t\t\t\t\t\t\t\t<\/div>\n\t\t\t\t\t\t<div class=\"elementor-testimonial__footer\">\n\t\t\t\t\t\t\t\t<cite class=\"elementor-testimonial__cite\"><span class=\"elementor-testimonial__name\">Graziella Castana<\/span><span class=\"elementor-testimonial__title\">F\u00e9vrier 2011<\/span><\/cite>\t\t\t<\/div>\n\t\t<\/div>\n\t\t\t\t\t\t\t\t<\/div>\n\t\t\t\t\t\t\t\t\t<\/div>\n\t\t\t\t\t\t\t\t\t\t\t\t\t\t\t<div class=\"elementor-swiper-button elementor-swiper-button-prev\" role=\"button\" tabindex=\"0\" aria-label=\"Pr\u00e9c\u00e9dent\">\n\t\t\t\t\t\t\t<i aria-hidden=\"true\" class=\"eicon-chevron-left\"><\/i>\t\t\t\t\t\t<\/div>\n\t\t\t\t\t\t<div class=\"elementor-swiper-button elementor-swiper-button-next\" role=\"button\" tabindex=\"0\" aria-label=\"Suivant\">\n\t\t\t\t\t\t\t<i aria-hidden=\"true\" class=\"eicon-chevron-right\"><\/i>\t\t\t\t\t\t<\/div>\n\t\t\t\t\t\t\t\t\t\t\t\t\t\t\t\t\t<\/div>\n\t\t\t\t<\/div>\n\t\t\t\t\t\t\t\t<\/div>\n\t\t\t\t<\/div>\n\t\t\t\t\t<\/div>\n\t\t<\/div>\n\t\t\t\t\t<\/div>\n\t\t<\/section>\n\t\t\t\t<\/div>","protected":false},"excerpt":{"rendered":"<p>FORMATIONS EN COACHING ET CONSCIENCE RELATIONNELLE Nos formations certifiantes permettent d\u2019acqu\u00e9rir un savoir, un savoir-faire et un savoir-\u00eatre dans le domaine choisi. Mais pas uniquement. Notre vision de l\u2019apprentissage donne la possibilit\u00e9 de travailler sur son identit\u00e9 profonde et de vivre individuellement et au sein du collectif une v\u00e9ritable aventure humaine. Les formations en coaching [&hellip;]<\/p>\n","protected":false},"author":3,"featured_media":0,"parent":0,"menu_order":0,"comment_status":"closed","ping_status":"closed","template":"","meta":{"footnotes":""},"class_list":["post-3476","page","type-page","status-publish","hentry"],"yoast_head":"<!-- This site is optimized with the Yoast SEO plugin v27.1.1 - https:\/\/yoast.com\/product\/yoast-seo-wordpress\/ -->\n<title>Formations - Youniting<\/title>\n<meta name=\"robots\" content=\"index, follow, max-snippet:-1, max-image-preview:large, max-video-preview:-1\" \/>\n<link rel=\"canonical\" href=\"https:\/\/www.youniting.ch\/en\/formations\/\" \/>\n<meta property=\"og:locale\" content=\"en_US\" \/>\n<meta property=\"og:type\" content=\"article\" \/>\n<meta property=\"og:title\" content=\"Formations - Youniting\" \/>\n<meta property=\"og:description\" content=\"FORMATIONS EN COACHING ET CONSCIENCE RELATIONNELLE Nos formations certifiantes permettent d\u2019acqu\u00e9rir un savoir, un savoir-faire et un savoir-\u00eatre dans le domaine choisi. Mais pas uniquement. Notre vision de l\u2019apprentissage donne la possibilit\u00e9 de travailler sur son identit\u00e9 profonde et de vivre individuellement et au sein du collectif une v\u00e9ritable aventure humaine. Les formations en coaching [&hellip;]\" \/>\n<meta property=\"og:url\" content=\"https:\/\/www.youniting.ch\/en\/formations\/\" \/>\n<meta property=\"og:site_name\" content=\"Youniting\" \/>\n<meta property=\"article:modified_time\" content=\"2026-03-07T21:11:18+00:00\" \/>\n<meta property=\"og:image\" content=\"https:\/\/www.youniting.ch\/wp-content\/uploads\/2023\/03\/Path_Web-350x250.jpg\" \/>\n<meta name=\"twitter:card\" content=\"summary_large_image\" \/>\n<meta name=\"twitter:label1\" content=\"Est. reading time\" \/>\n\t<meta name=\"twitter:data1\" content=\"2 minutes\" \/>\n<script type=\"application\/ld+json\" class=\"yoast-schema-graph\">{\"@context\":\"https:\/\/schema.org\",\"@graph\":[{\"@type\":\"WebPage\",\"@id\":\"https:\/\/www.youniting.ch\/formations\/\",\"url\":\"https:\/\/www.youniting.ch\/formations\/\",\"name\":\"Formations - Youniting\",\"isPartOf\":{\"@id\":\"https:\/\/www.youniting.ch\/#website\"},\"primaryImageOfPage\":{\"@id\":\"https:\/\/www.youniting.ch\/formations\/#primaryimage\"},\"image\":{\"@id\":\"https:\/\/www.youniting.ch\/formations\/#primaryimage\"},\"thumbnailUrl\":\"https:\/\/www.youniting.ch\/wp-content\/uploads\/2023\/03\/Path_Web-350x250.jpg\",\"datePublished\":\"2020-11-16T15:23:22+00:00\",\"dateModified\":\"2026-03-07T21:11:18+00:00\",\"breadcrumb\":{\"@id\":\"https:\/\/www.youniting.ch\/formations\/#breadcrumb\"},\"inLanguage\":\"en-US\",\"potentialAction\":[{\"@type\":\"ReadAction\",\"target\":[\"https:\/\/www.youniting.ch\/formations\/\"]}]},{\"@type\":\"ImageObject\",\"inLanguage\":\"en-US\",\"@id\":\"https:\/\/www.youniting.ch\/formations\/#primaryimage\",\"url\":\"https:\/\/www.youniting.ch\/wp-content\/uploads\/2023\/03\/Path_Web-350x250.jpg\",\"contentUrl\":\"https:\/\/www.youniting.ch\/wp-content\/uploads\/2023\/03\/Path_Web-350x250.jpg\"},{\"@type\":\"BreadcrumbList\",\"@id\":\"https:\/\/www.youniting.ch\/formations\/#breadcrumb\",\"itemListElement\":[{\"@type\":\"ListItem\",\"position\":1,\"name\":\"Accueil\",\"item\":\"https:\/\/www.youniting.ch\/\"},{\"@type\":\"ListItem\",\"position\":2,\"name\":\"Formations\"}]},{\"@type\":\"WebSite\",\"@id\":\"https:\/\/www.youniting.ch\/#website\",\"url\":\"https:\/\/www.youniting.ch\/\",\"name\":\"Youniting\",\"description\":\"l&#039;Art de vivre Youniting\",\"publisher\":{\"@id\":\"https:\/\/www.youniting.ch\/#organization\"},\"potentialAction\":[{\"@type\":\"SearchAction\",\"target\":{\"@type\":\"EntryPoint\",\"urlTemplate\":\"https:\/\/www.youniting.ch\/?s={search_term_string}\"},\"query-input\":{\"@type\":\"PropertyValueSpecification\",\"valueRequired\":true,\"valueName\":\"search_term_string\"}}],\"inLanguage\":\"en-US\"},{\"@type\":\"Organization\",\"@id\":\"https:\/\/www.youniting.ch\/#organization\",\"name\":\"Youniting\",\"url\":\"https:\/\/www.youniting.ch\/\",\"logo\":{\"@type\":\"ImageObject\",\"inLanguage\":\"en-US\",\"@id\":\"https:\/\/www.youniting.ch\/#\/schema\/logo\/image\/\",\"url\":\"https:\/\/www.youniting.ch\/wp-content\/uploads\/2020\/08\/logo-large.png\",\"contentUrl\":\"https:\/\/www.youniting.ch\/wp-content\/uploads\/2020\/08\/logo-large.png\",\"width\":1103,\"height\":446,\"caption\":\"Youniting\"},\"image\":{\"@id\":\"https:\/\/www.youniting.ch\/#\/schema\/logo\/image\/\"}}]}<\/script>\n<!-- \/ Yoast SEO plugin. -->","yoast_head_json":{"title":"Formations - Youniting","robots":{"index":"index","follow":"follow","max-snippet":"max-snippet:-1","max-image-preview":"max-image-preview:large","max-video-preview":"max-video-preview:-1"},"canonical":"https:\/\/www.youniting.ch\/en\/formations\/","og_locale":"en_US","og_type":"article","og_title":"Formations - Youniting","og_description":"FORMATIONS EN COACHING ET CONSCIENCE RELATIONNELLE Nos formations certifiantes permettent d\u2019acqu\u00e9rir un savoir, un savoir-faire et un savoir-\u00eatre dans le domaine choisi. Mais pas uniquement. Notre vision de l\u2019apprentissage donne la possibilit\u00e9 de travailler sur son identit\u00e9 profonde et de vivre individuellement et au sein du collectif une v\u00e9ritable aventure humaine. Les formations en coaching [&hellip;]","og_url":"https:\/\/www.youniting.ch\/en\/formations\/","og_site_name":"Youniting","article_modified_time":"2026-03-07T21:11:18+00:00","og_image":[{"url":"https:\/\/www.youniting.ch\/wp-content\/uploads\/2023\/03\/Path_Web-350x250.jpg","type":"","width":"","height":""}],"twitter_card":"summary_large_image","twitter_misc":{"Est. reading time":"2 minutes"},"schema":{"@context":"https:\/\/schema.org","@graph":[{"@type":"WebPage","@id":"https:\/\/www.youniting.ch\/formations\/","url":"https:\/\/www.youniting.ch\/formations\/","name":"Formations - Youniting","isPartOf":{"@id":"https:\/\/www.youniting.ch\/#website"},"primaryImageOfPage":{"@id":"https:\/\/www.youniting.ch\/formations\/#primaryimage"},"image":{"@id":"https:\/\/www.youniting.ch\/formations\/#primaryimage"},"thumbnailUrl":"https:\/\/www.youniting.ch\/wp-content\/uploads\/2023\/03\/Path_Web-350x250.jpg","datePublished":"2020-11-16T15:23:22+00:00","dateModified":"2026-03-07T21:11:18+00:00","breadcrumb":{"@id":"https:\/\/www.youniting.ch\/formations\/#breadcrumb"},"inLanguage":"en-US","potentialAction":[{"@type":"ReadAction","target":["https:\/\/www.youniting.ch\/formations\/"]}]},{"@type":"ImageObject","inLanguage":"en-US","@id":"https:\/\/www.youniting.ch\/formations\/#primaryimage","url":"https:\/\/www.youniting.ch\/wp-content\/uploads\/2023\/03\/Path_Web-350x250.jpg","contentUrl":"https:\/\/www.youniting.ch\/wp-content\/uploads\/2023\/03\/Path_Web-350x250.jpg"},{"@type":"BreadcrumbList","@id":"https:\/\/www.youniting.ch\/formations\/#breadcrumb","itemListElement":[{"@type":"ListItem","position":1,"name":"Accueil","item":"https:\/\/www.youniting.ch\/"},{"@type":"ListItem","position":2,"name":"Formations"}]},{"@type":"WebSite","@id":"https:\/\/www.youniting.ch\/#website","url":"https:\/\/www.youniting.ch\/","name":"Youniting","description":"l&#039;Art de vivre Youniting","publisher":{"@id":"https:\/\/www.youniting.ch\/#organization"},"potentialAction":[{"@type":"SearchAction","target":{"@type":"EntryPoint","urlTemplate":"https:\/\/www.youniting.ch\/?s={search_term_string}"},"query-input":{"@type":"PropertyValueSpecification","valueRequired":true,"valueName":"search_term_string"}}],"inLanguage":"en-US"},{"@type":"Organization","@id":"https:\/\/www.youniting.ch\/#organization","name":"Youniting","url":"https:\/\/www.youniting.ch\/","logo":{"@type":"ImageObject","inLanguage":"en-US","@id":"https:\/\/www.youniting.ch\/#\/schema\/logo\/image\/","url":"https:\/\/www.youniting.ch\/wp-content\/uploads\/2020\/08\/logo-large.png","contentUrl":"https:\/\/www.youniting.ch\/wp-content\/uploads\/2020\/08\/logo-large.png","width":1103,"height":446,"caption":"Youniting"},"image":{"@id":"https:\/\/www.youniting.ch\/#\/schema\/logo\/image\/"}}]}},"_links":{"self":[{"href":"https:\/\/www.youniting.ch\/en\/wp-json\/wp\/v2\/pages\/3476","targetHints":{"allow":["GET"]}}],"collection":[{"href":"https:\/\/www.youniting.ch\/en\/wp-json\/wp\/v2\/pages"}],"about":[{"href":"https:\/\/www.youniting.ch\/en\/wp-json\/wp\/v2\/types\/page"}],"author":[{"embeddable":true,"href":"https:\/\/www.youniting.ch\/en\/wp-json\/wp\/v2\/users\/3"}],"replies":[{"embeddable":true,"href":"https:\/\/www.youniting.ch\/en\/wp-json\/wp\/v2\/comments?post=3476"}],"version-history":[{"count":12,"href":"https:\/\/www.youniting.ch\/en\/wp-json\/wp\/v2\/pages\/3476\/revisions"}],"predecessor-version":[{"id":20052,"href":"https:\/\/www.youniting.ch\/en\/wp-json\/wp\/v2\/pages\/3476\/revisions\/20052"}],"wp:attachment":[{"href":"https:\/\/www.youniting.ch\/en\/wp-json\/wp\/v2\/media?parent=3476"}],"curies":[{"name":"wp","href":"https:\/\/api.w.org\/{rel}","templated":true}]}}