{"id":1150,"date":"2020-08-24T18:28:31","date_gmt":"2020-08-24T16:28:31","guid":{"rendered":"https:\/\/nicolasvonburg.com\/?page_id=1150"},"modified":"2022-01-25T08:35:01","modified_gmt":"2022-01-25T07:35:01","slug":"engagement-et-sens-quel-est-le-lien-entre-ces-deux-mots","status":"publish","type":"page","link":"https:\/\/www.youniting.ch\/en\/engagement-et-sens-quel-est-le-lien-entre-ces-deux-mots\/","title":{"rendered":"Engagement et sens : quel est le lien entre ces deux mots ?"},"content":{"rendered":"\t\t<div data-elementor-type=\"wp-page\" data-elementor-id=\"1150\" class=\"elementor elementor-1150\" data-elementor-post-type=\"page\">\n\t\t\t\t\t\t<section class=\"elementor-section elementor-top-section elementor-element elementor-element-865f162 elementor-section-height-min-height elementor-section-boxed elementor-section-height-default elementor-section-items-middle\" data-id=\"865f162\" data-element_type=\"section\" data-e-type=\"section\" data-settings=\"{&quot;background_background&quot;:&quot;classic&quot;,&quot;jet_parallax_layout_list&quot;:[{&quot;jet_parallax_layout_image&quot;:{&quot;url&quot;:&quot;&quot;,&quot;id&quot;:&quot;&quot;,&quot;size&quot;:&quot;&quot;},&quot;_id&quot;:&quot;a4a87e9&quot;,&quot;jet_parallax_layout_image_tablet&quot;:{&quot;url&quot;:&quot;&quot;,&quot;id&quot;:&quot;&quot;,&quot;size&quot;:&quot;&quot;},&quot;jet_parallax_layout_image_mobile&quot;:{&quot;url&quot;:&quot;&quot;,&quot;id&quot;:&quot;&quot;,&quot;size&quot;:&quot;&quot;},&quot;jet_parallax_layout_speed&quot;:{&quot;unit&quot;:&quot;%&quot;,&quot;size&quot;:50,&quot;sizes&quot;:[]},&quot;jet_parallax_layout_type&quot;:&quot;scroll&quot;,&quot;jet_parallax_layout_direction&quot;:null,&quot;jet_parallax_layout_fx_direction&quot;:null,&quot;jet_parallax_layout_z_index&quot;:&quot;&quot;,&quot;jet_parallax_layout_bg_x&quot;:50,&quot;jet_parallax_layout_bg_x_tablet&quot;:&quot;&quot;,&quot;jet_parallax_layout_bg_x_mobile&quot;:&quot;&quot;,&quot;jet_parallax_layout_bg_y&quot;:50,&quot;jet_parallax_layout_bg_y_tablet&quot;:&quot;&quot;,&quot;jet_parallax_layout_bg_y_mobile&quot;:&quot;&quot;,&quot;jet_parallax_layout_bg_size&quot;:&quot;auto&quot;,&quot;jet_parallax_layout_bg_size_tablet&quot;:&quot;&quot;,&quot;jet_parallax_layout_bg_size_mobile&quot;:&quot;&quot;,&quot;jet_parallax_layout_animation_prop&quot;:&quot;transform&quot;,&quot;jet_parallax_layout_on&quot;:[&quot;desktop&quot;,&quot;tablet&quot;]}]}\">\n\t\t\t\t\t\t<div class=\"elementor-container elementor-column-gap-default\">\n\t\t\t\t\t<div class=\"elementor-column elementor-col-100 elementor-top-column elementor-element elementor-element-5b4347af\" data-id=\"5b4347af\" data-element_type=\"column\" data-e-type=\"column\">\n\t\t\t<div class=\"elementor-widget-wrap elementor-element-populated\">\n\t\t\t\t\t\t<div class=\"elementor-element elementor-element-3ba72429 elementor-widget elementor-widget-heading\" data-id=\"3ba72429\" data-element_type=\"widget\" data-e-type=\"widget\" data-widget_type=\"heading.default\">\n\t\t\t\t<div class=\"elementor-widget-container\">\n\t\t\t\t\t<h2 class=\"elementor-heading-title elementor-size-default\">Engagement et sens : quel est le lien entre ces deux mots ?<\/h2>\t\t\t\t<\/div>\n\t\t\t\t<\/div>\n\t\t\t\t\t<\/div>\n\t\t<\/div>\n\t\t\t\t\t<\/div>\n\t\t<\/section>\n\t\t\t\t<section class=\"elementor-section elementor-top-section elementor-element elementor-element-32527e52 elementor-section-boxed elementor-section-height-default elementor-section-height-default\" data-id=\"32527e52\" data-element_type=\"section\" data-e-type=\"section\" data-settings=\"{&quot;jet_parallax_layout_list&quot;:[{&quot;jet_parallax_layout_image&quot;:{&quot;url&quot;:&quot;&quot;,&quot;id&quot;:&quot;&quot;,&quot;size&quot;:&quot;&quot;},&quot;_id&quot;:&quot;2bd725f&quot;,&quot;jet_parallax_layout_image_tablet&quot;:{&quot;url&quot;:&quot;&quot;,&quot;id&quot;:&quot;&quot;,&quot;size&quot;:&quot;&quot;},&quot;jet_parallax_layout_image_mobile&quot;:{&quot;url&quot;:&quot;&quot;,&quot;id&quot;:&quot;&quot;,&quot;size&quot;:&quot;&quot;},&quot;jet_parallax_layout_speed&quot;:{&quot;unit&quot;:&quot;%&quot;,&quot;size&quot;:50,&quot;sizes&quot;:[]},&quot;jet_parallax_layout_type&quot;:&quot;scroll&quot;,&quot;jet_parallax_layout_direction&quot;:null,&quot;jet_parallax_layout_fx_direction&quot;:null,&quot;jet_parallax_layout_z_index&quot;:&quot;&quot;,&quot;jet_parallax_layout_bg_x&quot;:50,&quot;jet_parallax_layout_bg_x_tablet&quot;:&quot;&quot;,&quot;jet_parallax_layout_bg_x_mobile&quot;:&quot;&quot;,&quot;jet_parallax_layout_bg_y&quot;:50,&quot;jet_parallax_layout_bg_y_tablet&quot;:&quot;&quot;,&quot;jet_parallax_layout_bg_y_mobile&quot;:&quot;&quot;,&quot;jet_parallax_layout_bg_size&quot;:&quot;auto&quot;,&quot;jet_parallax_layout_bg_size_tablet&quot;:&quot;&quot;,&quot;jet_parallax_layout_bg_size_mobile&quot;:&quot;&quot;,&quot;jet_parallax_layout_animation_prop&quot;:&quot;transform&quot;,&quot;jet_parallax_layout_on&quot;:[&quot;desktop&quot;,&quot;tablet&quot;]}]}\">\n\t\t\t\t\t\t<div class=\"elementor-container elementor-column-gap-default\">\n\t\t\t\t\t<div class=\"elementor-column elementor-col-100 elementor-top-column elementor-element elementor-element-7793439d\" data-id=\"7793439d\" data-element_type=\"column\" data-e-type=\"column\">\n\t\t\t<div class=\"elementor-widget-wrap elementor-element-populated\">\n\t\t\t\t\t\t<div class=\"elementor-element elementor-element-5d1581cf elementor-widget elementor-widget-text-editor\" data-id=\"5d1581cf\" data-element_type=\"widget\" data-e-type=\"widget\" data-widget_type=\"text-editor.default\">\n\t\t\t\t<div class=\"elementor-widget-container\">\n\t\t\t\t\t\t\t\t\t<p>Plus jeune, j\u2019ai presque toujours r\u00e9sist\u00e9 au mot <em><strong>e<\/strong><strong>ngagement<\/strong><\/em>. Plus d\u2019une fois, on me demandait de m\u2019engager sur quelque chose qui ne me faisait pas vibrer int\u00e9rieurement. Que c\u2019\u00e9tait dur. Quelles r\u00e9sistances int\u00e9rieures avais-je pour passer \u00e0 l\u2019action ! Et puis, relativement jeune \u2013 19 ans \u2013, j\u2019ai choisi de suivre mes passions pour construire ma vie professionnelle et de tout faire pour pouvoir en vivre.<\/p>\n<p>Mes passions ont \u00e9volu\u00e9 tout au long de ma vie, et elles continueront certainement de le faire. Mais il est une chose dont je suis convaincu aujourd\u2019hui : quand l\u2019\u00e9nergie vient de mes passions, alors le mot <em><strong>en<\/strong><strong>gagement<\/strong><\/em> prend tout de suite un autre <em><strong>s<\/strong><strong>ens<\/strong><\/em>. D\u2019ailleurs, suivre ses passions donnent du <em><strong>s<\/strong><strong>ens<\/strong><\/em> \u00e0 nos actions, une signification et une direction \u00e0 celles-ci, et du coup \u00e0 notre <em><strong>engagement<\/strong><\/em>. Celui-ci devient m\u00eame facile ! On arr\u00eate de penser, on passe \u00e0 l\u2019action.<\/p>\n<p>Pouvez-vous imaginer et ressentir un monde o\u00f9 chaque personne s\u2019engagerait dans des actions en suivant principalement ou m\u00eame uniquement ses passions et ce qui fait <em><strong>s<\/strong><strong>ens<\/strong><\/em> pour elle ? Moi, \u00e7a me fait r\u00eaver \u00e0 un monde merveilleux.<\/p>\n<p>Dans quelles directions allez-vous vous engager maintenant ?<\/p>\t\t\t\t\t\t\t\t<\/div>\n\t\t\t\t<\/div>\n\t\t\t\t\t<\/div>\n\t\t<\/div>\n\t\t\t\t\t<\/div>\n\t\t<\/section>\n\t\t\t\t<section class=\"elementor-section elementor-top-section elementor-element elementor-element-4950dcfa elementor-section-boxed elementor-section-height-default elementor-section-height-default\" data-id=\"4950dcfa\" data-element_type=\"section\" data-e-type=\"section\" data-settings=\"{&quot;jet_parallax_layout_list&quot;:[{&quot;jet_parallax_layout_image&quot;:{&quot;url&quot;:&quot;&quot;,&quot;id&quot;:&quot;&quot;,&quot;size&quot;:&quot;&quot;},&quot;_id&quot;:&quot;d24acd8&quot;,&quot;jet_parallax_layout_image_tablet&quot;:{&quot;url&quot;:&quot;&quot;,&quot;id&quot;:&quot;&quot;,&quot;size&quot;:&quot;&quot;},&quot;jet_parallax_layout_image_mobile&quot;:{&quot;url&quot;:&quot;&quot;,&quot;id&quot;:&quot;&quot;,&quot;size&quot;:&quot;&quot;},&quot;jet_parallax_layout_speed&quot;:{&quot;unit&quot;:&quot;%&quot;,&quot;size&quot;:50,&quot;sizes&quot;:[]},&quot;jet_parallax_layout_type&quot;:&quot;scroll&quot;,&quot;jet_parallax_layout_direction&quot;:null,&quot;jet_parallax_layout_fx_direction&quot;:null,&quot;jet_parallax_layout_z_index&quot;:&quot;&quot;,&quot;jet_parallax_layout_bg_x&quot;:50,&quot;jet_parallax_layout_bg_x_tablet&quot;:&quot;&quot;,&quot;jet_parallax_layout_bg_x_mobile&quot;:&quot;&quot;,&quot;jet_parallax_layout_bg_y&quot;:50,&quot;jet_parallax_layout_bg_y_tablet&quot;:&quot;&quot;,&quot;jet_parallax_layout_bg_y_mobile&quot;:&quot;&quot;,&quot;jet_parallax_layout_bg_size&quot;:&quot;auto&quot;,&quot;jet_parallax_layout_bg_size_tablet&quot;:&quot;&quot;,&quot;jet_parallax_layout_bg_size_mobile&quot;:&quot;&quot;,&quot;jet_parallax_layout_animation_prop&quot;:&quot;transform&quot;,&quot;jet_parallax_layout_on&quot;:[&quot;desktop&quot;,&quot;tablet&quot;]}]}\">\n\t\t\t\t\t\t<div class=\"elementor-container elementor-column-gap-default\">\n\t\t\t\t\t<div class=\"elementor-column elementor-col-100 elementor-top-column elementor-element elementor-element-3119cdaa\" data-id=\"3119cdaa\" data-element_type=\"column\" data-e-type=\"column\">\n\t\t\t<div class=\"elementor-widget-wrap elementor-element-populated\">\n\t\t\t\t\t\t<div class=\"elementor-element elementor-element-44d26432 elementor-align-center elementor-widget elementor-widget-button\" data-id=\"44d26432\" data-element_type=\"widget\" data-e-type=\"widget\" data-widget_type=\"button.default\">\n\t\t\t\t<div class=\"elementor-widget-container\">\n\t\t\t\t\t\t\t\t\t<div class=\"elementor-button-wrapper\">\n\t\t\t\t\t<a class=\"elementor-button elementor-button-link elementor-size-sm\" href=\"https:\/\/www.youniting.ch\/discuter-avec-nicolas\/\">\n\t\t\t\t\t\t<span class=\"elementor-button-content-wrapper\">\n\t\t\t\t\t\t\t\t\t<span class=\"elementor-button-text\">Discuter avec Nicolas<\/span>\n\t\t\t\t\t<\/span>\n\t\t\t\t\t<\/a>\n\t\t\t\t<\/div>\n\t\t\t\t\t\t\t\t<\/div>\n\t\t\t\t<\/div>\n\t\t\t\t\t<\/div>\n\t\t<\/div>\n\t\t\t\t\t<\/div>\n\t\t<\/section>\n\t\t\t\t<\/div>\n\t\t","protected":false},"excerpt":{"rendered":"<p>Engagement et sens : quel est le lien entre ces deux mots ? Plus jeune, j\u2019ai presque toujours r\u00e9sist\u00e9 au mot engagement. Plus d\u2019une fois, on me demandait de m\u2019engager sur quelque chose qui ne me faisait pas vibrer int\u00e9rieurement. Que c\u2019\u00e9tait dur. Quelles r\u00e9sistances int\u00e9rieures avais-je pour passer \u00e0 l\u2019action ! Et puis, relativement [&hellip;]<\/p>\n","protected":false},"author":1,"featured_media":0,"parent":0,"menu_order":0,"comment_status":"closed","ping_status":"closed","template":"template\/homepage-template.php","meta":{"footnotes":""},"class_list":["post-1150","page","type-page","status-publish","hentry"],"yoast_head":"<!-- This site is optimized with the Yoast SEO plugin v27.1.1 - https:\/\/yoast.com\/product\/yoast-seo-wordpress\/ -->\n<title>Engagement et sens : quel est le lien entre ces deux mots ? - Youniting<\/title>\n<meta name=\"robots\" content=\"index, follow, max-snippet:-1, max-image-preview:large, max-video-preview:-1\" \/>\n<link rel=\"canonical\" href=\"https:\/\/www.youniting.ch\/en\/engagement-et-sens-quel-est-le-lien-entre-ces-deux-mots\/\" \/>\n<meta property=\"og:locale\" content=\"en_US\" \/>\n<meta property=\"og:type\" content=\"article\" \/>\n<meta property=\"og:title\" content=\"Engagement et sens : quel est le lien entre ces deux mots ? - Youniting\" \/>\n<meta property=\"og:description\" content=\"Engagement et sens : quel est le lien entre ces deux mots ? Plus jeune, j\u2019ai presque toujours r\u00e9sist\u00e9 au mot engagement. Plus d\u2019une fois, on me demandait de m\u2019engager sur quelque chose qui ne me faisait pas vibrer int\u00e9rieurement. Que c\u2019\u00e9tait dur. Quelles r\u00e9sistances int\u00e9rieures avais-je pour passer \u00e0 l\u2019action ! Et puis, relativement [&hellip;]\" \/>\n<meta property=\"og:url\" content=\"https:\/\/www.youniting.ch\/en\/engagement-et-sens-quel-est-le-lien-entre-ces-deux-mots\/\" \/>\n<meta property=\"og:site_name\" content=\"Youniting\" \/>\n<meta property=\"article:modified_time\" content=\"2022-01-25T07:35:01+00:00\" \/>\n<meta name=\"twitter:card\" content=\"summary_large_image\" \/>\n<meta name=\"twitter:label1\" content=\"Est. reading time\" \/>\n\t<meta name=\"twitter:data1\" content=\"2 minutes\" \/>\n<script type=\"application\/ld+json\" class=\"yoast-schema-graph\">{\"@context\":\"https:\/\/schema.org\",\"@graph\":[{\"@type\":\"WebPage\",\"@id\":\"https:\/\/www.youniting.ch\/engagement-et-sens-quel-est-le-lien-entre-ces-deux-mots\/\",\"url\":\"https:\/\/www.youniting.ch\/engagement-et-sens-quel-est-le-lien-entre-ces-deux-mots\/\",\"name\":\"Engagement et sens : quel est le lien entre ces deux mots ? - Youniting\",\"isPartOf\":{\"@id\":\"https:\/\/www.youniting.ch\/#website\"},\"datePublished\":\"2020-08-24T16:28:31+00:00\",\"dateModified\":\"2022-01-25T07:35:01+00:00\",\"breadcrumb\":{\"@id\":\"https:\/\/www.youniting.ch\/engagement-et-sens-quel-est-le-lien-entre-ces-deux-mots\/#breadcrumb\"},\"inLanguage\":\"en-US\",\"potentialAction\":[{\"@type\":\"ReadAction\",\"target\":[\"https:\/\/www.youniting.ch\/engagement-et-sens-quel-est-le-lien-entre-ces-deux-mots\/\"]}]},{\"@type\":\"BreadcrumbList\",\"@id\":\"https:\/\/www.youniting.ch\/engagement-et-sens-quel-est-le-lien-entre-ces-deux-mots\/#breadcrumb\",\"itemListElement\":[{\"@type\":\"ListItem\",\"position\":1,\"name\":\"Accueil\",\"item\":\"https:\/\/www.youniting.ch\/\"},{\"@type\":\"ListItem\",\"position\":2,\"name\":\"Engagement et sens : quel est le lien entre ces deux mots ?\"}]},{\"@type\":\"WebSite\",\"@id\":\"https:\/\/www.youniting.ch\/#website\",\"url\":\"https:\/\/www.youniting.ch\/\",\"name\":\"Youniting\",\"description\":\"l&#039;Art de vivre Youniting\",\"publisher\":{\"@id\":\"https:\/\/www.youniting.ch\/#organization\"},\"potentialAction\":[{\"@type\":\"SearchAction\",\"target\":{\"@type\":\"EntryPoint\",\"urlTemplate\":\"https:\/\/www.youniting.ch\/?s={search_term_string}\"},\"query-input\":{\"@type\":\"PropertyValueSpecification\",\"valueRequired\":true,\"valueName\":\"search_term_string\"}}],\"inLanguage\":\"en-US\"},{\"@type\":\"Organization\",\"@id\":\"https:\/\/www.youniting.ch\/#organization\",\"name\":\"Youniting\",\"url\":\"https:\/\/www.youniting.ch\/\",\"logo\":{\"@type\":\"ImageObject\",\"inLanguage\":\"en-US\",\"@id\":\"https:\/\/www.youniting.ch\/#\/schema\/logo\/image\/\",\"url\":\"https:\/\/www.youniting.ch\/wp-content\/uploads\/2020\/08\/logo-large.png\",\"contentUrl\":\"https:\/\/www.youniting.ch\/wp-content\/uploads\/2020\/08\/logo-large.png\",\"width\":1103,\"height\":446,\"caption\":\"Youniting\"},\"image\":{\"@id\":\"https:\/\/www.youniting.ch\/#\/schema\/logo\/image\/\"}}]}<\/script>\n<!-- \/ Yoast SEO plugin. -->","yoast_head_json":{"title":"Engagement et sens : quel est le lien entre ces deux mots ? - Youniting","robots":{"index":"index","follow":"follow","max-snippet":"max-snippet:-1","max-image-preview":"max-image-preview:large","max-video-preview":"max-video-preview:-1"},"canonical":"https:\/\/www.youniting.ch\/en\/engagement-et-sens-quel-est-le-lien-entre-ces-deux-mots\/","og_locale":"en_US","og_type":"article","og_title":"Engagement et sens : quel est le lien entre ces deux mots ? - Youniting","og_description":"Engagement et sens : quel est le lien entre ces deux mots ? Plus jeune, j\u2019ai presque toujours r\u00e9sist\u00e9 au mot engagement. Plus d\u2019une fois, on me demandait de m\u2019engager sur quelque chose qui ne me faisait pas vibrer int\u00e9rieurement. Que c\u2019\u00e9tait dur. Quelles r\u00e9sistances int\u00e9rieures avais-je pour passer \u00e0 l\u2019action ! Et puis, relativement [&hellip;]","og_url":"https:\/\/www.youniting.ch\/en\/engagement-et-sens-quel-est-le-lien-entre-ces-deux-mots\/","og_site_name":"Youniting","article_modified_time":"2022-01-25T07:35:01+00:00","twitter_card":"summary_large_image","twitter_misc":{"Est. reading time":"2 minutes"},"schema":{"@context":"https:\/\/schema.org","@graph":[{"@type":"WebPage","@id":"https:\/\/www.youniting.ch\/engagement-et-sens-quel-est-le-lien-entre-ces-deux-mots\/","url":"https:\/\/www.youniting.ch\/engagement-et-sens-quel-est-le-lien-entre-ces-deux-mots\/","name":"Engagement et sens : quel est le lien entre ces deux mots ? - Youniting","isPartOf":{"@id":"https:\/\/www.youniting.ch\/#website"},"datePublished":"2020-08-24T16:28:31+00:00","dateModified":"2022-01-25T07:35:01+00:00","breadcrumb":{"@id":"https:\/\/www.youniting.ch\/engagement-et-sens-quel-est-le-lien-entre-ces-deux-mots\/#breadcrumb"},"inLanguage":"en-US","potentialAction":[{"@type":"ReadAction","target":["https:\/\/www.youniting.ch\/engagement-et-sens-quel-est-le-lien-entre-ces-deux-mots\/"]}]},{"@type":"BreadcrumbList","@id":"https:\/\/www.youniting.ch\/engagement-et-sens-quel-est-le-lien-entre-ces-deux-mots\/#breadcrumb","itemListElement":[{"@type":"ListItem","position":1,"name":"Accueil","item":"https:\/\/www.youniting.ch\/"},{"@type":"ListItem","position":2,"name":"Engagement et sens : quel est le lien entre ces deux mots ?"}]},{"@type":"WebSite","@id":"https:\/\/www.youniting.ch\/#website","url":"https:\/\/www.youniting.ch\/","name":"Youniting","description":"l&#039;Art de vivre Youniting","publisher":{"@id":"https:\/\/www.youniting.ch\/#organization"},"potentialAction":[{"@type":"SearchAction","target":{"@type":"EntryPoint","urlTemplate":"https:\/\/www.youniting.ch\/?s={search_term_string}"},"query-input":{"@type":"PropertyValueSpecification","valueRequired":true,"valueName":"search_term_string"}}],"inLanguage":"en-US"},{"@type":"Organization","@id":"https:\/\/www.youniting.ch\/#organization","name":"Youniting","url":"https:\/\/www.youniting.ch\/","logo":{"@type":"ImageObject","inLanguage":"en-US","@id":"https:\/\/www.youniting.ch\/#\/schema\/logo\/image\/","url":"https:\/\/www.youniting.ch\/wp-content\/uploads\/2020\/08\/logo-large.png","contentUrl":"https:\/\/www.youniting.ch\/wp-content\/uploads\/2020\/08\/logo-large.png","width":1103,"height":446,"caption":"Youniting"},"image":{"@id":"https:\/\/www.youniting.ch\/#\/schema\/logo\/image\/"}}]}},"_links":{"self":[{"href":"https:\/\/www.youniting.ch\/en\/wp-json\/wp\/v2\/pages\/1150","targetHints":{"allow":["GET"]}}],"collection":[{"href":"https:\/\/www.youniting.ch\/en\/wp-json\/wp\/v2\/pages"}],"about":[{"href":"https:\/\/www.youniting.ch\/en\/wp-json\/wp\/v2\/types\/page"}],"author":[{"embeddable":true,"href":"https:\/\/www.youniting.ch\/en\/wp-json\/wp\/v2\/users\/1"}],"replies":[{"embeddable":true,"href":"https:\/\/www.youniting.ch\/en\/wp-json\/wp\/v2\/comments?post=1150"}],"version-history":[{"count":12,"href":"https:\/\/www.youniting.ch\/en\/wp-json\/wp\/v2\/pages\/1150\/revisions"}],"predecessor-version":[{"id":10753,"href":"https:\/\/www.youniting.ch\/en\/wp-json\/wp\/v2\/pages\/1150\/revisions\/10753"}],"wp:attachment":[{"href":"https:\/\/www.youniting.ch\/en\/wp-json\/wp\/v2\/media?parent=1150"}],"curies":[{"name":"wp","href":"https:\/\/api.w.org\/{rel}","templated":true}]}}