{"id":1123,"date":"2020-08-24T16:51:26","date_gmt":"2020-08-24T14:51:26","guid":{"rendered":"https:\/\/nicolasvonburg.com\/?page_id=1123"},"modified":"2022-01-25T08:25:11","modified_gmt":"2022-01-25T07:25:11","slug":"authenticite-et-integrite","status":"publish","type":"page","link":"https:\/\/www.youniting.ch\/en\/authenticite-et-integrite\/","title":{"rendered":"Authenticit\u00e9 et int\u00e9grit\u00e9"},"content":{"rendered":"\t\t<div data-elementor-type=\"wp-page\" data-elementor-id=\"1123\" class=\"elementor elementor-1123\" data-elementor-post-type=\"page\">\n\t\t\t\t\t\t<section class=\"elementor-section elementor-top-section elementor-element elementor-element-1491b873 elementor-section-height-min-height elementor-section-boxed elementor-section-height-default elementor-section-items-middle\" data-id=\"1491b873\" data-element_type=\"section\" data-e-type=\"section\" data-settings=\"{&quot;background_background&quot;:&quot;classic&quot;,&quot;jet_parallax_layout_list&quot;:[{&quot;jet_parallax_layout_image&quot;:{&quot;url&quot;:&quot;&quot;,&quot;id&quot;:&quot;&quot;,&quot;size&quot;:&quot;&quot;},&quot;_id&quot;:&quot;da035e0&quot;,&quot;jet_parallax_layout_image_tablet&quot;:{&quot;url&quot;:&quot;&quot;,&quot;id&quot;:&quot;&quot;,&quot;size&quot;:&quot;&quot;},&quot;jet_parallax_layout_image_mobile&quot;:{&quot;url&quot;:&quot;&quot;,&quot;id&quot;:&quot;&quot;,&quot;size&quot;:&quot;&quot;},&quot;jet_parallax_layout_speed&quot;:{&quot;unit&quot;:&quot;%&quot;,&quot;size&quot;:50,&quot;sizes&quot;:[]},&quot;jet_parallax_layout_type&quot;:&quot;scroll&quot;,&quot;jet_parallax_layout_direction&quot;:null,&quot;jet_parallax_layout_fx_direction&quot;:null,&quot;jet_parallax_layout_z_index&quot;:&quot;&quot;,&quot;jet_parallax_layout_bg_x&quot;:50,&quot;jet_parallax_layout_bg_x_tablet&quot;:&quot;&quot;,&quot;jet_parallax_layout_bg_x_mobile&quot;:&quot;&quot;,&quot;jet_parallax_layout_bg_y&quot;:50,&quot;jet_parallax_layout_bg_y_tablet&quot;:&quot;&quot;,&quot;jet_parallax_layout_bg_y_mobile&quot;:&quot;&quot;,&quot;jet_parallax_layout_bg_size&quot;:&quot;auto&quot;,&quot;jet_parallax_layout_bg_size_tablet&quot;:&quot;&quot;,&quot;jet_parallax_layout_bg_size_mobile&quot;:&quot;&quot;,&quot;jet_parallax_layout_animation_prop&quot;:&quot;transform&quot;,&quot;jet_parallax_layout_on&quot;:[&quot;desktop&quot;,&quot;tablet&quot;]}]}\">\n\t\t\t\t\t\t<div class=\"elementor-container elementor-column-gap-default\">\n\t\t\t\t\t<div class=\"elementor-column elementor-col-100 elementor-top-column elementor-element elementor-element-36af71f0\" data-id=\"36af71f0\" data-element_type=\"column\" data-e-type=\"column\">\n\t\t\t<div class=\"elementor-widget-wrap elementor-element-populated\">\n\t\t\t\t\t\t<div class=\"elementor-element elementor-element-17a1acce elementor-widget elementor-widget-heading\" data-id=\"17a1acce\" data-element_type=\"widget\" data-e-type=\"widget\" data-widget_type=\"heading.default\">\n\t\t\t\t<div class=\"elementor-widget-container\">\n\t\t\t\t\t<h2 class=\"elementor-heading-title elementor-size-default\">Authenticit\u00e9 et int\u00e9grit\u00e9<\/h2>\t\t\t\t<\/div>\n\t\t\t\t<\/div>\n\t\t\t\t\t<\/div>\n\t\t<\/div>\n\t\t\t\t\t<\/div>\n\t\t<\/section>\n\t\t\t\t<section class=\"elementor-section elementor-top-section elementor-element elementor-element-5821e6b6 elementor-section-boxed elementor-section-height-default elementor-section-height-default\" data-id=\"5821e6b6\" data-element_type=\"section\" data-e-type=\"section\" data-settings=\"{&quot;jet_parallax_layout_list&quot;:[{&quot;jet_parallax_layout_image&quot;:{&quot;url&quot;:&quot;&quot;,&quot;id&quot;:&quot;&quot;,&quot;size&quot;:&quot;&quot;},&quot;_id&quot;:&quot;5567056&quot;,&quot;jet_parallax_layout_image_tablet&quot;:{&quot;url&quot;:&quot;&quot;,&quot;id&quot;:&quot;&quot;,&quot;size&quot;:&quot;&quot;},&quot;jet_parallax_layout_image_mobile&quot;:{&quot;url&quot;:&quot;&quot;,&quot;id&quot;:&quot;&quot;,&quot;size&quot;:&quot;&quot;},&quot;jet_parallax_layout_speed&quot;:{&quot;unit&quot;:&quot;%&quot;,&quot;size&quot;:50,&quot;sizes&quot;:[]},&quot;jet_parallax_layout_type&quot;:&quot;scroll&quot;,&quot;jet_parallax_layout_direction&quot;:null,&quot;jet_parallax_layout_fx_direction&quot;:null,&quot;jet_parallax_layout_z_index&quot;:&quot;&quot;,&quot;jet_parallax_layout_bg_x&quot;:50,&quot;jet_parallax_layout_bg_x_tablet&quot;:&quot;&quot;,&quot;jet_parallax_layout_bg_x_mobile&quot;:&quot;&quot;,&quot;jet_parallax_layout_bg_y&quot;:50,&quot;jet_parallax_layout_bg_y_tablet&quot;:&quot;&quot;,&quot;jet_parallax_layout_bg_y_mobile&quot;:&quot;&quot;,&quot;jet_parallax_layout_bg_size&quot;:&quot;auto&quot;,&quot;jet_parallax_layout_bg_size_tablet&quot;:&quot;&quot;,&quot;jet_parallax_layout_bg_size_mobile&quot;:&quot;&quot;,&quot;jet_parallax_layout_animation_prop&quot;:&quot;transform&quot;,&quot;jet_parallax_layout_on&quot;:[&quot;desktop&quot;,&quot;tablet&quot;]}]}\">\n\t\t\t\t\t\t<div class=\"elementor-container elementor-column-gap-default\">\n\t\t\t\t\t<div class=\"elementor-column elementor-col-100 elementor-top-column elementor-element elementor-element-425b73e4\" data-id=\"425b73e4\" data-element_type=\"column\" data-e-type=\"column\">\n\t\t\t<div class=\"elementor-widget-wrap elementor-element-populated\">\n\t\t\t\t\t\t<div class=\"elementor-element elementor-element-6cf3d77a elementor-widget elementor-widget-text-editor\" data-id=\"6cf3d77a\" data-element_type=\"widget\" data-e-type=\"widget\" data-widget_type=\"text-editor.default\">\n\t\t\t\t<div class=\"elementor-widget-container\">\n\t\t\t\t\t\t\t\t\t<p>Installez-vous confortablement et sans vous presser, r\u00e9pondez par \u00e9crit \u00e0 ces quelques questions. <br \/>Certainement que vos r\u00e9ponses vous \u00e9claireront sur le chemin qui est devant vous.\u00a0<\/p>\t\t\t\t\t\t\t\t<\/div>\n\t\t\t\t<\/div>\n\t\t\t\t\t<\/div>\n\t\t<\/div>\n\t\t\t\t\t<\/div>\n\t\t<\/section>\n\t\t\t\t<section class=\"elementor-section elementor-top-section elementor-element elementor-element-613de6ff elementor-section-boxed elementor-section-height-default elementor-section-height-default\" data-id=\"613de6ff\" data-element_type=\"section\" data-e-type=\"section\" data-settings=\"{&quot;jet_parallax_layout_list&quot;:[{&quot;jet_parallax_layout_image&quot;:{&quot;url&quot;:&quot;&quot;,&quot;id&quot;:&quot;&quot;,&quot;size&quot;:&quot;&quot;},&quot;_id&quot;:&quot;84466b8&quot;,&quot;jet_parallax_layout_image_tablet&quot;:{&quot;url&quot;:&quot;&quot;,&quot;id&quot;:&quot;&quot;,&quot;size&quot;:&quot;&quot;},&quot;jet_parallax_layout_image_mobile&quot;:{&quot;url&quot;:&quot;&quot;,&quot;id&quot;:&quot;&quot;,&quot;size&quot;:&quot;&quot;},&quot;jet_parallax_layout_speed&quot;:{&quot;unit&quot;:&quot;%&quot;,&quot;size&quot;:50,&quot;sizes&quot;:[]},&quot;jet_parallax_layout_type&quot;:&quot;scroll&quot;,&quot;jet_parallax_layout_direction&quot;:null,&quot;jet_parallax_layout_fx_direction&quot;:null,&quot;jet_parallax_layout_z_index&quot;:&quot;&quot;,&quot;jet_parallax_layout_bg_x&quot;:50,&quot;jet_parallax_layout_bg_x_tablet&quot;:&quot;&quot;,&quot;jet_parallax_layout_bg_x_mobile&quot;:&quot;&quot;,&quot;jet_parallax_layout_bg_y&quot;:50,&quot;jet_parallax_layout_bg_y_tablet&quot;:&quot;&quot;,&quot;jet_parallax_layout_bg_y_mobile&quot;:&quot;&quot;,&quot;jet_parallax_layout_bg_size&quot;:&quot;auto&quot;,&quot;jet_parallax_layout_bg_size_tablet&quot;:&quot;&quot;,&quot;jet_parallax_layout_bg_size_mobile&quot;:&quot;&quot;,&quot;jet_parallax_layout_animation_prop&quot;:&quot;transform&quot;,&quot;jet_parallax_layout_on&quot;:[&quot;desktop&quot;,&quot;tablet&quot;]}]}\">\n\t\t\t\t\t\t<div class=\"elementor-container elementor-column-gap-default\">\n\t\t\t\t\t<div class=\"elementor-column elementor-col-100 elementor-top-column elementor-element elementor-element-13ae7627\" data-id=\"13ae7627\" data-element_type=\"column\" data-e-type=\"column\">\n\t\t\t<div class=\"elementor-widget-wrap elementor-element-populated\">\n\t\t\t\t\t\t<div class=\"elementor-element elementor-element-6db796b2 elementor-widget elementor-widget-text-editor\" data-id=\"6db796b2\" data-element_type=\"widget\" data-e-type=\"widget\" data-widget_type=\"text-editor.default\">\n\t\t\t\t<div class=\"elementor-widget-container\">\n\t\t\t\t\t\t\t\t\t<ul><li style=\"text-align: left;\">Quels sont les domaines (relations, carri\u00e8re, sant\u00e9, vie int\u00e9rieure) o\u00f9 j&rsquo;ai \u00e9vit\u00e9 quelque chose ?<br \/><br \/><\/li><li>Quels sont les domaines dans lesquels je n&rsquo;ai pas \u00e9t\u00e9 totalement vivant, o\u00f9 je ne me suis pas totalement exprim\u00e9 ?<br \/><br \/><\/li><li>Pourquoi ai-je \u00e9vit\u00e9 de dire la v\u00e9rit\u00e9 ou ai-je fuit l&rsquo;affrontement (dans les domaines cit\u00e9s ci-dessus) ?<br \/><br \/><\/li><li>Quels sont les domaines de ma vie o\u00f9 je me suis cramponn\u00e9 \u00e0 la s\u00e9curit\u00e9, o\u00f9 j&rsquo;ai \u00e9touff\u00e9 ma passion et ma vitalit\u00e9 ?<br \/><br \/><\/li><li>Qu&rsquo;est-ce que je n&rsquo;ai pas commenc\u00e9 et que je veux entamer ?<br \/><br \/><\/li><li>Qu&rsquo;est-ce que je veux changer et n&rsquo;ai pas encore chang\u00e9 ?<br \/><br \/><\/li><li>Qu&rsquo;est-ce que veux arr\u00eater et n&rsquo;ai pas encore arr\u00eat\u00e9 ?<br \/><br \/><\/li><li style=\"text-align: left;\">Qu&rsquo;est-ce que j&rsquo;ai entam\u00e9 et que je veux terminer ?<br \/><br \/><\/li><li>Qu&rsquo;est-ce que je veux avoir et n&rsquo;ai pas encore ?<br \/><br \/><\/li><li>Qu&rsquo;est-ce que je veux faire et n&rsquo;ai pas encore fait ?<\/li><\/ul>\t\t\t\t\t\t\t\t<\/div>\n\t\t\t\t<\/div>\n\t\t\t\t<div class=\"elementor-element elementor-element-4b9c91f elementor-widget elementor-widget-text-editor\" data-id=\"4b9c91f\" data-element_type=\"widget\" data-e-type=\"widget\" data-widget_type=\"text-editor.default\">\n\t\t\t\t<div class=\"elementor-widget-container\">\n\t\t\t\t\t\t\t\t\t<div><p class=\"Textenormal\">\u00ab Profond\u00e9ment \u00e0 l\u2019int\u00e9rieur, notre int\u00e9grit\u00e9 chante pour nous afin que nous puissions \u00eatre \u00e0 l\u2019\u00e9coute. C\u2019est une note que nous pouvons entendre. Et finalement, quand la vie nous rend disponible \u00e0 cette \u00e9coute, cela nous aide \u00e0 trouver le chemin de la maison. \u00bb<\/p><\/div><p style=\"text-align: right;\">Rachel Naomi Remen<\/p>\t\t\t\t\t\t\t\t<\/div>\n\t\t\t\t<\/div>\n\t\t\t\t\t<\/div>\n\t\t<\/div>\n\t\t\t\t\t<\/div>\n\t\t<\/section>\n\t\t\t\t<section class=\"elementor-section elementor-top-section elementor-element elementor-element-60474ebd elementor-section-boxed elementor-section-height-default elementor-section-height-default\" data-id=\"60474ebd\" data-element_type=\"section\" data-e-type=\"section\" data-settings=\"{&quot;jet_parallax_layout_list&quot;:[{&quot;jet_parallax_layout_image&quot;:{&quot;url&quot;:&quot;&quot;,&quot;id&quot;:&quot;&quot;,&quot;size&quot;:&quot;&quot;},&quot;_id&quot;:&quot;205eab6&quot;,&quot;jet_parallax_layout_image_tablet&quot;:{&quot;url&quot;:&quot;&quot;,&quot;id&quot;:&quot;&quot;,&quot;size&quot;:&quot;&quot;},&quot;jet_parallax_layout_image_mobile&quot;:{&quot;url&quot;:&quot;&quot;,&quot;id&quot;:&quot;&quot;,&quot;size&quot;:&quot;&quot;},&quot;jet_parallax_layout_speed&quot;:{&quot;unit&quot;:&quot;%&quot;,&quot;size&quot;:50,&quot;sizes&quot;:[]},&quot;jet_parallax_layout_type&quot;:&quot;scroll&quot;,&quot;jet_parallax_layout_direction&quot;:null,&quot;jet_parallax_layout_fx_direction&quot;:null,&quot;jet_parallax_layout_z_index&quot;:&quot;&quot;,&quot;jet_parallax_layout_bg_x&quot;:50,&quot;jet_parallax_layout_bg_x_tablet&quot;:&quot;&quot;,&quot;jet_parallax_layout_bg_x_mobile&quot;:&quot;&quot;,&quot;jet_parallax_layout_bg_y&quot;:50,&quot;jet_parallax_layout_bg_y_tablet&quot;:&quot;&quot;,&quot;jet_parallax_layout_bg_y_mobile&quot;:&quot;&quot;,&quot;jet_parallax_layout_bg_size&quot;:&quot;auto&quot;,&quot;jet_parallax_layout_bg_size_tablet&quot;:&quot;&quot;,&quot;jet_parallax_layout_bg_size_mobile&quot;:&quot;&quot;,&quot;jet_parallax_layout_animation_prop&quot;:&quot;transform&quot;,&quot;jet_parallax_layout_on&quot;:[&quot;desktop&quot;,&quot;tablet&quot;]}]}\">\n\t\t\t\t\t\t<div class=\"elementor-container elementor-column-gap-default\">\n\t\t\t\t\t<div class=\"elementor-column elementor-col-100 elementor-top-column elementor-element elementor-element-3f4124ce\" data-id=\"3f4124ce\" data-element_type=\"column\" data-e-type=\"column\">\n\t\t\t<div class=\"elementor-widget-wrap elementor-element-populated\">\n\t\t\t\t\t\t<div class=\"elementor-element elementor-element-5641873b elementor-align-center elementor-widget elementor-widget-button\" data-id=\"5641873b\" data-element_type=\"widget\" data-e-type=\"widget\" data-widget_type=\"button.default\">\n\t\t\t\t<div class=\"elementor-widget-container\">\n\t\t\t\t\t\t\t\t\t<div class=\"elementor-button-wrapper\">\n\t\t\t\t\t<a class=\"elementor-button elementor-button-link elementor-size-sm\" href=\"https:\/\/www.youniting.ch\/discuter-avec-nicolas\/\">\n\t\t\t\t\t\t<span class=\"elementor-button-content-wrapper\">\n\t\t\t\t\t\t\t\t\t<span class=\"elementor-button-text\">Discuter avec Nicolas<\/span>\n\t\t\t\t\t<\/span>\n\t\t\t\t\t<\/a>\n\t\t\t\t<\/div>\n\t\t\t\t\t\t\t\t<\/div>\n\t\t\t\t<\/div>\n\t\t\t\t\t<\/div>\n\t\t<\/div>\n\t\t\t\t\t<\/div>\n\t\t<\/section>\n\t\t\t\t<\/div>\n\t\t","protected":false},"excerpt":{"rendered":"<p>Authenticit\u00e9 et int\u00e9grit\u00e9 Installez-vous confortablement et sans vous presser, r\u00e9pondez par \u00e9crit \u00e0 ces quelques questions. Certainement que vos r\u00e9ponses vous \u00e9claireront sur le chemin qui est devant vous.\u00a0 Quels sont les domaines (relations, carri\u00e8re, sant\u00e9, vie int\u00e9rieure) o\u00f9 j&rsquo;ai \u00e9vit\u00e9 quelque chose ? Quels sont les domaines dans lesquels je n&rsquo;ai pas \u00e9t\u00e9 totalement [&hellip;]<\/p>\n","protected":false},"author":1,"featured_media":0,"parent":0,"menu_order":0,"comment_status":"closed","ping_status":"closed","template":"template\/homepage-template.php","meta":{"footnotes":""},"class_list":["post-1123","page","type-page","status-publish","hentry"],"yoast_head":"<!-- This site is optimized with the Yoast SEO plugin v27.1.1 - https:\/\/yoast.com\/product\/yoast-seo-wordpress\/ -->\n<title>Authenticit\u00e9 et int\u00e9grit\u00e9 - Youniting<\/title>\n<meta name=\"robots\" content=\"index, follow, max-snippet:-1, max-image-preview:large, max-video-preview:-1\" \/>\n<link rel=\"canonical\" href=\"https:\/\/www.youniting.ch\/en\/authenticite-et-integrite\/\" \/>\n<meta property=\"og:locale\" content=\"en_US\" \/>\n<meta property=\"og:type\" content=\"article\" \/>\n<meta property=\"og:title\" content=\"Authenticit\u00e9 et int\u00e9grit\u00e9 - Youniting\" \/>\n<meta property=\"og:description\" content=\"Authenticit\u00e9 et int\u00e9grit\u00e9 Installez-vous confortablement et sans vous presser, r\u00e9pondez par \u00e9crit \u00e0 ces quelques questions. Certainement que vos r\u00e9ponses vous \u00e9claireront sur le chemin qui est devant vous.\u00a0 Quels sont les domaines (relations, carri\u00e8re, sant\u00e9, vie int\u00e9rieure) o\u00f9 j&rsquo;ai \u00e9vit\u00e9 quelque chose ? Quels sont les domaines dans lesquels je n&rsquo;ai pas \u00e9t\u00e9 totalement [&hellip;]\" \/>\n<meta property=\"og:url\" content=\"https:\/\/www.youniting.ch\/en\/authenticite-et-integrite\/\" \/>\n<meta property=\"og:site_name\" content=\"Youniting\" \/>\n<meta property=\"article:modified_time\" content=\"2022-01-25T07:25:11+00:00\" \/>\n<meta name=\"twitter:card\" content=\"summary_large_image\" \/>\n<meta name=\"twitter:label1\" content=\"Est. reading time\" \/>\n\t<meta name=\"twitter:data1\" content=\"2 minutes\" \/>\n<script type=\"application\/ld+json\" class=\"yoast-schema-graph\">{\"@context\":\"https:\/\/schema.org\",\"@graph\":[{\"@type\":\"WebPage\",\"@id\":\"https:\/\/www.youniting.ch\/authenticite-et-integrite\/\",\"url\":\"https:\/\/www.youniting.ch\/authenticite-et-integrite\/\",\"name\":\"Authenticit\u00e9 et int\u00e9grit\u00e9 - Youniting\",\"isPartOf\":{\"@id\":\"https:\/\/www.youniting.ch\/#website\"},\"datePublished\":\"2020-08-24T14:51:26+00:00\",\"dateModified\":\"2022-01-25T07:25:11+00:00\",\"breadcrumb\":{\"@id\":\"https:\/\/www.youniting.ch\/authenticite-et-integrite\/#breadcrumb\"},\"inLanguage\":\"en-US\",\"potentialAction\":[{\"@type\":\"ReadAction\",\"target\":[\"https:\/\/www.youniting.ch\/authenticite-et-integrite\/\"]}]},{\"@type\":\"BreadcrumbList\",\"@id\":\"https:\/\/www.youniting.ch\/authenticite-et-integrite\/#breadcrumb\",\"itemListElement\":[{\"@type\":\"ListItem\",\"position\":1,\"name\":\"Accueil\",\"item\":\"https:\/\/www.youniting.ch\/\"},{\"@type\":\"ListItem\",\"position\":2,\"name\":\"Authenticit\u00e9 et int\u00e9grit\u00e9\"}]},{\"@type\":\"WebSite\",\"@id\":\"https:\/\/www.youniting.ch\/#website\",\"url\":\"https:\/\/www.youniting.ch\/\",\"name\":\"Youniting\",\"description\":\"l&#039;Art de vivre Youniting\",\"publisher\":{\"@id\":\"https:\/\/www.youniting.ch\/#organization\"},\"potentialAction\":[{\"@type\":\"SearchAction\",\"target\":{\"@type\":\"EntryPoint\",\"urlTemplate\":\"https:\/\/www.youniting.ch\/?s={search_term_string}\"},\"query-input\":{\"@type\":\"PropertyValueSpecification\",\"valueRequired\":true,\"valueName\":\"search_term_string\"}}],\"inLanguage\":\"en-US\"},{\"@type\":\"Organization\",\"@id\":\"https:\/\/www.youniting.ch\/#organization\",\"name\":\"Youniting\",\"url\":\"https:\/\/www.youniting.ch\/\",\"logo\":{\"@type\":\"ImageObject\",\"inLanguage\":\"en-US\",\"@id\":\"https:\/\/www.youniting.ch\/#\/schema\/logo\/image\/\",\"url\":\"https:\/\/www.youniting.ch\/wp-content\/uploads\/2020\/08\/logo-large.png\",\"contentUrl\":\"https:\/\/www.youniting.ch\/wp-content\/uploads\/2020\/08\/logo-large.png\",\"width\":1103,\"height\":446,\"caption\":\"Youniting\"},\"image\":{\"@id\":\"https:\/\/www.youniting.ch\/#\/schema\/logo\/image\/\"}}]}<\/script>\n<!-- \/ Yoast SEO plugin. -->","yoast_head_json":{"title":"Authenticit\u00e9 et int\u00e9grit\u00e9 - Youniting","robots":{"index":"index","follow":"follow","max-snippet":"max-snippet:-1","max-image-preview":"max-image-preview:large","max-video-preview":"max-video-preview:-1"},"canonical":"https:\/\/www.youniting.ch\/en\/authenticite-et-integrite\/","og_locale":"en_US","og_type":"article","og_title":"Authenticit\u00e9 et int\u00e9grit\u00e9 - Youniting","og_description":"Authenticit\u00e9 et int\u00e9grit\u00e9 Installez-vous confortablement et sans vous presser, r\u00e9pondez par \u00e9crit \u00e0 ces quelques questions. Certainement que vos r\u00e9ponses vous \u00e9claireront sur le chemin qui est devant vous.\u00a0 Quels sont les domaines (relations, carri\u00e8re, sant\u00e9, vie int\u00e9rieure) o\u00f9 j&rsquo;ai \u00e9vit\u00e9 quelque chose ? Quels sont les domaines dans lesquels je n&rsquo;ai pas \u00e9t\u00e9 totalement [&hellip;]","og_url":"https:\/\/www.youniting.ch\/en\/authenticite-et-integrite\/","og_site_name":"Youniting","article_modified_time":"2022-01-25T07:25:11+00:00","twitter_card":"summary_large_image","twitter_misc":{"Est. reading time":"2 minutes"},"schema":{"@context":"https:\/\/schema.org","@graph":[{"@type":"WebPage","@id":"https:\/\/www.youniting.ch\/authenticite-et-integrite\/","url":"https:\/\/www.youniting.ch\/authenticite-et-integrite\/","name":"Authenticit\u00e9 et int\u00e9grit\u00e9 - Youniting","isPartOf":{"@id":"https:\/\/www.youniting.ch\/#website"},"datePublished":"2020-08-24T14:51:26+00:00","dateModified":"2022-01-25T07:25:11+00:00","breadcrumb":{"@id":"https:\/\/www.youniting.ch\/authenticite-et-integrite\/#breadcrumb"},"inLanguage":"en-US","potentialAction":[{"@type":"ReadAction","target":["https:\/\/www.youniting.ch\/authenticite-et-integrite\/"]}]},{"@type":"BreadcrumbList","@id":"https:\/\/www.youniting.ch\/authenticite-et-integrite\/#breadcrumb","itemListElement":[{"@type":"ListItem","position":1,"name":"Accueil","item":"https:\/\/www.youniting.ch\/"},{"@type":"ListItem","position":2,"name":"Authenticit\u00e9 et int\u00e9grit\u00e9"}]},{"@type":"WebSite","@id":"https:\/\/www.youniting.ch\/#website","url":"https:\/\/www.youniting.ch\/","name":"Youniting","description":"l&#039;Art de vivre Youniting","publisher":{"@id":"https:\/\/www.youniting.ch\/#organization"},"potentialAction":[{"@type":"SearchAction","target":{"@type":"EntryPoint","urlTemplate":"https:\/\/www.youniting.ch\/?s={search_term_string}"},"query-input":{"@type":"PropertyValueSpecification","valueRequired":true,"valueName":"search_term_string"}}],"inLanguage":"en-US"},{"@type":"Organization","@id":"https:\/\/www.youniting.ch\/#organization","name":"Youniting","url":"https:\/\/www.youniting.ch\/","logo":{"@type":"ImageObject","inLanguage":"en-US","@id":"https:\/\/www.youniting.ch\/#\/schema\/logo\/image\/","url":"https:\/\/www.youniting.ch\/wp-content\/uploads\/2020\/08\/logo-large.png","contentUrl":"https:\/\/www.youniting.ch\/wp-content\/uploads\/2020\/08\/logo-large.png","width":1103,"height":446,"caption":"Youniting"},"image":{"@id":"https:\/\/www.youniting.ch\/#\/schema\/logo\/image\/"}}]}},"_links":{"self":[{"href":"https:\/\/www.youniting.ch\/en\/wp-json\/wp\/v2\/pages\/1123","targetHints":{"allow":["GET"]}}],"collection":[{"href":"https:\/\/www.youniting.ch\/en\/wp-json\/wp\/v2\/pages"}],"about":[{"href":"https:\/\/www.youniting.ch\/en\/wp-json\/wp\/v2\/types\/page"}],"author":[{"embeddable":true,"href":"https:\/\/www.youniting.ch\/en\/wp-json\/wp\/v2\/users\/1"}],"replies":[{"embeddable":true,"href":"https:\/\/www.youniting.ch\/en\/wp-json\/wp\/v2\/comments?post=1123"}],"version-history":[{"count":18,"href":"https:\/\/www.youniting.ch\/en\/wp-json\/wp\/v2\/pages\/1123\/revisions"}],"predecessor-version":[{"id":10735,"href":"https:\/\/www.youniting.ch\/en\/wp-json\/wp\/v2\/pages\/1123\/revisions\/10735"}],"wp:attachment":[{"href":"https:\/\/www.youniting.ch\/en\/wp-json\/wp\/v2\/media?parent=1123"}],"curies":[{"name":"wp","href":"https:\/\/api.w.org\/{rel}","templated":true}]}}